{"id":11640,"date":"2023-02-10T09:54:51","date_gmt":"2023-02-10T14:54:51","guid":{"rendered":"https:\/\/parcoctopus.com\/?page_id=11640"},"modified":"2026-03-11T12:33:23","modified_gmt":"2026-03-11T16:33:23","slug":"location-dequipement-nautique","status":"publish","type":"page","link":"https:\/\/parcoctopus.com\/de\/location-dequipement-nautique\/","title":{"rendered":"Location d&rsquo;\u00e9quipement"},"content":{"rendered":"\n<section id=\"surf-electrique\" class=\"block block-image-side block--light block-image-side--mode-grid block--side-right block--size-6\"  >\n                <div class=\"block__inner\">\n            <div class=\"grid grid--medium-gutters \">\n                    <div class=\"row row--sm-top\">\n                    <div class=\"col col--xl-6 col--xs-12 col--img col--img--image\">\n                        <div class=\"image image--photo image--right image--full  wow slideInRight\" >\n                                                                    <iframe loading=\"lazy\" width=\"1320\" height=\"742\" src=\"https:\/\/www.youtube.com\/embed\/wLNaJGSj4QE?rel=0&amp;showinfo=0\" frameborder=\"0\" allow=\"autoplay; encrypted-media\" allowfullscreen><\/iframe>\n                                                                                        <\/div>\n                        <\/div>\n                    <div class=\"col col--xl-6 col--xs-12 col--info\">\n                        <div class=\"info\">\n                                                            <h2>Surf \u00e9lectrique<\/h2>\n                                                        \t\t\t\t\t\t\t\t<p>Con\u00e7ue pour la famille, elle offre une exp\u00e9rience stable et intuitive, accessible \u00e0 tous. Que ce soit pour s\u2019amuser entre amis ou initier les plus jeunes, elle garantit des moments inoubliables sur l\u2019eau.<\/p>\n                            \n                            <div class=\"lien\">\n                                                        <\/div>\n\n                        <\/div>\n                    <\/div>\n                <\/div>\n            <\/div>\n        <\/div>\n    \n<\/section>\n\n\n\n<section  class=\"block block-slideshow block--fix block--light block--indented block--limit10\"  >\n    <div class=\"block__inner\">\n        \n        <div class=\"slider--autoplay slick\" data-slidesToShow=\"3\">\n                            <div class=\"block-slider__slide\">\n\n                <div class=\"block-slider__slide__image\" role=\"img\" aria-label=\"\" style=\"background-image: url('https:\/\/parcoctopus.com\/app\/uploads\/2024\/10\/esurf1.webp')\">\n                                    <\/div>\n\n                \n            <\/div>\n                                <div class=\"block-slider__slide\">\n\n                <div class=\"block-slider__slide__image\" role=\"img\" aria-label=\"\" style=\"background-image: url('https:\/\/parcoctopus.com\/app\/uploads\/2021\/11\/jeu4.jpg')\">\n                                    <\/div>\n\n                \n            <\/div>\n                                <div class=\"block-slider__slide\">\n\n                <div class=\"block-slider__slide__image\" role=\"img\" aria-label=\"\" style=\"background-image: url('https:\/\/parcoctopus.com\/app\/uploads\/2021\/11\/lac.jpg')\">\n                                    <\/div>\n\n                \n            <\/div>\n                                <div class=\"block-slider__slide\">\n\n                <div class=\"block-slider__slide__image\" role=\"img\" aria-label=\"\" style=\"background-image: url('https:\/\/parcoctopus.com\/app\/uploads\/2021\/11\/kayak.jpg')\">\n                                    <\/div>\n\n                \n            <\/div>\n                                <div class=\"block-slider__slide\">\n\n                <div class=\"block-slider__slide__image\" role=\"img\" aria-label=\"\" style=\"background-image: url('https:\/\/parcoctopus.com\/app\/uploads\/2024\/10\/paddle1.jpg')\">\n                                    <\/div>\n\n                \n            <\/div>\n                                <div class=\"block-slider__slide\">\n\n                <div class=\"block-slider__slide__image\" role=\"img\" aria-label=\"\" style=\"background-image: url('https:\/\/parcoctopus.com\/app\/uploads\/2024\/10\/paddleboard-scaled.jpg')\">\n                                    <\/div>\n\n                \n            <\/div>\n                            <\/div>\n    <\/div>\n<\/section>\n\n\n\n<section  class=\"block block-columns block--fix block--light block--limit10 block--margin-\"  >\n    <div class=\"block__inner\">\n        <div class=\"grid \">\n\t                    <div class=\"row  row--all-text\">\n                \n                                            <div class=\"col col--xl-6  col--text\">\n                                                        <h2><span style=\"color: #ffb926;\">HORAIRE location \u00e9quipement<\/span><\/h2>\n<ul>\n<li style=\"list-style-type: none;\">\n<ul>\n<li><strong>20 Juin au 15 septembre 2026<\/strong><\/li>\n<li>10:30 hrs \u00e0 16 hrs tous les jours<\/li>\n<\/ul>\n<\/li>\n<\/ul>\n<p>*Pr\u00e9sentez- vous \u00e0 l&rsquo;accueil pour la disponibilit\u00e9<\/p>\n                        <\/div>\n\n\n                                    \n                                            <div class=\"col col--xl-6  col--text\">\n                                                        <h2><span style=\"color: #ffb926;\">Tarifs<\/span><\/h2>\n<ul>\n<li>Planche \u00e0 pagaie et Kayak <strong> | 25$ \/ bloc de 2 heures<\/strong><\/li>\n<li>Planche \u00e0 pagaie g\u00e9ante (8 personnes)<strong> | 50$ \/ bloc de 2 heures<\/strong><\/li>\n<li>Surf \u00e9lectrique\u00a0 <strong>40$ \/ bloc de 30 minutes<\/strong>\u00a0\u00a0<strong>| 90$ \/ bloc de 1.5 heures<\/strong><\/li>\n<li>V\u00e9lo (casque inclus) <strong>| 25$\/ demi journ\u00e9e<\/strong><\/li>\n<li>Casier\u00a0<strong>| 8$\/ journ\u00e9e<\/strong><\/li>\n<li>Combinaison en n\u00e9opr\u00e8ne <strong>| 10$\/ journ\u00e9e<\/strong><\/li>\n<\/ul>\n<p>*Tps\/Tvq non incluses<\/p>\n<p>Paiement visa, mastercard, d\u00e9bit, argent comptant sont accept\u00e9s<\/p>\n                        <\/div>\n\n\n                                                <\/div>\n        <\/div>\n    <\/div>\n<\/section>\n\n\n<section  class=\"block block-image block--light\"  >\n                    <div class=\"block__bg\">\n                \n                <div class=\"block__bg__img\" style=\"background-image:url(https:\/\/parcoctopus.com\/app\/uploads\/2021\/04\/30121_Target_001_couleur.jpg);\"><\/div>\n            <\/div>                <div class=\"block__inner\">\n                    <div class=\"grid\">\n                        <div class=\"row\">\n                            <div class=\"col\">\n                            <\/div>\n                        <\/div>\n                    <\/div>\n                <\/div>\n            <\/section>\n\n\n","protected":false},"excerpt":{"rendered":"","protected":false},"author":2,"featured_media":0,"parent":0,"menu_order":0,"comment_status":"closed","ping_status":"closed","template":"","meta":{"_acf_changed":false,"footnotes":""},"class_list":["post-11640","page","type-page","status-publish","hentry"],"acf":[],"yoast_head":"<!-- This site is optimized with the Yoast SEO plugin v27.0 - https:\/\/yoast.com\/product\/yoast-seo-wordpress\/ -->\n<title>Location d&#039;\u00e9quipement - Parc Octopus<\/title>\n<meta name=\"description\" content=\"Parc Octopus offre une vari\u00e9t\u00e9 de location d&#039;\u00e9quipement nautique, paddleboard, kayak, planche \u00e0 pagaie g\u00e9ante, consultez les tarifs\" \/>\n<meta name=\"robots\" content=\"index, follow, max-snippet:-1, max-image-preview:large, max-video-preview:-1\" \/>\n<link rel=\"canonical\" href=\"https:\/\/parcoctopus.com\/\/location-dequipement-nautique\/\" \/>\n<meta property=\"og:locale\" content=\"fr_FR\" \/>\n<meta property=\"og:type\" content=\"article\" \/>\n<meta property=\"og:title\" content=\"Location d&#039;\u00e9quipement - Parc Octopus\" \/>\n<meta property=\"og:description\" content=\"Parc Octopus offre une vari\u00e9t\u00e9 de location d&#039;\u00e9quipement nautique, paddleboard, kayak, planche \u00e0 pagaie g\u00e9ante, consultez les tarifs\" \/>\n<meta property=\"og:url\" content=\"https:\/\/parcoctopus.com\/\/location-dequipement-nautique\/\" \/>\n<meta property=\"og:site_name\" content=\"Parc Octopus\" \/>\n<meta property=\"article:modified_time\" content=\"2026-03-11T16:33:23+00:00\" \/>\n<meta property=\"og:image\" content=\"https:\/\/parcoctopus.com\/app\/uploads\/2021\/05\/opengraphnew.jpg\" \/>\n\t<meta property=\"og:image:width\" content=\"1200\" \/>\n\t<meta property=\"og:image:height\" content=\"630\" \/>\n\t<meta property=\"og:image:type\" content=\"image\/jpeg\" \/>\n<meta name=\"twitter:card\" content=\"summary_large_image\" \/>\n<!-- \/ Yoast SEO plugin. -->","yoast_head_json":{"title":"Location d'\u00e9quipement - Parc Octopus","description":"Parc Octopus offre une vari\u00e9t\u00e9 de location d'\u00e9quipement nautique, paddleboard, kayak, planche \u00e0 pagaie g\u00e9ante, consultez les tarifs","robots":{"index":"index","follow":"follow","max-snippet":"max-snippet:-1","max-image-preview":"max-image-preview:large","max-video-preview":"max-video-preview:-1"},"canonical":"https:\/\/parcoctopus.com\/\/location-dequipement-nautique\/","og_locale":"fr_FR","og_type":"article","og_title":"Location d'\u00e9quipement - Parc Octopus","og_description":"Parc Octopus offre une vari\u00e9t\u00e9 de location d'\u00e9quipement nautique, paddleboard, kayak, planche \u00e0 pagaie g\u00e9ante, consultez les tarifs","og_url":"https:\/\/parcoctopus.com\/\/location-dequipement-nautique\/","og_site_name":"Parc Octopus","article_modified_time":"2026-03-11T16:33:23+00:00","og_image":[{"width":1200,"height":630,"url":"https:\/\/parcoctopus.com\/app\/uploads\/2021\/05\/opengraphnew.jpg","type":"image\/jpeg"}],"twitter_card":"summary_large_image","schema":{"@context":"https:\/\/schema.org","@graph":[{"@type":"WebPage","@id":"https:\/\/parcoctopus.com\/\/location-dequipement-nautique\/","url":"https:\/\/parcoctopus.com\/\/location-dequipement-nautique\/","name":"Location d'\u00e9quipement - Parc Octopus","isPartOf":{"@id":"https:\/\/parcoctopus.com\/#website"},"datePublished":"2023-02-10T14:54:51+00:00","dateModified":"2026-03-11T16:33:23+00:00","description":"Parc Octopus offre une vari\u00e9t\u00e9 de location d'\u00e9quipement nautique, paddleboard, kayak, planche \u00e0 pagaie g\u00e9ante, consultez les tarifs","inLanguage":"fr-FR","potentialAction":[{"@type":"ReadAction","target":["https:\/\/parcoctopus.com\/\/location-dequipement-nautique\/"]}]},{"@type":"WebSite","@id":"https:\/\/parcoctopus.com\/#website","url":"https:\/\/parcoctopus.com\/","name":"Parc Octopus","description":"H\u00e9bergement, camping, parc aquatique","potentialAction":[{"@type":"SearchAction","target":{"@type":"EntryPoint","urlTemplate":"https:\/\/parcoctopus.com\/?s={search_term_string}"},"query-input":{"@type":"PropertyValueSpecification","valueRequired":true,"valueName":"search_term_string"}}],"inLanguage":"fr-FR"}]}},"_links":{"self":[{"href":"https:\/\/parcoctopus.com\/de\/wp-json\/wp\/v2\/pages\/11640","targetHints":{"allow":["GET"]}}],"collection":[{"href":"https:\/\/parcoctopus.com\/de\/wp-json\/wp\/v2\/pages"}],"about":[{"href":"https:\/\/parcoctopus.com\/de\/wp-json\/wp\/v2\/types\/page"}],"author":[{"embeddable":true,"href":"https:\/\/parcoctopus.com\/de\/wp-json\/wp\/v2\/users\/2"}],"replies":[{"embeddable":true,"href":"https:\/\/parcoctopus.com\/de\/wp-json\/wp\/v2\/comments?post=11640"}],"version-history":[{"count":32,"href":"https:\/\/parcoctopus.com\/de\/wp-json\/wp\/v2\/pages\/11640\/revisions"}],"predecessor-version":[{"id":34713,"href":"https:\/\/parcoctopus.com\/de\/wp-json\/wp\/v2\/pages\/11640\/revisions\/34713"}],"wp:attachment":[{"href":"https:\/\/parcoctopus.com\/de\/wp-json\/wp\/v2\/media?parent=11640"}],"curies":[{"name":"wp","href":"https:\/\/api.w.org\/{rel}","templated":true}]}}