{"id":1394,"date":"2021-03-09T16:29:24","date_gmt":"2021-03-09T16:29:24","guid":{"rendered":"https:\/\/parcoctopus.com\/?page_id=1394"},"modified":"2026-04-01T12:57:47","modified_gmt":"2026-04-01T16:57:47","slug":"accueil","status":"publish","type":"page","link":"https:\/\/parcoctopus.com\/de\/","title":{"rendered":"Accueil"},"content":{"rendered":"\n<section  class=\"block block-entete block--light\"  >\n\n\t<img decoding=\"async\" src=\"https:\/\/parcoctopus.com\/app\/uploads\/2024\/01\/parc-aqua-111.jpg\" alt=\"\">\n    <div class=\"block__inner\">\n\t    <div class=\"grid \">\n\t        <div class=\"row\">\n\t            <div class=\"col col--lg-8 col--xl-9 col--xl2-5 col--lg-offset-1 col--xl2-offset-0\">\n\t                <div class=\"block-entete__text\">\n\t\t\t\t\t\t<h5>Parc Octopus<\/h5>\n\t                    \t                        <h1>L&rsquo;endroit id\u00e9al pour des vacances au Saguenay-lac-Saint-Jean!<\/h1>\n\t\t\t\t\t\t\n\t\t\t\t\t\t\t\t\t\t\t\t\t\t<p><h5>H\u00e9bergement en chambre et chalet, activit\u00e9s nautiques, restauration, divertissements; vous trouverez tout cela directement sur place!  <\/h5><\/p>\n\t\t\t\t\t\t\t\t\t\t\t\t\t\n\t\t\t\t\t\t\t\t\t\t\t\t<!-- <a class=\"ctn-arrow\" href=\"#scroll\"><div class=\"arrow bounce\"><\/div><\/a> -->\n                    <\/div>\n\t\t\t\t<\/div>\n\t\t\t<\/div>\n        <\/div>\n\t<\/div>\n\t\n\t<div class=\"block__inner ctn__inner\">\n\t    <div class=\"grid \">\n\t        <div class=\"row\">\n\t            <div class=\"col col--lg-11 col--lg-offset-1 col--xl2-offset-0\">\n\t                <div class=\"block-entete__text\">\n\t\t\t\t\t\t<a class=\"ctn-line\" href=\"#scroll\"><div class=\"line grow\"><\/div><\/a>\n                    <\/div>\n\t\t\t\t<\/div>\n\t\t\t<\/div>\n        <\/div>\n    <\/div>\n\t\n<\/section>\n<div class=\"background-white\">\n\t\n<\/div>\n<div id=\"scroll\"><\/div>\n\n\n<section id=\"bienvenue-parc-octopus\" class=\"block block-image-side block--fix block--light block-image-side--mode-grid block--side-right block--size-6\"  >\n                <div class=\"block__inner\">\n            <div class=\"grid grid--medium-gutters \">\n                    <div class=\"row row--sm-top\">\n                    <div class=\"col col--xl-6 col--xs-12 col--img col--img--image\">\n                        <div class=\"image image--photo image--right image--full  wow slideInRight\" >\n                                                                    <iframe loading=\"lazy\" width=\"1320\" height=\"742\" src=\"https:\/\/www.youtube.com\/embed\/qGL8Vj3VBmQ?rel=0&amp;showinfo=0\" frameborder=\"0\" allow=\"autoplay; encrypted-media\" allowfullscreen><\/iframe>\n                                                                                        <\/div>\n                        <\/div>\n                    <div class=\"col col--xl-6 col--xs-12 col--info\">\n                        <div class=\"info\">\n                                                            <h2>Bienvenue au Parc Octopus<\/h2>\n                                                        \t\t\t\t\t\t\t\t<p>Regarder notre vid\u00e9o promotionnelle pour avoir une id\u00e9e de vos vacances parfaites!<\/p>\n<p><a class=\"btn\" href=\"https:\/\/parcoctopus.com\/reservation-billet\/\" target=\"\"><span class=\"btn__inner\">Achat billet parc aquatique<\/span><\/a><\/p>\n<p><a class=\"btn\" href=\"https:\/\/secure.reservit.com\/engine\/booking\/58\/471066\/dates?langcode=FR\" target=\"\"><span class=\"btn__inner\">R\u00e9server un h\u00e9bergement<\/span><\/a><\/p>\n<p>&nbsp;<\/p>\n                            \n                            <div class=\"lien\">\n                                                        <\/div>\n\n                        <\/div>\n                    <\/div>\n                <\/div>\n            <\/div>\n        <\/div>\n    \n<\/section>\n\n\n<section  class=\"block block-activities block--fix block--light block-activities activitetop\"  >\n    <div class=\"block__inner\">\n        <div class=\"grid grid--small-gutters\">\n            <div class=\"row\">\n                <div class=\"col col--lg-8 col--lg-offset-1 col--xl2-5\">\n                                            <h5 class=\"tile__title\">Activit\u00e9s familiales et h\u00e9bergements<\/h5>\n                                                                <h2 class=\"tile__title\">Vos plus beaux souvenirs de vacances vous attendent ici!<\/h2>\n                                                                <div class=\"tile__title\"><p>Nous vous proposons de nombreux services et activit\u00e9s facilement accessibles, y compris une marina, h\u00e9bergement en chambre et en mini chalet,\u00a0 la location de plusieurs \u00e9quipements nautique<span style=\"font-family: Roboto, sans-serif; font-size: 16px; letter-spacing: 0.02em;\">, location de v\u00e9lo et plus. Vous aurez un acc\u00e8s privil\u00e9gi\u00e9 au lac, \u00e0 la v\u00e9loroute des bleuets et \u00e0 plusieurs attraits majeurs de la r\u00e9gion gr\u00e2ce \u00e0 notre emplacement exceptionnel.<\/span><\/p>\n<p><a class=\"btn\" href=\"https:\/\/parcoctopus.com\/a-propos-de-nous\/\" target=\"\"><span class=\"btn__inner\">\u00c0 propos de nous<\/span><\/a><\/p>\n<\/div>\n                                    <\/div>\n            <\/div>\n        <\/div>\n    <\/div>\n<\/section>\n\n<section  class=\"block block-activities block--fix block--light block-activities block-tiles--mode-flex block-tiles\"  >\n        <div class=\"block__inner\">\n        <div class=\"grid grid--small-gutters\">\n            \n                            <div class=\"row\">\n                    <div class=\"col\">\n                        <div class=\"tiles\">\n                                                            <div class=\"tile\">\n                                    <div class=\"tile__icon\">\n                                        <img decoding=\"async\" class=\"tile__icon__img icon icon--svg\" src=\"https:\/\/parcoctopus.com\/app\/uploads\/2021\/03\/jeux.svg\" alt=\"\">\n                                    <\/div>\n                                    <div class=\"tile__info\">\n                                        <h4 class=\"h4\">jeux aquatiques<\/h4>\n                                        <p>L\u2019un des trois plus grands parcs aquatiques flottant au Canada.  En tout temps, nous avons une \u00e9quipe de sauveteurs qualifi\u00e9s sur place afin d\u2019assurer la s\u00e9curit\u00e9 de tous. Un trajet ou vous devrez marcher, grimper, courir, escalader et plonger pour termin\u00e9 le parcours! Votre agilit\u00e9 sera mise \u00e0 l\u2019\u00e9preuve, et une gamme d\u2019\u00e9motions seront au rendez-vous. Plaisir assur\u00e9, autant pour les jeunes que les adultes!  Location d&rsquo;\u00e9quipements nautique et plusieurs activit\u00e9s sur place \u00e9galement.<\/p>\n                                    <\/div>\n                                                                            <a class=\"btn\" target=\"\" href=\"https:\/\/parcoctopus.com\/jeux-aquatiques\/\">\u00c0 propos des jeux<\/a>\n                                                                    <\/div>\n                                                            <div class=\"tile\">\n                                    <div class=\"tile__icon\">\n                                        <img decoding=\"async\" class=\"tile__icon__img icon icon--svg\" src=\"https:\/\/parcoctopus.com\/app\/uploads\/2021\/03\/lune.svg\" alt=\"\">\n                                    <\/div>\n                                    <div class=\"tile__info\">\n                                        <h4 class=\"h4\">h\u00e9bergement<\/h4>\n                                        <p>H\u00e9bergement en chambre et chalet disponible \u00e0 l&rsquo;ann\u00e9e, nos chambres confortables ont chacune une entr\u00e9e ind\u00e9pendante, salle de bain, cuisinette et bloc de 4 chambres communicantes possible. Tous nos h\u00e9bergements sont munis d\u2019une table \u00e0 pique-nique, ainsi qu\u2019un espace pour feu afin que vous puissiez passer du bon temps en famille!<\/p>\n                                    <\/div>\n                                                                            <a class=\"btn\" target=\"\" href=\"https:\/\/parcoctopus.com\/hebergement-estivale\/\">H\u00e9bergement estivale<\/a>\n                                                                    <\/div>\n                                                            <div class=\"tile\">\n                                    <div class=\"tile__icon\">\n                                        <img decoding=\"async\" class=\"tile__icon__img icon icon--svg\" src=\"https:\/\/parcoctopus.com\/app\/uploads\/2021\/03\/ancre.svg\" alt=\"\">\n                                    <\/div>\n                                    <div class=\"tile__info\">\n                                        <h4 class=\"h4\">marina<\/h4>\n                                        <p>Donnant acc\u00e8s \u00e0 notre majestueux Lac-Saint-Jean, une quarantaine de quais sont install\u00e9s \u00e0 votre disposition. Que ce soit pour l\u2019\u00e9t\u00e9 ou seulement comme passant, votre embarcation sera en toute s\u00e9curit\u00e9 \u00e0 l&rsquo;abri des vagues dans la baie et avec notre syst\u00e8me de surveillance. De plus, afin d\u2019agr\u00e9menter votre s\u00e9jour, nous offrons un service de bloc sanitaire, de buanderie ainsi qu\u2019un d\u00e9panneur directement sur place.<\/p>\n                                    <\/div>\n                                                                            <a class=\"btn\" target=\"\" href=\"https:\/\/parcoctopus.com\/marina\/\">\u00c0 propos de la marina<\/a>\n                                                                    <\/div>\n                                                    <\/div>\n                    <\/div>\n                <\/div>\n                    <\/div>\n    <\/div>\n<\/section>\n\n\n<section id=\"quoi-neuf-parc\" class=\"block block-derniere-nouvelle block--dark\"  >\n\t<div class=\"block__bg\">\n                \n                <div class=\"block__bg__img\" style=\"background-image:url(https:\/\/parcoctopus.com\/app\/uploads\/2021\/04\/30121_Target_009-2_bleu-copie-scaled.jpg);\"><\/div>\n            <\/div>\t\t\t\t<div class=\"block__inner\">\n\t\t\t\t<div class=\"grid grid---gutters \">\n\t\t\t\t\n\t\t\t\t\t\t<div class=\"row \">\n\n\t\t\t\t\t\t\t<div class=\"col col--xs-12 col--lg-10 col--lg-offset-1\">\n\t\t\t\t\t\t\t\t<h5>Nouvelle<\/h5>\n\t\t\t\t\t\t\t\t<h2>quoi de neuf au parc<\/h2>\n\t\t\t\t\t\t\t<\/div>\n\t\t\t\t\t\t\t\n\t\t\t\t\t\t\t<div class=\"col col--xs-12 col--lg-10 col--lg-offset-1\"><hr><\/div>\n\t\t\t\t\t\t\t<div class=\"col col--xs-12 col--lg-6 col--lg-offset-1 col--info\">\n\t\t\t\t\t\t\t\t<div class=\"color-ctn\">\t\t\t\t\t\n\t\t\t\t\t\t\t\t\t<div class=\"info\">\n\t\t\t\t\t\t\t\t\t\t<h5 class=\"info--highlight\"> \n\t\t\t\t\t\t\t\t\t\t\t\t\t\t\t\t\t\t\t\t\t\t\t05 d\u00e9cembre 2025\t\t\t\t\t\t\t\t\t\t\t\t\t\t\t\t\t\t\t\t\t<\/h5>\n\t\n\t\t\t\t\t\t\t\t\t\t\t\t\t\t\t\t\t\t\t\t\t<h4>H\u00e9bergement hivervale et relais pour motoneigistes<\/h4>\n\t\t\t\t\t\t\t\t\t\t\t\t\t\t\t\t\t\t\t\t\t\t\t\t\t\t\t\t\t\t\t<div class=\"content\">\n\t\t\t\t\t\t\t\t\t\t\t\tD\u00e8s janvier 2026, nos h\u00e9bergements en chambre et chalet ainsi que notre relais motoneige seront ouvert aux motoneigistes, clients en h\u00e9bergement ou clients passants!\u00a0 \u00a0Parfaits pour prendre une pause, ouvert\u2026\t\t\t\t\t\t\t\t\t\t\t<\/div>\n\t\t\t\t\t\t\t\t\t\t\t\t\t\t\t\t\t\t\t<\/div>\n\t\t\t\t\t\t\t\t<\/div>\n\t\t\t\t\t\t\t<\/div>\n\t\t\t\t\t\t\t\n\t\t\t\t\t\t\t<div class=\"col col--xs-12 col--xs-left col--lg-right col--lg-4 col--info\">\n\t\t\t\t\t\t\t\t<div class=\"color-ctn\">\t\t\t\t\t\n\t\t\t\t\t\t\t\t\t<div class=\"info\">\n\t\t\t\t\t\t\t\t\t\t<p class=\"lien\">\n\t\t\t\t\t\t\t\t\t\t\t<a href=\"https:\/\/parcoctopus.com\/nouvelles\">Lire la nouvelle<\/a>\n\t\t\t\t\t\t\t\t\t\t<\/p>\n\t\t\t\t\t\t\t\t\t<\/div>\n\t\t\t\t\t\t\t\t<\/div>\n\t\t\t\t\t\t\t<\/div>\n\n\t\t\t\t\t\t\t<div class=\"col col--xs-12 col--lg-10 col--lg-offset-1\"><hr><\/div>\n\n\t\t\t\t\t\t\t<div class=\"col col--xs-12 col--lg-10 col--lg-offset-1 col--left fb-btn\">\n\t\t\t\t\t\t\t\t<p><a href=\"https:\/\/parcoctopus.com\/nouvelles\" class=\"btn\">Voir toutes les nouvelles<\/a><\/p>\n\t\t\t\t\t\t\t<\/div>\n\n\t\t\t\t\t\t<\/div>\n\n\t\t\t\t<\/div>\n\t\t\t<\/div>\n\t\t<\/section>\n\n\n<section id=\"planifier-visite\" class=\"block block-tiles block--light block-tiles--mode-flex\"  >\n        <div class=\"block__inner\">\n        <div class=\"grid grid--large-gutters\">\n                            <div class=\"row\">\n                    <div class=\"col col--center\">\n                        <h2 class=\"h2 tile__title\">planifier ma visite<\/h2>\n                    <\/div>\n                <\/div>\n                \n                            <div class=\"row\">\n                    <div class=\"col\">\n                        <div class=\"tiles\">\n                                                            <div class=\"tile\">\n                                    <div class=\"tile__icon\">\n                                        <img decoding=\"async\" class=\"tile__icon__img icon icon--svg\" src=\"https:\/\/parcoctopus.com\/app\/uploads\/2021\/03\/tarrifs.svg\" alt=\"\">\n                                    <\/div>\n                                    <div class=\"tile__info\">\n                                        <h4 class=\"tile__title h4\">tarifs<\/h4>\n\n                                        \n                                                                                    <p>Consulter notre liste de tarifs d\u00e9taill\u00e9s afin de pouvoir planifier votre s\u00e9jour et votre budget en fonction de nos nombreuses offres de services.<\/p>\n                                                                            <\/div>\n                                                                            <a class=\"btn\" target=\"\" href=\"https:\/\/parcoctopus.com\/tarifs-et-horaire\/\">Consulter les tarifs<\/a>\n                                                                    <\/div>\n                                                            <div class=\"tile\">\n                                    <div class=\"tile__icon\">\n                                        <img decoding=\"async\" class=\"tile__icon__img icon icon--svg\" src=\"https:\/\/parcoctopus.com\/app\/uploads\/2021\/03\/se-rendre.svg\" alt=\"\">\n                                    <\/div>\n                                    <div class=\"tile__info\">\n                                        <h4 class=\"tile__title h4\">se rendre<\/h4>\n\n                                        \n                                                                                    <p>Accessible facilement via la route 169, par la v\u00e9loroute ou directement par le lac- St-Jean,  vous pourrez nous trouver facilement!<\/p>\n                                                                            <\/div>\n                                                                            <a class=\"btn\" target=\"_blank\" href=\"https:\/\/www.google.ca\/maps\/place\/Rue+du+Quai,+Desbiens,+QC+G0W+1N0\/@48.4194011,-71.9640147,17z\/data=!3m1!4b1!4m5!3m4!1s0x4cc1e87db985c5fb:0xcafee5d129e7b460!8m2!3d48.4193976!4d-71.961826?shorturl=1\">Consulter la carte<\/a>\n                                                                    <\/div>\n                                                            <div class=\"tile\">\n                                    <div class=\"tile__icon\">\n                                        <img decoding=\"async\" class=\"tile__icon__img icon icon--svg\" src=\"https:\/\/parcoctopus.com\/app\/uploads\/2021\/03\/infos.svg\" alt=\"\">\n                                    <\/div>\n                                    <div class=\"tile__info\">\n                                        <h4 class=\"tile__title h4\">infos pratiques et s\u00e9curit\u00e9<\/h4>\n\n                                        \n                                                                                    <p>Visitez notre foire aux questions afin de r\u00e9pondre \u00e0 vos interrogations en plus de retrouver tous les d\u00e9tails concernant la s\u00e9curit\u00e9 des renseignements personnels.<\/p>\n                                                                            <\/div>\n                                                                            <a class=\"btn\" target=\"\" href=\"https:\/\/parcoctopus.com\/infos-pratiques\/\">Voir les infos<\/a>\n                                                                    <\/div>\n                                                    <\/div>\n                    <\/div>\n                <\/div>\n                \n                \n        <\/div>\n    <\/div>\n<\/section>","protected":false},"excerpt":{"rendered":"","protected":false},"author":1,"featured_media":0,"parent":0,"menu_order":0,"comment_status":"closed","ping_status":"closed","template":"","meta":{"_acf_changed":false,"footnotes":""},"class_list":["post-1394","page","type-page","status-publish","hentry"],"acf":[],"yoast_head":"<!-- This site is optimized with the Yoast SEO plugin v27.0 - https:\/\/yoast.com\/product\/yoast-seo-wordpress\/ -->\n<title>Accueil - Parc Octopus<\/title>\n<meta name=\"description\" content=\"Site r\u00e9cr\u00e9otouristique incluant un h\u00e9bergement en chambre ou camping, parc aquatique flottant et location \u00e9quipements nautiques.\" \/>\n<meta name=\"robots\" content=\"index, follow, max-snippet:-1, max-image-preview:large, max-video-preview:-1\" \/>\n<link rel=\"canonical\" href=\"https:\/\/parcoctopus.com\/\" \/>\n<meta property=\"og:locale\" content=\"fr_FR\" \/>\n<meta property=\"og:type\" content=\"article\" \/>\n<meta property=\"og:title\" content=\"Accueil - Parc Octopus\" \/>\n<meta property=\"og:description\" content=\"Site r\u00e9cr\u00e9otouristique incluant un h\u00e9bergement en chambre ou camping, parc aquatique flottant et location \u00e9quipements nautiques.\" \/>\n<meta property=\"og:url\" content=\"https:\/\/parcoctopus.com\/\" \/>\n<meta property=\"og:site_name\" content=\"Parc Octopus\" \/>\n<meta property=\"article:modified_time\" content=\"2026-04-01T16:57:47+00:00\" \/>\n<meta property=\"og:image\" content=\"https:\/\/parcoctopus.com\/app\/uploads\/2021\/05\/opengraphnew.jpg\" \/>\n\t<meta property=\"og:image:width\" content=\"1200\" \/>\n\t<meta property=\"og:image:height\" content=\"630\" \/>\n\t<meta property=\"og:image:type\" content=\"image\/jpeg\" \/>\n<meta name=\"twitter:card\" content=\"summary_large_image\" \/>\n<!-- \/ Yoast SEO plugin. -->","yoast_head_json":{"title":"Accueil - Parc Octopus","description":"Site r\u00e9cr\u00e9otouristique incluant un h\u00e9bergement en chambre ou camping, parc aquatique flottant et location \u00e9quipements nautiques.","robots":{"index":"index","follow":"follow","max-snippet":"max-snippet:-1","max-image-preview":"max-image-preview:large","max-video-preview":"max-video-preview:-1"},"canonical":"https:\/\/parcoctopus.com\/","og_locale":"fr_FR","og_type":"article","og_title":"Accueil - Parc Octopus","og_description":"Site r\u00e9cr\u00e9otouristique incluant un h\u00e9bergement en chambre ou camping, parc aquatique flottant et location \u00e9quipements nautiques.","og_url":"https:\/\/parcoctopus.com\/","og_site_name":"Parc Octopus","article_modified_time":"2026-04-01T16:57:47+00:00","og_image":[{"width":1200,"height":630,"url":"https:\/\/parcoctopus.com\/app\/uploads\/2021\/05\/opengraphnew.jpg","type":"image\/jpeg"}],"twitter_card":"summary_large_image","schema":{"@context":"https:\/\/schema.org","@graph":[{"@type":"WebPage","@id":"https:\/\/parcoctopus.com\/","url":"https:\/\/parcoctopus.com\/","name":"Accueil - Parc Octopus","isPartOf":{"@id":"https:\/\/parcoctopus.com\/#website"},"datePublished":"2021-03-09T16:29:24+00:00","dateModified":"2026-04-01T16:57:47+00:00","description":"Site r\u00e9cr\u00e9otouristique incluant un h\u00e9bergement en chambre ou camping, parc aquatique flottant et location \u00e9quipements nautiques.","inLanguage":"fr-FR","potentialAction":[{"@type":"ReadAction","target":["https:\/\/parcoctopus.com\/"]}]},{"@type":"WebSite","@id":"https:\/\/parcoctopus.com\/#website","url":"https:\/\/parcoctopus.com\/","name":"Parc Octopus","description":"H\u00e9bergement, camping, parc aquatique","potentialAction":[{"@type":"SearchAction","target":{"@type":"EntryPoint","urlTemplate":"https:\/\/parcoctopus.com\/?s={search_term_string}"},"query-input":{"@type":"PropertyValueSpecification","valueRequired":true,"valueName":"search_term_string"}}],"inLanguage":"fr-FR"}]}},"_links":{"self":[{"href":"https:\/\/parcoctopus.com\/de\/wp-json\/wp\/v2\/pages\/1394","targetHints":{"allow":["GET"]}}],"collection":[{"href":"https:\/\/parcoctopus.com\/de\/wp-json\/wp\/v2\/pages"}],"about":[{"href":"https:\/\/parcoctopus.com\/de\/wp-json\/wp\/v2\/types\/page"}],"author":[{"embeddable":true,"href":"https:\/\/parcoctopus.com\/de\/wp-json\/wp\/v2\/users\/1"}],"replies":[{"embeddable":true,"href":"https:\/\/parcoctopus.com\/de\/wp-json\/wp\/v2\/comments?post=1394"}],"version-history":[{"count":270,"href":"https:\/\/parcoctopus.com\/de\/wp-json\/wp\/v2\/pages\/1394\/revisions"}],"predecessor-version":[{"id":34740,"href":"https:\/\/parcoctopus.com\/de\/wp-json\/wp\/v2\/pages\/1394\/revisions\/34740"}],"wp:attachment":[{"href":"https:\/\/parcoctopus.com\/de\/wp-json\/wp\/v2\/media?parent=1394"}],"curies":[{"name":"wp","href":"https:\/\/api.w.org\/{rel}","templated":true}]}}