{"id":1423,"date":"2021-03-10T21:25:05","date_gmt":"2021-03-10T21:25:05","guid":{"rendered":"https:\/\/parcoctopus.com\/?page_id=1423"},"modified":"2025-12-17T14:36:36","modified_gmt":"2025-12-17T19:36:36","slug":"marina","status":"publish","type":"page","link":"https:\/\/parcoctopus.com\/de\/marina\/","title":{"rendered":"Marina"},"content":{"rendered":"\n<section  class=\"block block-default block--light block--limit6 \"  >\n        <div class=\"block__inner\">\n\t    <div class=\"grid \">\n\t        <div class=\"row\">\n\t            <div class=\"col col--\">\n\t                <div class=\"block-default__text\">\n\t                    \t\t\t\t\t\t<div class=\"default-text-acf\">\n\t\t\t\t\t\t\t<h2><span style=\"color: #2f328a;\">qui peut s\u2019accoster?<\/span><\/h2>\n<p>Plaisanciers, vous \u00eates tous les bienvenus! Nous sommes en mesure d\u2019accueillir des visiteurs types passants ou saisonniers. En plus de pouvoir profiter de notre marina, vous pourrez b\u00e9n\u00e9ficier de nos multiples services offerts. Quel que soit votre type d\u2019embarcation, vous aurez acc\u00e8s \u00e0 notre magnifique site. Venez faire une escale en famille et profiter de notre tarif avantageux pour une demi-journ\u00e9e. Vous pouvez \u00e9galement accoster au quai temporaire pr\u00e8s de l&rsquo;escalier si vous avez besoin de notre service de d\u00e9panneur ou de bloc sanitaire.<\/p>\n\t\t\t\t\t\t\t\t\t\t\t\t\t<\/div>\n                    <\/div>\n                <\/div>\n            <\/div>\n        <\/div>\n    <\/div>\n<\/section>\n\n\n\n<section  class=\"block block-columns block--fix block--light block--limit10 block--margin-\"  >\n    <div class=\"block__inner\">\n        <div class=\"grid \">\n\t                    <div class=\"row  row--all-text\">\n                \n                                            <div class=\"col col--xl-6  col--text\">\n                                                        <h2><span style=\"color: #2f328a;\">horaire de la marina<\/span><\/h2>\n<ul>\n<li><strong>Mai \u00e0 Octobre<\/strong><br \/>\nTous les jours de 10 hr \u00e0 17 hr<\/li>\n<\/ul>\n<p>* contactez- nous pour les informations concernant les saisonniers.<\/p>\n                        <\/div>\n\n\n                                    \n                                            <div class=\"col col--xl-6  col--text\">\n                                                        <h2><span style=\"color: #2f328a;\">tarifs<\/span><\/h2>\n<ul>\n<li>Mai \u00e0 Octobre <strong>\u00a040$ \/ nuit\u00e9e\u00a0<\/strong><\/li>\n<li>visiteur 1\/2 journ\u00e9e <strong>\u00a020$<\/strong><\/li>\n<\/ul>\n<p>*tps\/tvq non incluse<\/p>\n                        <\/div>\n\n\n                                                <\/div>\n        <\/div>\n    <\/div>\n<\/section>\n\n\n\n<section  class=\"block block-slideshow block--fix block--light block--indented block--limit10\"  >\n    <div class=\"block__inner\">\n        \n        <div class=\"slider--autoplay slick\" data-slidesToShow=\"3\">\n                            <div class=\"block-slider__slide\">\n\n                <div class=\"block-slider__slide__image\" role=\"img\" aria-label=\"\" style=\"background-image: url('https:\/\/parcoctopus.com\/app\/uploads\/2021\/11\/marina3.jpg')\">\n                                    <\/div>\n\n                \n            <\/div>\n                                <div class=\"block-slider__slide\">\n\n                <div class=\"block-slider__slide__image\" role=\"img\" aria-label=\"\" style=\"background-image: url('https:\/\/parcoctopus.com\/app\/uploads\/2021\/11\/lac.jpg')\">\n                                    <\/div>\n\n                \n            <\/div>\n                                <div class=\"block-slider__slide\">\n\n                <div class=\"block-slider__slide__image\" role=\"img\" aria-label=\"\" style=\"background-image: url('https:\/\/parcoctopus.com\/app\/uploads\/2023\/12\/marina1.jpg')\">\n                                    <\/div>\n\n                \n            <\/div>\n                                <div class=\"block-slider__slide\">\n\n                <div class=\"block-slider__slide__image\" role=\"img\" aria-label=\"\" style=\"background-image: url('https:\/\/parcoctopus.com\/app\/uploads\/2023\/12\/escalier-jour.jpg')\">\n                                    <\/div>\n\n                \n            <\/div>\n                            <\/div>\n    <\/div>\n<\/section>\n\n\n\n<section id=\"reglements-marina\" class=\"block block-default block--blue block--limit6 \"  >\n    <div class=\"block__bg\">\n                \n                <div class=\"block__bg__img\" style=\"background-image:url(https:\/\/parcoctopus.com\/app\/uploads\/2021\/04\/shutterstock_301957985_bleu-scaled.jpg);\"><\/div>\n            <\/div>    <div class=\"block__inner\">\n\t    <div class=\"grid \">\n\t        <div class=\"row\">\n\t            <div class=\"col col--\">\n\t                <div class=\"block-default__text\">\n\t                    \t                        <h2>r\u00e8glements de la marina<\/h2>\n\t\t\t\t\t\t\t\t\t\t\t\t<div class=\"default-text-acf\">\n\t\t\t\t\t\t\t<p>Tous les plaisanciers s&rsquo;engagent \u00e0 respecter notre liste de r\u00e8glements, veuillez en prendre connaissance avant de nous visiter!\u00a0 Nous offrons \u00e9galement plusieurs services \u00e0 nos saisonniers et visiteurs tel que d\u00e9crit ci bas.<\/p>\n<p><a class=\"btn btn--pdf\" href=\"https:\/\/parcoctopus.com\/app\/uploads\/2021\/05\/reglement-marina.pdf\" target=\"\"><span class=\"btn__inner\">T\u00e9l\u00e9charger les r\u00e8glements<\/span><\/a><\/p>\n\t\t\t\t\t\t\t\t\t\t\t\t\t<\/div>\n                    <\/div>\n                <\/div>\n            <\/div>\n        <\/div>\n    <\/div>\n<\/section>\n\n\n\n<section  class=\"block block-default block--blue block--limit8 \"  >\n        <div class=\"block__inner\">\n\t    <div class=\"grid \">\n\t        <div class=\"row\">\n\t            <div class=\"col col--\">\n\t                <div class=\"block-default__text\">\n\t                    \t\t\t\t\t\t<div class=\"default-text-acf\">\n\t\t\t\t\t\t\t<p>&nbsp;<\/p>\n<p>Service de d\u00e9panneur<\/p>\n<hr \/>\n<p>Aire de jeu int\u00e9rieur<\/p>\n<hr \/>\n<p>Bloc sanitaire et douche dans le b\u00e2timent d&rsquo;accueil<\/p>\n<hr \/>\n<p>Location de casier<\/p>\n<hr \/>\n<p>Location d&rsquo;\u00e9quipement nautique<\/p>\n<hr \/>\n<p>Billetterie pour parc aquatique<\/p>\n<hr \/>\n<p>Aire de repos<\/p>\n<hr \/>\n<p>Eau et \u00e9lectricit\u00e9 disponible sur les quais<\/p>\n<hr \/>\n<p>&nbsp;<\/p>\n\t\t\t\t\t\t\t\t\t\t\t\t\t<\/div>\n                    <\/div>\n                <\/div>\n            <\/div>\n        <\/div>\n    <\/div>\n<\/section>\n\n\n\n\n<section  class=\"block block-image block--light\"  >\n                    <div class=\"block__bg\">\n                \n                <div class=\"block__bg__img\" style=\"background-image:url(https:\/\/parcoctopus.com\/app\/uploads\/2021\/05\/Octopus_Plan_final-Marina-scaled.png);\"><\/div>\n            <\/div>                <div class=\"block__inner\">\n                    <div class=\"grid\">\n                        <div class=\"row\">\n                            <div class=\"col\">\n                            <\/div>\n                        <\/div>\n                    <\/div>\n                <\/div>\n            <\/section>\n","protected":false},"excerpt":{"rendered":"","protected":false},"author":1,"featured_media":0,"parent":0,"menu_order":0,"comment_status":"closed","ping_status":"closed","template":"","meta":{"_acf_changed":false,"footnotes":""},"class_list":["post-1423","page","type-page","status-publish","hentry"],"acf":[],"yoast_head":"<!-- This site is optimized with the Yoast SEO plugin v27.0 - https:\/\/yoast.com\/product\/yoast-seo-wordpress\/ -->\n<title>Marina - Parc Octopus<\/title>\n<meta name=\"description\" content=\"La marina du Parc Octopus propose plusieurs quais en location pour la saison ou la journ\u00e9e, donnant acc\u00e8s directement au Lac St-Jean\" \/>\n<meta name=\"robots\" content=\"index, follow, max-snippet:-1, max-image-preview:large, max-video-preview:-1\" \/>\n<link rel=\"canonical\" href=\"https:\/\/parcoctopus.com\/\/marina\/\" \/>\n<meta property=\"og:locale\" content=\"fr_FR\" \/>\n<meta property=\"og:type\" content=\"article\" \/>\n<meta property=\"og:title\" content=\"Marina - Parc Octopus\" \/>\n<meta property=\"og:description\" content=\"La marina du Parc Octopus propose plusieurs quais en location pour la saison ou la journ\u00e9e, donnant acc\u00e8s directement au Lac St-Jean\" \/>\n<meta property=\"og:url\" content=\"https:\/\/parcoctopus.com\/\/marina\/\" \/>\n<meta property=\"og:site_name\" content=\"Parc Octopus\" \/>\n<meta property=\"article:modified_time\" content=\"2025-12-17T19:36:36+00:00\" \/>\n<meta property=\"og:image\" content=\"https:\/\/parcoctopus.com\/app\/uploads\/2021\/05\/opengraphnew.jpg\" \/>\n\t<meta property=\"og:image:width\" content=\"1200\" \/>\n\t<meta property=\"og:image:height\" content=\"630\" \/>\n\t<meta property=\"og:image:type\" content=\"image\/jpeg\" \/>\n<meta name=\"twitter:card\" content=\"summary_large_image\" \/>\n<!-- \/ Yoast SEO plugin. -->","yoast_head_json":{"title":"Marina - Parc Octopus","description":"La marina du Parc Octopus propose plusieurs quais en location pour la saison ou la journ\u00e9e, donnant acc\u00e8s directement au Lac St-Jean","robots":{"index":"index","follow":"follow","max-snippet":"max-snippet:-1","max-image-preview":"max-image-preview:large","max-video-preview":"max-video-preview:-1"},"canonical":"https:\/\/parcoctopus.com\/\/marina\/","og_locale":"fr_FR","og_type":"article","og_title":"Marina - Parc Octopus","og_description":"La marina du Parc Octopus propose plusieurs quais en location pour la saison ou la journ\u00e9e, donnant acc\u00e8s directement au Lac St-Jean","og_url":"https:\/\/parcoctopus.com\/\/marina\/","og_site_name":"Parc Octopus","article_modified_time":"2025-12-17T19:36:36+00:00","og_image":[{"width":1200,"height":630,"url":"https:\/\/parcoctopus.com\/app\/uploads\/2021\/05\/opengraphnew.jpg","type":"image\/jpeg"}],"twitter_card":"summary_large_image","schema":{"@context":"https:\/\/schema.org","@graph":[{"@type":"WebPage","@id":"https:\/\/parcoctopus.com\/\/marina\/","url":"https:\/\/parcoctopus.com\/\/marina\/","name":"Marina - Parc Octopus","isPartOf":{"@id":"https:\/\/parcoctopus.com\/#website"},"datePublished":"2021-03-10T21:25:05+00:00","dateModified":"2025-12-17T19:36:36+00:00","description":"La marina du Parc Octopus propose plusieurs quais en location pour la saison ou la journ\u00e9e, donnant acc\u00e8s directement au Lac St-Jean","inLanguage":"fr-FR","potentialAction":[{"@type":"ReadAction","target":["https:\/\/parcoctopus.com\/\/marina\/"]}]},{"@type":"WebSite","@id":"https:\/\/parcoctopus.com\/#website","url":"https:\/\/parcoctopus.com\/","name":"Parc Octopus","description":"H\u00e9bergement, camping, parc aquatique","potentialAction":[{"@type":"SearchAction","target":{"@type":"EntryPoint","urlTemplate":"https:\/\/parcoctopus.com\/?s={search_term_string}"},"query-input":{"@type":"PropertyValueSpecification","valueRequired":true,"valueName":"search_term_string"}}],"inLanguage":"fr-FR"}]}},"_links":{"self":[{"href":"https:\/\/parcoctopus.com\/de\/wp-json\/wp\/v2\/pages\/1423","targetHints":{"allow":["GET"]}}],"collection":[{"href":"https:\/\/parcoctopus.com\/de\/wp-json\/wp\/v2\/pages"}],"about":[{"href":"https:\/\/parcoctopus.com\/de\/wp-json\/wp\/v2\/types\/page"}],"author":[{"embeddable":true,"href":"https:\/\/parcoctopus.com\/de\/wp-json\/wp\/v2\/users\/1"}],"replies":[{"embeddable":true,"href":"https:\/\/parcoctopus.com\/de\/wp-json\/wp\/v2\/comments?post=1423"}],"version-history":[{"count":137,"href":"https:\/\/parcoctopus.com\/de\/wp-json\/wp\/v2\/pages\/1423\/revisions"}],"predecessor-version":[{"id":34552,"href":"https:\/\/parcoctopus.com\/de\/wp-json\/wp\/v2\/pages\/1423\/revisions\/34552"}],"wp:attachment":[{"href":"https:\/\/parcoctopus.com\/de\/wp-json\/wp\/v2\/media?parent=1423"}],"curies":[{"name":"wp","href":"https:\/\/api.w.org\/{rel}","templated":true}]}}