{"id":1427,"date":"2021-03-10T21:28:07","date_gmt":"2021-03-10T21:28:07","guid":{"rendered":"https:\/\/parcoctopus.com\/?page_id=1427"},"modified":"2026-03-11T12:25:16","modified_gmt":"2026-03-11T16:25:16","slug":"tarifs-et-horaire","status":"publish","type":"page","link":"https:\/\/parcoctopus.com\/de\/tarifs-et-horaire\/","title":{"rendered":"Tarifs et horaire"},"content":{"rendered":"\n<section  class=\"block block-columns block--light block--limit10 block--margin-\"  >\n    <div class=\"block__inner\">\n        <div class=\"grid \">\n\t                    <div class=\"row  row--all-text\">\n                \n                                            <div class=\"col col--xl-6  col--text\">\n                                                        <h2><span style=\"color: #ffb926;\">HORAIRE parc aquatique<\/span><\/h2>\n<ul>\n<li style=\"list-style-type: none;\">\n<ul>\n<li><strong>Horaire : 20 juin 2026 au 30 ao\u00fbt 2026<\/strong><\/li>\n<\/ul>\n<\/li>\n<\/ul>\n<p>* Horaire sujet \u00e0 changement en fin de saison, consultez notre page facebook<\/p>\n<p>* Parc Octopus se r\u00e9serve le droit de fermer le parc si les conditions m\u00e9t\u00e9o ne permettent pas l&rsquo;op\u00e9ration s\u00e9curitaire,\u00a0 un avis sera \u00e9mis sur nos r\u00e9seaux sociaux le matin m\u00eame dans ce cas.<\/p>\n<p><strong>R\u00e9servation en ligne obligatoire<\/strong><\/p>\n                        <\/div>\n\n\n                                    \n                                            <div class=\"col col--xl-6  col--text\">\n                                                        <h2><span style=\"color: #ffb926;\">TARIFS\u00a0<\/span><\/h2>\n<ul>\n<li style=\"list-style-type: none;\">\n<ul>\n<li style=\"list-style-type: none;\">\n<ul>\n<li style=\"list-style-type: none;\">\n<ul>\n<li style=\"list-style-type: none;\">\n<ul>\n<li><strong>Adulte et enfants <\/strong>(43 pouces min.)<strong> | 36$ \/ personne<\/strong><\/li>\n<li><strong>Fin de journ\u00e9e<\/strong> (\u00e0 partir de 15:30 hr)<strong> | 24$ \/ personne<\/strong><\/li>\n<li><strong>Forfait famille <\/strong>(4 pers. et plus de la m\u00eame adresse)<strong> | 33$ \/ personne<\/strong><\/li>\n<li><strong>Extra aqua plus <\/strong>planche \u00e0 pagaie et kayak \u00e0 volont\u00e9 avec votre acc\u00e8s au parc aquatique\u00a0 | +<strong>6$ sur votre acc\u00e8s<\/strong><\/li>\n<li><strong>Carte de saison<\/strong> | inclus acc\u00e8s parc aquatique, kayak et planche \u00e0 pagaie, zone spa | <strong>115$<\/strong><\/li>\n<li><strong>Casier | inclus avec votre acc\u00e8s<\/strong><\/li>\n<li><strong>Combinaison en n\u00e9opr\u00e8ne | inclus avec votre acc\u00e8s<\/strong><\/li>\n<li><strong>Acc\u00e8s quai et site (visiteur) | 10.00$<\/strong><\/li>\n<\/ul>\n<\/li>\n<\/ul>\n<\/li>\n<li style=\"list-style-type: none;\"><strong><span style=\"color: #ffcc00;\">R\u00e9serv\u00e9 aux clients en h\u00e9bergement (achat sur place seulement)<\/span><\/strong>\n<ul>\n<li><strong>Billet Multi-jour<\/strong> \u00a0<strong>| 44$ \/ personne <\/strong>acc\u00e8s \u00e0 tous les jours pendant votre s\u00e9jour<\/li>\n<li><strong>Billet Multi-jour fin de journ\u00e9e<\/strong>\u00a0<strong>| 30$ \/ personne <\/strong>acc\u00e8s \u00e0 toutes les fin de journ\u00e9e pendant votre s\u00e9jour<\/li>\n<li><strong>Extra aqua plus <\/strong>planche \u00e0 pagaie et kayak \u00e0 volont\u00e9 pendant votre s\u00e9jour | +<strong>6$ sur votre acc\u00e8s<\/strong><\/li>\n<\/ul>\n<\/li>\n<\/ul>\n<p><strong>Achat du billet en ligne obligatoire except\u00e9 les clients en h\u00e9bergement, validez bien vos dates, non remboursable et non d\u00e9pla\u00e7able. Le billet d&rsquo;admission est valide pour la journ\u00e9e enti\u00e8re et donne un acc\u00e8s illimit\u00e9 au parc aquatique. Les clients du camping doivent se pr\u00e9senter \u00e0 l&rsquo;accueil afin d&rsquo;obtenir le tarif pr\u00e9f\u00e9rentiel (pas besoin de r\u00e9servation en ligne).<\/strong><\/li>\n<\/ul>\n<\/li>\n<\/ul>\n<p>*TPS\/TVQ non incluses*<\/p>\n<ul>\n<li style=\"list-style-type: none;\"><\/li>\n<\/ul>\n<p>&nbsp;<\/p>\n                        <\/div>\n\n\n                                                <\/div>\n        <\/div>\n    <\/div>\n<\/section>\n\n\n\n<section  class=\"block block-columns block--fix block--light block--limit10 block--margin-\"  >\n    <div class=\"block__inner\">\n        <div class=\"grid \">\n\t                    <div class=\"row  row--all-text\">\n                \n                                            <div class=\"col col--xl-6  col--text\">\n                                                        <h2><span style=\"color: #ffb926;\">HORAIRE location \u00e9quipement<\/span><\/h2>\n<ul>\n<li style=\"list-style-type: none;\">\n<ul>\n<li><strong>20 Juin au 15 septembre 2026<\/strong><br \/>\n10:30 hrs \u00e0 16 hrs tous les jours<\/li>\n<\/ul>\n<\/li>\n<\/ul>\n<p>*Pr\u00e9sentez- vous \u00e0 l&rsquo;accueil pour la disponibilit\u00e9<\/p>\n                        <\/div>\n\n\n                                    \n                                            <div class=\"col col--xl-6  col--text\">\n                                                        <h2><span style=\"color: #ffb926;\">Tarifs<\/span><\/h2>\n<ul>\n<li style=\"list-style-type: none;\">\n<ul>\n<li style=\"list-style-type: none;\">\n<ul>\n<li>Planche \u00e0 pagaie et Kayak <strong> | 25$ \/ bloc de 2 heures<\/strong><\/li>\n<li>Planche \u00e0 pagaie g\u00e9ante (8 personnes<strong>) | 50$ \/ bloc de 2 heures<\/strong><\/li>\n<li>Surf \u00e9lectrique 4<strong>0$\/ bloc de 30 minutes<\/strong>\u00a0<strong>| 90$\/ bloc de 1.5 heure<\/strong><\/li>\n<li>V\u00e9lo (casque inclus) <strong>| 25$\/ demi-journ\u00e9e\u00a0<\/strong><strong>| 40$\/ journ\u00e9e<\/strong><\/li>\n<li>Fatbike (casque inclus) <strong>| 40$\/ demi-journ\u00e9e | 55$\/ journ\u00e9e<\/strong><\/li>\n<li>Casier\u00a0<strong>| 8$\/ journ\u00e9e<\/strong><\/li>\n<li>Combinaison en n\u00e9opr\u00e8ne <strong>| 10$\/ journ\u00e9e<\/strong><\/li>\n<\/ul>\n<\/li>\n<\/ul>\n<\/li>\n<\/ul>\n<p>*TPS\/TVQ non incluses<\/p>\n                        <\/div>\n\n\n                                                <\/div>\n        <\/div>\n    <\/div>\n<\/section>\n\n\n\n<section  class=\"block block-columns block--fix block--light block--limit10 block--margin-\"  >\n    <div class=\"block__inner\">\n        <div class=\"grid \">\n\t                    <div class=\"row  row--all-text\">\n                \n                                            <div class=\"col col--xl-6  col--text\">\n                                                        <h2><span style=\"color: #35af7c;\">Horaire H\u00e9bergement chambre et chalet<\/span><\/h2>\n<ul>\n<li>Accessible en tout temps, entr\u00e9e ind\u00e9pendante<br \/>\nArriv\u00e9e : 16 hrs | D\u00e9part : 10hrs<\/li>\n<li>Chaque pr\u00eat-\u00e0-camper contient : 1 salle de bain compl\u00e8te ind\u00e9pendante, micro-ondes, four grille pain, cafeti\u00e8re, vaisselle, ustensile, mini frigo, t\u00e9l\u00e9viseur,\u00a0 air climatis\u00e9, foyer \u00e9lectrique,\u00a0 literie incluse<\/li>\n<li><strong>Mini chalet en bois :<\/strong> 2 chambres ferm\u00e9es, 1 futons, cuisine compl\u00e8te, terrasse, bbq, 6 \u00e0 7 personnes<\/li>\n<li><strong>Pr\u00eat-\u00e0-camper r\u00e9gulier<\/strong> (chambre 1 \u00e0 20) : 1 lit double et 1 fauteuil lit, 2 adultes, 1 enfant maximum<\/li>\n<li><strong>Pr\u00eat-\u00e0-camper familiale<\/strong> (chambre impair 21 \u00e0 39) : 1 lit double et 2 lits jumeaux,\u00a0 2 adultes 2 enfants,\u00a0 4 personnes maximum<\/li>\n<li><strong>Pr\u00eat-\u00e0-camper quadruple<\/strong> (chambre pair 20 \u00e0 40) : 2 lits double, 4 personnes maximum<\/li>\n<li>Jusqu&rsquo;\u00e0 4 chambres communicantes possibles<\/li>\n<\/ul>\n                        <\/div>\n\n\n                                    \n                                            <div class=\"col col--xl-6  col--text\">\n                                                        <h2><span style=\"color: #35af7c;\">tarifs<\/span><\/h2>\n<ul>\n<li style=\"list-style-type: none;\">\n<ul>\n<li style=\"list-style-type: none;\">\n<ul>\n<li><strong><a class=\"btn\" href=\"https:\/\/secure.reservit.com\/engine\/booking\/58\/471066\/dates?specialMode=default&amp;langcode=FR&amp;m=booking \" target=\"\"><span class=\"btn__inner\">Tarifs h\u00e9bergement<\/span><\/a><\/strong><\/li>\n<li><strong>Acc\u00e8s zone spa et sauna<\/strong> incluse avec votre h\u00e9bergement.<\/li>\n<\/ul>\n<\/li>\n<li><strong>Option Multi-jour Parc aquatique : <\/strong>\u00a0vous donne 1 acc\u00e8s au parc \u00e0 chaque journ\u00e9e pendant votre s\u00e9jour,\u00a0 vous payez donc 1 seule fois et avez acc\u00e8s au parc tout au long de vos vacances, pr\u00e9sentez-vous \u00e0 l&rsquo;accueil directement pour vos billets<\/li>\n<li><strong>*NOUVEAUT\u00c9* Forfait aqua plus<\/strong> acc\u00e8s journalier au parc aquatique et planche \u00e0 pagaie\/kayak \u00e0 volont\u00e9 | +<strong>6$ sur votre acc\u00e8s<\/strong><\/li>\n<li><strong>Acc\u00e8s plage blanchet<\/strong> : situ\u00e9 \u00e0 3 minutes en voiture de notre site, gratuit pour les clients en h\u00e9bergement, pr\u00e9sentez-vous \u00e0 l&rsquo;accueil pour obtenir votre laissez-passer.<\/li>\n<\/ul>\n<\/li>\n<\/ul>\n<p><strong>* 15% du montant requis lors de la r\u00e9servation, annulation gratuite jusqu&rsquo;au jour de l&rsquo;arriv\u00e9e.<\/strong><\/p>\n<p>* La TPS\/TVQ et taxe d&rsquo;h\u00e9bergement s&rsquo;appliquent en sus.<\/p>\n                        <\/div>\n\n\n                                                <\/div>\n        <\/div>\n    <\/div>\n<\/section>\n\n\n\n<section id=\"marina\" class=\"block block-columns block--fix block--light block--limit10 block--margin-\"  >\n    <div class=\"block__inner\">\n        <div class=\"grid \">\n\t                        <div class=\"row mb-1\">\n                                                    <div class=\"col\">\n                                    <h2 style=\"color:#2f328a;\" class=\"heading--h5 mt-2\">Marina<\/h2>\n                                <\/div>\n                            \n                <\/div>\n\t                    <div class=\"row  row--all-text\">\n                \n                                            <div class=\"col col--xl-6  col--text\">\n                                                        <h2><span style=\"color: #2f328a;\">horaire<\/span><\/h2>\n<ul>\n<li><strong>Mai \u00e0 Octobre<\/strong><br \/>\nTous les jours de 10 hrs \u00e0 17 hrs<\/li>\n<\/ul>\n<p>* contactez-nous pour les informations pour les saisonniers<\/p>\n                        <\/div>\n\n\n                                    \n                                            <div class=\"col col--xl-6  col--text\">\n                                                        <h2><span style=\"color: #2f328a;\">TARIFS<\/span><\/h2>\n<ul>\n<li style=\"list-style-type: none;\">\n<ul>\n<li style=\"list-style-type: none;\">\n<ul>\n<li>Mai \u00e0 Octobre <strong>| 50$ \/ nuit\u00e9e | 300$ \/ semaine<\/strong><\/li>\n<li>visiteur 1\/2 journ\u00e9e <strong>| 20$<\/strong><\/li>\n<\/ul>\n<\/li>\n<\/ul>\n<\/li>\n<\/ul>\n<p>*tps\/tvq non incluse<\/p>\n                        <\/div>\n\n\n                                                <\/div>\n        <\/div>\n    <\/div>\n<\/section>\n","protected":false},"excerpt":{"rendered":"","protected":false},"author":1,"featured_media":0,"parent":0,"menu_order":0,"comment_status":"closed","ping_status":"closed","template":"","meta":{"_acf_changed":false,"footnotes":""},"class_list":["post-1427","page","type-page","status-publish","hentry"],"acf":[],"yoast_head":"<!-- This site is optimized with the Yoast SEO plugin v27.0 - https:\/\/yoast.com\/product\/yoast-seo-wordpress\/ -->\n<title>Tarifs et horaire - Parc Octopus<\/title>\n<meta name=\"description\" content=\"Tous les tarifs du parc aquatique, camping, location de kayak et paddleboard, pr\u00eat-\u00e0-camper disponible ici.\" \/>\n<meta name=\"robots\" content=\"index, follow, max-snippet:-1, max-image-preview:large, max-video-preview:-1\" \/>\n<link rel=\"canonical\" href=\"https:\/\/parcoctopus.com\/\/tarifs-et-horaire\/\" \/>\n<meta property=\"og:locale\" content=\"fr_FR\" \/>\n<meta property=\"og:type\" content=\"article\" \/>\n<meta property=\"og:title\" content=\"Tarifs et horaire - Parc Octopus\" \/>\n<meta property=\"og:description\" content=\"Tous les tarifs du parc aquatique, camping, location de kayak et paddleboard, pr\u00eat-\u00e0-camper disponible ici.\" \/>\n<meta property=\"og:url\" content=\"https:\/\/parcoctopus.com\/\/tarifs-et-horaire\/\" \/>\n<meta property=\"og:site_name\" content=\"Parc Octopus\" \/>\n<meta property=\"article:modified_time\" content=\"2026-03-11T16:25:16+00:00\" \/>\n<meta property=\"og:image\" content=\"https:\/\/parcoctopus.com\/app\/uploads\/2021\/05\/opengraphnew.jpg\" \/>\n\t<meta property=\"og:image:width\" content=\"1200\" \/>\n\t<meta property=\"og:image:height\" content=\"630\" \/>\n\t<meta property=\"og:image:type\" content=\"image\/jpeg\" \/>\n<meta name=\"twitter:card\" content=\"summary_large_image\" \/>\n<!-- \/ Yoast SEO plugin. -->","yoast_head_json":{"title":"Tarifs et horaire - Parc Octopus","description":"Tous les tarifs du parc aquatique, camping, location de kayak et paddleboard, pr\u00eat-\u00e0-camper disponible ici.","robots":{"index":"index","follow":"follow","max-snippet":"max-snippet:-1","max-image-preview":"max-image-preview:large","max-video-preview":"max-video-preview:-1"},"canonical":"https:\/\/parcoctopus.com\/\/tarifs-et-horaire\/","og_locale":"fr_FR","og_type":"article","og_title":"Tarifs et horaire - Parc Octopus","og_description":"Tous les tarifs du parc aquatique, camping, location de kayak et paddleboard, pr\u00eat-\u00e0-camper disponible ici.","og_url":"https:\/\/parcoctopus.com\/\/tarifs-et-horaire\/","og_site_name":"Parc Octopus","article_modified_time":"2026-03-11T16:25:16+00:00","og_image":[{"width":1200,"height":630,"url":"https:\/\/parcoctopus.com\/app\/uploads\/2021\/05\/opengraphnew.jpg","type":"image\/jpeg"}],"twitter_card":"summary_large_image","schema":{"@context":"https:\/\/schema.org","@graph":[{"@type":"WebPage","@id":"https:\/\/parcoctopus.com\/\/tarifs-et-horaire\/","url":"https:\/\/parcoctopus.com\/\/tarifs-et-horaire\/","name":"Tarifs et horaire - Parc Octopus","isPartOf":{"@id":"https:\/\/parcoctopus.com\/#website"},"datePublished":"2021-03-10T21:28:07+00:00","dateModified":"2026-03-11T16:25:16+00:00","description":"Tous les tarifs du parc aquatique, camping, location de kayak et paddleboard, pr\u00eat-\u00e0-camper disponible ici.","inLanguage":"fr-FR","potentialAction":[{"@type":"ReadAction","target":["https:\/\/parcoctopus.com\/\/tarifs-et-horaire\/"]}]},{"@type":"WebSite","@id":"https:\/\/parcoctopus.com\/#website","url":"https:\/\/parcoctopus.com\/","name":"Parc Octopus","description":"H\u00e9bergement, camping, parc aquatique","potentialAction":[{"@type":"SearchAction","target":{"@type":"EntryPoint","urlTemplate":"https:\/\/parcoctopus.com\/?s={search_term_string}"},"query-input":{"@type":"PropertyValueSpecification","valueRequired":true,"valueName":"search_term_string"}}],"inLanguage":"fr-FR"}]}},"_links":{"self":[{"href":"https:\/\/parcoctopus.com\/de\/wp-json\/wp\/v2\/pages\/1427","targetHints":{"allow":["GET"]}}],"collection":[{"href":"https:\/\/parcoctopus.com\/de\/wp-json\/wp\/v2\/pages"}],"about":[{"href":"https:\/\/parcoctopus.com\/de\/wp-json\/wp\/v2\/types\/page"}],"author":[{"embeddable":true,"href":"https:\/\/parcoctopus.com\/de\/wp-json\/wp\/v2\/users\/1"}],"replies":[{"embeddable":true,"href":"https:\/\/parcoctopus.com\/de\/wp-json\/wp\/v2\/comments?post=1427"}],"version-history":[{"count":253,"href":"https:\/\/parcoctopus.com\/de\/wp-json\/wp\/v2\/pages\/1427\/revisions"}],"predecessor-version":[{"id":34708,"href":"https:\/\/parcoctopus.com\/de\/wp-json\/wp\/v2\/pages\/1427\/revisions\/34708"}],"wp:attachment":[{"href":"https:\/\/parcoctopus.com\/de\/wp-json\/wp\/v2\/media?parent=1427"}],"curies":[{"name":"wp","href":"https:\/\/api.w.org\/{rel}","templated":true}]}}