{"id":1429,"date":"2021-03-10T21:31:59","date_gmt":"2021-03-10T21:31:59","guid":{"rendered":"https:\/\/parcoctopus.com\/?page_id=1429"},"modified":"2026-03-11T11:01:46","modified_gmt":"2026-03-11T15:01:46","slug":"infos-pratiques","status":"publish","type":"page","link":"https:\/\/parcoctopus.com\/de\/infos-pratiques\/","title":{"rendered":"Infos pratiques"},"content":{"rendered":"\n<section  class=\"block block-default block--light block--limit6 \"  >\n        <div class=\"block__inner\">\n\t    <div class=\"grid \">\n\t        <div class=\"row\">\n\t            <div class=\"col col--\">\n\t                <div class=\"block-default__text\">\n\t                    \t\t\t\t\t\t<div class=\"default-text-acf\">\n\t\t\t\t\t\t\t<h2>Planifier votre visite<\/h2>\n<p><strong>Voici quelques informations pour vous aider \u00e0 planifier votre visite :<\/strong><\/p>\n<p><strong>P\u00e9riode estivale<\/strong><\/p>\n<p><strong>H\u00e9bergement<\/strong><\/p>\n<ul>\n<li>Stationnement gratuit sur place.<\/li>\n<li>Arriv\u00e9e\/d\u00e9part en chambre et chalet : 16:00\/11:00<\/li>\n<li>Animaux interdit.<\/li>\n<li>Chaque unit\u00e9 poss\u00e8de sa propre salle de bain, cuisinette et balcon.<\/li>\n<li>Wifi gratuit<\/li>\n<li>Cafeti\u00e8re (caf\u00e9 inclus), literie, vaisselle et ustensile fournit.<\/li>\n<li>Arriv\u00e9e tardive possible, vous recevrez un code d&rsquo;acc\u00e8s en fin de journ\u00e9e.<\/li>\n<\/ul>\n<p><strong>Parc aquatique<\/strong><\/p>\n<ul>\n<li>Ne pas oublier votre cr\u00e8me solaire et serviettes.<\/li>\n<li>Grandeur minimum 43 pouces.<\/li>\n<li>Surveillance par notre \u00e9quipe de sauveteurs en continu.<\/li>\n<li>Restaurant sur place pour le diner tous les jours.<\/li>\n<li>Boite \u00e0 lunch, glaci\u00e8re et chaise interdite sur les quais.<\/li>\n<li>Espace spectateur disponible pr\u00e8s du parc aquatique.<\/li>\n<li>Veste de flottaison obligatoire et incluse avec votre billet.<\/li>\n<li>M\u00e9t\u00e9o : ouvert m\u00eame en cas de pluie, fermeture temporaire en cas d&rsquo;\u00e9clair pour 30 minutes.<\/li>\n<li>Zone jeu incluse avec votre billet,\u00a0 jeu de table, jeu de soci\u00e9t\u00e9, rafraichissement, chauffe-terrasse et activit\u00e9s pour tous les \u00e2ges.<\/li>\n<li>D\u00e9panneur sur place pour vos souvenirs.<\/li>\n<li>Bloc sanitaire et douche sur place.<\/li>\n<\/ul>\n<p><strong>Automne\/hiver<\/strong><\/p>\n<ul>\n<li>Stationnement gratuit sur place et espace pour remorque.<\/li>\n<li>D\u00e9panneur sur place.<\/li>\n<li>Accessible via la v\u00e9loroute.<\/li>\n<li>Accessible via les sentiers de motoneige.<\/li>\n<li>Accessible 24 heures, entr\u00e9e autonome.<\/li>\n<li>Zone spa et sauna sur place inclus avec votre r\u00e9servation.<\/li>\n<li>Salle locative disponible sur place.<\/li>\n<li>Forfait pour groupe disponible.<\/li>\n<\/ul>\n\t\t\t\t\t\t\t\t\t\t\t\t\t<\/div>\n                    <\/div>\n                <\/div>\n            <\/div>\n        <\/div>\n    <\/div>\n<\/section>\n\n\n\n<section  class=\"block block-tiles block--darkalt block-tiles--mode-flex\"  >\n        <div class=\"block__inner\">\n        <div class=\"grid grid--large-gutters\">\n                \n                            <div class=\"row\">\n                    <div class=\"col\">\n                        <div class=\"tiles\">\n                                                            <div class=\"tile\">\n                                    <div class=\"tile__icon\">\n                                        <img decoding=\"async\" class=\"tile__icon__img icon icon--svg\" src=\"https:\/\/parcoctopus.com\/app\/uploads\/2021\/04\/faq-1.svg\" alt=\"\">\n                                    <\/div>\n                                    <div class=\"tile__info\">\n                                        <h4 class=\"tile__title h4\">foire aux questions<\/h4>\n\n                                        \n                                                                            <\/div>\n                                                                            <a class=\"btn\" target=\"\" href=\"https:\/\/parcoctopus.com\/foire-aux-questions\/\">consulter la FAQ<\/a>\n                                                                    <\/div>\n                                                            <div class=\"tile\">\n                                    <div class=\"tile__icon\">\n                                        <img decoding=\"async\" class=\"tile__icon__img icon icon--svg\" src=\"https:\/\/parcoctopus.com\/app\/uploads\/2021\/04\/restaurant-1.svg\" alt=\"\">\n                                    <\/div>\n                                    <div class=\"tile__info\">\n                                        <h4 class=\"tile__title h4\">restauration<\/h4>\n\n                                        \n                                                                            <\/div>\n                                                                            <a class=\"btn\" target=\"\" href=\"https:\/\/parcoctopus.com\/restauration\/\">Restauration<\/a>\n                                                                    <\/div>\n                                                            <div class=\"tile\">\n                                    <div class=\"tile__icon\">\n                                        <img decoding=\"async\" class=\"tile__icon__img icon icon--svg\" src=\"https:\/\/parcoctopus.com\/app\/uploads\/2021\/04\/news-1.svg\" alt=\"\">\n                                    <\/div>\n                                    <div class=\"tile__info\">\n                                        <h4 class=\"tile__title h4\">r\u00e8glements<\/h4>\n\n                                        \n                                                                            <\/div>\n                                                                            <a class=\"btn\" target=\"\" href=\"https:\/\/parcoctopus.com\/reglements\/\">Consulter les r\u00e8glements<\/a>\n                                                                    <\/div>\n                                                    <\/div>\n                    <\/div>\n                <\/div>\n                \n                \n        <\/div>\n    <\/div>\n<\/section>\n\n\n<section id=\"activite-proximite\" class=\"block block-image-side block--light block-image-side--mode-grid block--side-left block--size-4\"  >\n                <div class=\"block__inner\">\n            <div class=\"grid grid--medium-gutters \">\n                    <div class=\"row row--sm-top\">\n                    <div class=\"col col--xl-4 col--xs-12 col--img col--img--image\">\n                        <div class=\"image image--photo image--left image--full  wow slideInLeft\" >\n                                                                <img loading=\"lazy\" decoding=\"async\" width=\"2282\" height=\"986\" src=\"https:\/\/parcoctopus.com\/app\/uploads\/2025\/06\/Saglac_Bleu_RGB_Positionnement_FR.png\" class=\"attachment-610 size-610\" alt=\"\" srcset=\"https:\/\/parcoctopus.com\/app\/uploads\/2025\/06\/Saglac_Bleu_RGB_Positionnement_FR.png 2282w, https:\/\/parcoctopus.com\/app\/uploads\/2025\/06\/Saglac_Bleu_RGB_Positionnement_FR-600x259.png 600w, https:\/\/parcoctopus.com\/app\/uploads\/2025\/06\/Saglac_Bleu_RGB_Positionnement_FR-300x130.png 300w, https:\/\/parcoctopus.com\/app\/uploads\/2025\/06\/Saglac_Bleu_RGB_Positionnement_FR-1024x442.png 1024w, https:\/\/parcoctopus.com\/app\/uploads\/2025\/06\/Saglac_Bleu_RGB_Positionnement_FR-768x332.png 768w, https:\/\/parcoctopus.com\/app\/uploads\/2025\/06\/Saglac_Bleu_RGB_Positionnement_FR-1536x664.png 1536w, https:\/\/parcoctopus.com\/app\/uploads\/2025\/06\/Saglac_Bleu_RGB_Positionnement_FR-2048x885.png 2048w\" sizes=\"auto, (max-width: 2282px) 100vw, 2282px\" \/>                                                                                            <\/div>\n                        <\/div>\n                    <div class=\"col col--xl-8 col--xs-12 col--info\">\n                        <div class=\"info\">\n                                                            <h2>Activit\u00e9 \u00e0 proximit\u00e9<\/h2>\n                                                        \t\t\t\t\t\t\t\t<p>Planifiez votre s\u00e9jour chez nous sera\u00a0 facile gr\u00e2ce aux nombreuses activit\u00e9s disponibles directement sur notre site ou \u00e0 proximit\u00e9 dans notre r\u00e9gion,\u00a0 d\u00e9couvrez- les ici!<\/p>\n<p><a class=\"btn\" href=\"https:\/\/parcoctopus.com\/activite-a-proximite\/\" target=\"\"><span class=\"btn__inner\">Activit\u00e9 \u00e0 proximit\u00e9<\/span><\/a><\/p>\n                            \n                            <div class=\"lien\">\n                                                        <\/div>\n\n                        <\/div>\n                    <\/div>\n                <\/div>\n            <\/div>\n        <\/div>\n    \n<\/section>\n\n\n\n<section id=\"protection-renseignements-personnels\" class=\"block block-default block--fix block--light block--limit12 \"  >\n        <div class=\"block__inner\">\n\t    <div class=\"grid \">\n\t        <div class=\"row\">\n\t            <div class=\"col col--\">\n\t                <div class=\"block-default__text\">\n\t                    \t                        <h2>Protection des renseignements personnels<\/h2>\n\t\t\t\t\t\t\t\t\t\t\t\t<div class=\"default-text-acf\">\n\t\t\t\t\t\t\t<p>La s\u00e9curit\u00e9 de nos clients est tr\u00e8s importante pour nous, il en est de m\u00eame pour leurs informations personnelles, vous pouvez ici consulter nos politiques li\u00e9es \u00e0 la protection des renseignements personnels.<\/p>\n<p>Le responsable \u00e0 contacter en cas d&rsquo;incident ou pour toutes questions concernant la gestion des renseignements personnels est la suivante :<\/p>\n<p>M. Evens Pelletier, directeur g\u00e9n\u00e9ral,\u00a0 direction@parcoctopus.com, 581-221-2487<\/p>\n<p><a class=\"btn btn--pdf\" href=\"https:\/\/parcoctopus.com\/app\/uploads\/2023\/11\/politique-protection-des-renseigements-personnels.pdf\" target=\"\"><span class=\"btn__inner\">Politique protection renseigements personnels<\/span><\/a><\/p>\n<p><a class=\"btn btn--pdf\" href=\"https:\/\/parcoctopus.com\/app\/uploads\/2023\/11\/politique-de-registre-des-incidents.pdf\" target=\"\"><span class=\"btn__inner\">Politique gestion des incidents<\/span><\/a><\/p>\n\t\t\t\t\t\t\t\t\t\t\t\t\t<\/div>\n                    <\/div>\n                <\/div>\n            <\/div>\n        <\/div>\n    <\/div>\n<\/section>\n\n\n\n\n<section  class=\"block block-image block--light\"  >\n                    <div class=\"block__bg\">\n                \n                <div class=\"block__bg__img\" style=\"background-image:url(https:\/\/parcoctopus.com\/app\/uploads\/2021\/04\/ER-09095-TWIST_bleu.jpg);\"><\/div>\n            <\/div>                <div class=\"block__inner\">\n                    <div class=\"grid\">\n                        <div class=\"row\">\n                            <div class=\"col\">\n                            <\/div>\n                        <\/div>\n                    <\/div>\n                <\/div>\n            <\/section>\n","protected":false},"excerpt":{"rendered":"","protected":false},"author":1,"featured_media":0,"parent":0,"menu_order":0,"comment_status":"closed","ping_status":"closed","template":"","meta":{"_acf_changed":false,"footnotes":""},"class_list":["post-1429","page","type-page","status-publish","hentry"],"acf":[],"yoast_head":"<!-- This site is optimized with the Yoast SEO plugin v27.0 - https:\/\/yoast.com\/product\/yoast-seo-wordpress\/ -->\n<title>Infos pratiques - Parc Octopus<\/title>\n<meta name=\"description\" content=\"Infos pratiques pour une visite au Parc Octopus, itin\u00e9raire google, qu&#039;est ce que vous pouvez apporter, r\u00e8glements.\" \/>\n<meta name=\"robots\" content=\"index, follow, max-snippet:-1, max-image-preview:large, max-video-preview:-1\" \/>\n<link rel=\"canonical\" href=\"https:\/\/parcoctopus.com\/\/infos-pratiques\/\" \/>\n<meta property=\"og:locale\" content=\"fr_FR\" \/>\n<meta property=\"og:type\" content=\"article\" \/>\n<meta property=\"og:title\" content=\"Infos pratiques - Parc Octopus\" \/>\n<meta property=\"og:description\" content=\"Infos pratiques pour une visite au Parc Octopus, itin\u00e9raire google, qu&#039;est ce que vous pouvez apporter, r\u00e8glements.\" \/>\n<meta property=\"og:url\" content=\"https:\/\/parcoctopus.com\/\/infos-pratiques\/\" \/>\n<meta property=\"og:site_name\" content=\"Parc Octopus\" \/>\n<meta property=\"article:modified_time\" content=\"2026-03-11T15:01:46+00:00\" \/>\n<meta property=\"og:image\" content=\"https:\/\/parcoctopus.com\/app\/uploads\/2021\/05\/opengraphnew.jpg\" \/>\n\t<meta property=\"og:image:width\" content=\"1200\" \/>\n\t<meta property=\"og:image:height\" content=\"630\" \/>\n\t<meta property=\"og:image:type\" content=\"image\/jpeg\" \/>\n<meta name=\"twitter:card\" content=\"summary_large_image\" \/>\n<!-- \/ Yoast SEO plugin. -->","yoast_head_json":{"title":"Infos pratiques - Parc Octopus","description":"Infos pratiques pour une visite au Parc Octopus, itin\u00e9raire google, qu'est ce que vous pouvez apporter, r\u00e8glements.","robots":{"index":"index","follow":"follow","max-snippet":"max-snippet:-1","max-image-preview":"max-image-preview:large","max-video-preview":"max-video-preview:-1"},"canonical":"https:\/\/parcoctopus.com\/\/infos-pratiques\/","og_locale":"fr_FR","og_type":"article","og_title":"Infos pratiques - Parc Octopus","og_description":"Infos pratiques pour une visite au Parc Octopus, itin\u00e9raire google, qu'est ce que vous pouvez apporter, r\u00e8glements.","og_url":"https:\/\/parcoctopus.com\/\/infos-pratiques\/","og_site_name":"Parc Octopus","article_modified_time":"2026-03-11T15:01:46+00:00","og_image":[{"width":1200,"height":630,"url":"https:\/\/parcoctopus.com\/app\/uploads\/2021\/05\/opengraphnew.jpg","type":"image\/jpeg"}],"twitter_card":"summary_large_image","schema":{"@context":"https:\/\/schema.org","@graph":[{"@type":"WebPage","@id":"https:\/\/parcoctopus.com\/\/infos-pratiques\/","url":"https:\/\/parcoctopus.com\/\/infos-pratiques\/","name":"Infos pratiques - Parc Octopus","isPartOf":{"@id":"https:\/\/parcoctopus.com\/#website"},"datePublished":"2021-03-10T21:31:59+00:00","dateModified":"2026-03-11T15:01:46+00:00","description":"Infos pratiques pour une visite au Parc Octopus, itin\u00e9raire google, qu'est ce que vous pouvez apporter, r\u00e8glements.","inLanguage":"fr-FR","potentialAction":[{"@type":"ReadAction","target":["https:\/\/parcoctopus.com\/\/infos-pratiques\/"]}]},{"@type":"WebSite","@id":"https:\/\/parcoctopus.com\/#website","url":"https:\/\/parcoctopus.com\/","name":"Parc Octopus","description":"H\u00e9bergement, camping, parc aquatique","potentialAction":[{"@type":"SearchAction","target":{"@type":"EntryPoint","urlTemplate":"https:\/\/parcoctopus.com\/?s={search_term_string}"},"query-input":{"@type":"PropertyValueSpecification","valueRequired":true,"valueName":"search_term_string"}}],"inLanguage":"fr-FR"}]}},"_links":{"self":[{"href":"https:\/\/parcoctopus.com\/de\/wp-json\/wp\/v2\/pages\/1429","targetHints":{"allow":["GET"]}}],"collection":[{"href":"https:\/\/parcoctopus.com\/de\/wp-json\/wp\/v2\/pages"}],"about":[{"href":"https:\/\/parcoctopus.com\/de\/wp-json\/wp\/v2\/types\/page"}],"author":[{"embeddable":true,"href":"https:\/\/parcoctopus.com\/de\/wp-json\/wp\/v2\/users\/1"}],"replies":[{"embeddable":true,"href":"https:\/\/parcoctopus.com\/de\/wp-json\/wp\/v2\/comments?post=1429"}],"version-history":[{"count":110,"href":"https:\/\/parcoctopus.com\/de\/wp-json\/wp\/v2\/pages\/1429\/revisions"}],"predecessor-version":[{"id":34693,"href":"https:\/\/parcoctopus.com\/de\/wp-json\/wp\/v2\/pages\/1429\/revisions\/34693"}],"wp:attachment":[{"href":"https:\/\/parcoctopus.com\/de\/wp-json\/wp\/v2\/media?parent=1429"}],"curies":[{"name":"wp","href":"https:\/\/api.w.org\/{rel}","templated":true}]}}