{"id":1897,"date":"2021-04-06T15:20:02","date_gmt":"2021-04-06T15:20:02","guid":{"rendered":"https:\/\/parcoctopus.com\/?page_id=1897"},"modified":"2023-10-25T13:32:24","modified_gmt":"2023-10-25T17:32:24","slug":"nouvelles","status":"publish","type":"page","link":"https:\/\/parcoctopus.com\/de\/nouvelles\/","title":{"rendered":"Nouvelles"},"content":{"rendered":"\n\n<section id=\"nouvelles\"  class=\"block block-bloc-archive block--light nouvelles_wrap block--limit8\"  >\n\t<div class=\"block__inner\" class=\"nouvelles_inner\">\n\t\t<div class=\"grid\">\n\t\t\t<div class=\"row\">\n\t\t\t\t\t\t\t\t\t<div class=\"col\">\n\t\t\t\t\t\t<div class=\"background-white\">\n\n\t\t\t\t\t\t\t<div class=\"row \">\n\t\t\t\t\t\t\t\t<div class=\"col col--xs-12 col--info\">\n\t\t\t\t\t\t\t\t\t<div class=\"color-ctn\">\t\t\t\t\t\n\t\t\t\t\t\t\t\t\t\t<div class=\"info\">\n\t\t\t\t\t\t\t\t\t\t\t<h5 class=\"info--title\">\n\t\t\t\t\t\t\t\t\t\t\t\t\t\t\t\t\t\t\t\t\t\t\t\t\t05 d\u00e9cembre 2025\t\t\t\t\t\t\t\t\t\t\t\t\t\t\t\t\t\t\t\t\t\t\t<\/h5>\n\t\n\t\t\t\t\t\t\t\t\t\t\t\t\t\t\t\t\t\t\t\t\t\t\t<h4>H\u00e9bergement hivervale et relais pour motoneigistes<\/h4>\n\t\t\t\t\t\t\t\t\t\t\t\t\t\t\t\t\t\t\t\t\t\t\t\t\t\t\t\t\t\t\t\t\t\t<p>D\u00e8s janvier 2026, nos h\u00e9bergements en chambre et chalet ainsi que notre relais motoneige seront ouvert aux motoneigistes, clients en h\u00e9bergement ou clients passants!\u00a0 \u00a0Parfaits pour prendre une pause, ouvert du jeudi au dimanche, d\u00e9jeuner disponible samedi et dimanche.\u00a0 D\u00e9couvrez nos options bo\u00eete-repas pour votre souper si vous \u00eates h\u00e9berg\u00e9 chez nous pour votre s\u00e9jour au Saguenay-Lac-Saint-Jean.\u00a0 Accessible directement via le sentier 83 ou la route 169 \u00e0 Desbiens.<\/p>\n\t\t\t\t\t\t\t\t\t\t\t\t\t\t\t\t\t\t\t\t\t<\/div>\n\t\t\t\t\t\t\t\t\t<\/div>\n\t\t\t\t\t\t\t\t<\/div>\n\t\t\t\t\t\t\t<\/div>\n\t\t\t\t\t\t\t\n\t\t\t\t\t\t<\/div>\n\t\t\t\t\t<hr>\n\t\t\t\t\t<\/div>\n\t\t\t\t\t\t\t\t\t<div class=\"col\">\n\t\t\t\t\t\t<div class=\"background-white\">\n\n\t\t\t\t\t\t\t<div class=\"row \">\n\t\t\t\t\t\t\t\t<div class=\"col col--xs-12 col--info\">\n\t\t\t\t\t\t\t\t\t<div class=\"color-ctn\">\t\t\t\t\t\n\t\t\t\t\t\t\t\t\t\t<div class=\"info\">\n\t\t\t\t\t\t\t\t\t\t\t<h5 class=\"info--title\">\n\t\t\t\t\t\t\t\t\t\t\t\t\t\t\t\t\t\t\t\t\t\t\t\t\t17 d\u00e9cembre 2023\t\t\t\t\t\t\t\t\t\t\t\t\t\t\t\t\t\t\t\t\t\t\t<\/h5>\n\t\n\t\t\t\t\t\t\t\t\t\t\t\t\t\t\t\t\t\t\t\t\t\t\t<h4>Forfait aquaplus<\/h4>\n\t\t\t\t\t\t\t\t\t\t\t\t\t\t\t\t\t\t\t\t\t\t\t\t\t\t\t\t\t\t\t\t\t\t<p>Nouveaut\u00e9 au Parc Octopus en 2024,\u00a0 l&rsquo;option Extra aquaplus,\u00a0 pour 6$ suppl\u00e9mentaire seulement,\u00a0 vous avez acc\u00e8s aux planches \u00e0 pagaie et kayak \u00e0 volont\u00e9 lors de votre visite!\u00a0 \u00a0Profitez-en,\u00a0 l&rsquo;option est \u00e9galement disponible pour les billets multi-jour pour nos clients en h\u00e9bergement, donc valide pour toute la dur\u00e9e de leur s\u00e9jour.<\/p>\n\t\t\t\t\t\t\t\t\t\t\t\t\t\t\t\t\t\t\t\t\t<\/div>\n\t\t\t\t\t\t\t\t\t<\/div>\n\t\t\t\t\t\t\t\t<\/div>\n\t\t\t\t\t\t\t<\/div>\n\t\t\t\t\t\t\t\n\t\t\t\t\t\t<\/div>\n\t\t\t\t\t<hr>\n\t\t\t\t\t<\/div>\n\t\t\t\t\t\t\t\t\t<div class=\"col\">\n\t\t\t\t\t\t<div class=\"background-white\">\n\n\t\t\t\t\t\t\t<div class=\"row \">\n\t\t\t\t\t\t\t\t<div class=\"col col--xs-12 col--info\">\n\t\t\t\t\t\t\t\t\t<div class=\"color-ctn\">\t\t\t\t\t\n\t\t\t\t\t\t\t\t\t\t<div class=\"info\">\n\t\t\t\t\t\t\t\t\t\t\t<h5 class=\"info--title\">\n\t\t\t\t\t\t\t\t\t\t\t\t\t\t\t\t\t\t\t\t\t\t\t\t\t20 juin 2023\t\t\t\t\t\t\t\t\t\t\t\t\t\t\t\t\t\t\t\t\t\t\t<\/h5>\n\t\n\t\t\t\t\t\t\t\t\t\t\t\t\t\t\t\t\t\t\t\t\t\t\t<h4>Ouverture 2023<\/h4>\n\t\t\t\t\t\t\t\t\t\t\t\t\t\t\t\t\t\t\t\t\t\t\t\t\t\t\t\t\t\t\t\t\t\t<p>Le parc aquatique est maintenant ouvert 7 jours sur 7, 10hrs \u00e0 17hrs, achetez vos billets en ligne rapidement!\u00a0 Le restaurant est \u00e9galement ouvert de 11hrs \u00e0 21hrs tous les jours pour vos petites et grosses fringales!<\/p>\n\t\t\t\t\t\t\t\t\t\t\t\t\t\t\t\t\t\t\t\t\t<\/div>\n\t\t\t\t\t\t\t\t\t<\/div>\n\t\t\t\t\t\t\t\t<\/div>\n\t\t\t\t\t\t\t<\/div>\n\t\t\t\t\t\t\t\n\t\t\t\t\t\t<\/div>\n\t\t\t\t\t<hr>\n\t\t\t\t\t<\/div>\n\t\t\t\t\t\t\t<\/div>\n\t\t<\/div>\n\t<\/div>\n<\/section>\n","protected":false},"excerpt":{"rendered":"","protected":false},"author":1,"featured_media":0,"parent":0,"menu_order":0,"comment_status":"closed","ping_status":"closed","template":"","meta":{"_acf_changed":false,"footnotes":""},"class_list":["post-1897","page","type-page","status-publish","hentry"],"acf":[],"yoast_head":"<!-- This site is optimized with the Yoast SEO plugin v27.0 - https:\/\/yoast.com\/product\/yoast-seo-wordpress\/ -->\n<title>Nouvelles - Parc Octopus<\/title>\n<meta name=\"description\" content=\"Suivez ici les nouvelles, promotions, mise \u00e0 jour, \u00e9v\u00e9nements et activit\u00e9s au Parc Octopus\" \/>\n<meta name=\"robots\" content=\"index, follow, max-snippet:-1, max-image-preview:large, max-video-preview:-1\" \/>\n<link rel=\"canonical\" href=\"https:\/\/parcoctopus.com\/nouvelles\/\" \/>\n<meta property=\"og:locale\" content=\"fr_FR\" \/>\n<meta property=\"og:type\" content=\"article\" \/>\n<meta property=\"og:title\" content=\"Nouvelles - Parc Octopus\" \/>\n<meta property=\"og:description\" content=\"Suivez ici les nouvelles, promotions, mise \u00e0 jour, \u00e9v\u00e9nements et activit\u00e9s au Parc Octopus\" \/>\n<meta property=\"og:url\" content=\"https:\/\/parcoctopus.com\/nouvelles\/\" \/>\n<meta property=\"og:site_name\" content=\"Parc Octopus\" \/>\n<meta property=\"article:modified_time\" content=\"2023-10-25T17:32:24+00:00\" \/>\n<meta property=\"og:image\" content=\"https:\/\/parcoctopus.com\/app\/uploads\/2021\/05\/opengraphnew.jpg\" \/>\n\t<meta property=\"og:image:width\" content=\"1200\" \/>\n\t<meta property=\"og:image:height\" content=\"630\" \/>\n\t<meta property=\"og:image:type\" content=\"image\/jpeg\" \/>\n<meta name=\"twitter:card\" content=\"summary_large_image\" \/>\n<!-- \/ Yoast SEO plugin. -->","yoast_head_json":{"title":"Nouvelles - Parc Octopus","description":"Suivez ici les nouvelles, promotions, mise \u00e0 jour, \u00e9v\u00e9nements et activit\u00e9s au Parc Octopus","robots":{"index":"index","follow":"follow","max-snippet":"max-snippet:-1","max-image-preview":"max-image-preview:large","max-video-preview":"max-video-preview:-1"},"canonical":"https:\/\/parcoctopus.com\/nouvelles\/","og_locale":"fr_FR","og_type":"article","og_title":"Nouvelles - Parc Octopus","og_description":"Suivez ici les nouvelles, promotions, mise \u00e0 jour, \u00e9v\u00e9nements et activit\u00e9s au Parc Octopus","og_url":"https:\/\/parcoctopus.com\/nouvelles\/","og_site_name":"Parc Octopus","article_modified_time":"2023-10-25T17:32:24+00:00","og_image":[{"width":1200,"height":630,"url":"https:\/\/parcoctopus.com\/app\/uploads\/2021\/05\/opengraphnew.jpg","type":"image\/jpeg"}],"twitter_card":"summary_large_image","schema":{"@context":"https:\/\/schema.org","@graph":[{"@type":"WebPage","@id":"https:\/\/parcoctopus.com\/nouvelles\/","url":"https:\/\/parcoctopus.com\/nouvelles\/","name":"Nouvelles - Parc Octopus","isPartOf":{"@id":"https:\/\/parcoctopus.com\/#website"},"datePublished":"2021-04-06T15:20:02+00:00","dateModified":"2023-10-25T17:32:24+00:00","description":"Suivez ici les nouvelles, promotions, mise \u00e0 jour, \u00e9v\u00e9nements et activit\u00e9s au Parc Octopus","inLanguage":"fr-FR","potentialAction":[{"@type":"ReadAction","target":["https:\/\/parcoctopus.com\/nouvelles\/"]}]},{"@type":"WebSite","@id":"https:\/\/parcoctopus.com\/#website","url":"https:\/\/parcoctopus.com\/","name":"Parc Octopus","description":"H\u00e9bergement, camping, parc aquatique","potentialAction":[{"@type":"SearchAction","target":{"@type":"EntryPoint","urlTemplate":"https:\/\/parcoctopus.com\/?s={search_term_string}"},"query-input":{"@type":"PropertyValueSpecification","valueRequired":true,"valueName":"search_term_string"}}],"inLanguage":"fr-FR"}]}},"_links":{"self":[{"href":"https:\/\/parcoctopus.com\/de\/wp-json\/wp\/v2\/pages\/1897","targetHints":{"allow":["GET"]}}],"collection":[{"href":"https:\/\/parcoctopus.com\/de\/wp-json\/wp\/v2\/pages"}],"about":[{"href":"https:\/\/parcoctopus.com\/de\/wp-json\/wp\/v2\/types\/page"}],"author":[{"embeddable":true,"href":"https:\/\/parcoctopus.com\/de\/wp-json\/wp\/v2\/users\/1"}],"replies":[{"embeddable":true,"href":"https:\/\/parcoctopus.com\/de\/wp-json\/wp\/v2\/comments?post=1897"}],"version-history":[{"count":24,"href":"https:\/\/parcoctopus.com\/de\/wp-json\/wp\/v2\/pages\/1897\/revisions"}],"predecessor-version":[{"id":17820,"href":"https:\/\/parcoctopus.com\/de\/wp-json\/wp\/v2\/pages\/1897\/revisions\/17820"}],"wp:attachment":[{"href":"https:\/\/parcoctopus.com\/de\/wp-json\/wp\/v2\/media?parent=1897"}],"curies":[{"name":"wp","href":"https:\/\/api.w.org\/{rel}","templated":true}]}}