{"id":2221,"date":"2021-04-14T20:28:18","date_gmt":"2021-04-14T20:28:18","guid":{"rendered":"https:\/\/parcoctopus.com\/?page_id=2221"},"modified":"2026-01-06T14:18:36","modified_gmt":"2026-01-06T19:18:36","slug":"reglements","status":"publish","type":"page","link":"https:\/\/parcoctopus.com\/de\/reglements\/","title":{"rendered":"R\u00e8glements"},"content":{"rendered":"\n<section  class=\"block block-default block--light block--limit10 \"  >\n        <div class=\"block__inner\">\n\t    <div class=\"grid \">\n\t        <div class=\"row\">\n\t            <div class=\"col col--\">\n\t                <div class=\"block-default__text\">\n\t                    \t\t\t\t\t\t<div class=\"default-text-acf\">\n\t\t\t\t\t\t\t\t\t\t\t\t\t\t\t\t\t\t\t\t<\/div>\n                    <\/div>\n                <\/div>\n            <\/div>\n        <\/div>\n    <\/div>\n<\/section>\n\n\n\n<section  class=\"block block-columns block--fix block--light block--limit12 block--margin-\"  >\n    <div class=\"block__inner\">\n        <div class=\"grid \">\n\t                    <div class=\"row  row--all-text\">\n                \n                                            <div class=\"col col--xl-4  col--text\">\n                                                        <p><a class=\"btn btn--pdf\" href=\"https:\/\/parcoctopus.com\/app\/uploads\/2021\/05\/FR_OCTOPUS_AQUAM_Safety_rules.pdf\" target=\"_blank\" rel=\"noopener\"><span class=\"btn__inner\">R\u00e8glements parc aquatique<\/span><\/a><\/p>\n                        <\/div>\n\n\n                                    \n                                            <div class=\"col col--xl-4  col--text\">\n                                                        <p><a class=\"btn\" href=\"https:\/\/parcoctopus.com\/app\/uploads\/2026\/01\/reglement_chambre-2026.pdf\" target=\"\"><span class=\"btn__inner\">R\u00e8glements h\u00e9bergements<\/span><\/a><\/p>\n                        <\/div>\n\n\n                                    \n                                            <div class=\"col col--xl-4  col--text\">\n                                                        <p><a class=\"btn btn--pdf\" href=\"https:\/\/parcoctopus.com\/app\/uploads\/2024\/01\/reglement-marina2024.pdf\" target=\"_blank\" rel=\"noopener\"><span class=\"btn__inner\">R\u00e8glements Marina<\/span><\/a><\/p>\n                        <\/div>\n\n\n                                                <\/div>\n        <\/div>\n    <\/div>\n<\/section>\n","protected":false},"excerpt":{"rendered":"","protected":false},"author":1,"featured_media":0,"parent":0,"menu_order":0,"comment_status":"closed","ping_status":"closed","template":"","meta":{"_acf_changed":false,"footnotes":""},"class_list":["post-2221","page","type-page","status-publish","hentry"],"acf":[],"yoast_head":"<!-- This site is optimized with the Yoast SEO plugin v27.0 - https:\/\/yoast.com\/product\/yoast-seo-wordpress\/ -->\n<title>R\u00e8glements - Parc Octopus<\/title>\n<meta name=\"description\" content=\"Tous les r\u00e8glements du camping, pr\u00eat-\u00e0-camper, marina et jeux aquatiques du Parc Octopus sur cette page.\" \/>\n<meta name=\"robots\" content=\"index, follow, max-snippet:-1, max-image-preview:large, max-video-preview:-1\" \/>\n<link rel=\"canonical\" href=\"https:\/\/parcoctopus.com\/\/reglements\/\" \/>\n<meta property=\"og:locale\" content=\"fr_FR\" \/>\n<meta property=\"og:type\" content=\"article\" \/>\n<meta property=\"og:title\" content=\"R\u00e8glements - Parc Octopus\" \/>\n<meta property=\"og:description\" content=\"Tous les r\u00e8glements du camping, pr\u00eat-\u00e0-camper, marina et jeux aquatiques du Parc Octopus sur cette page.\" \/>\n<meta property=\"og:url\" content=\"https:\/\/parcoctopus.com\/\/reglements\/\" \/>\n<meta property=\"og:site_name\" content=\"Parc Octopus\" \/>\n<meta property=\"article:modified_time\" content=\"2026-01-06T19:18:36+00:00\" \/>\n<meta property=\"og:image\" content=\"https:\/\/parcoctopus.com\/app\/uploads\/2021\/05\/opengraphnew.jpg\" \/>\n\t<meta property=\"og:image:width\" content=\"1200\" \/>\n\t<meta property=\"og:image:height\" content=\"630\" \/>\n\t<meta property=\"og:image:type\" content=\"image\/jpeg\" \/>\n<meta name=\"twitter:card\" content=\"summary_large_image\" \/>\n<!-- \/ Yoast SEO plugin. -->","yoast_head_json":{"title":"R\u00e8glements - Parc Octopus","description":"Tous les r\u00e8glements du camping, pr\u00eat-\u00e0-camper, marina et jeux aquatiques du Parc Octopus sur cette page.","robots":{"index":"index","follow":"follow","max-snippet":"max-snippet:-1","max-image-preview":"max-image-preview:large","max-video-preview":"max-video-preview:-1"},"canonical":"https:\/\/parcoctopus.com\/\/reglements\/","og_locale":"fr_FR","og_type":"article","og_title":"R\u00e8glements - Parc Octopus","og_description":"Tous les r\u00e8glements du camping, pr\u00eat-\u00e0-camper, marina et jeux aquatiques du Parc Octopus sur cette page.","og_url":"https:\/\/parcoctopus.com\/\/reglements\/","og_site_name":"Parc Octopus","article_modified_time":"2026-01-06T19:18:36+00:00","og_image":[{"width":1200,"height":630,"url":"https:\/\/parcoctopus.com\/app\/uploads\/2021\/05\/opengraphnew.jpg","type":"image\/jpeg"}],"twitter_card":"summary_large_image","schema":{"@context":"https:\/\/schema.org","@graph":[{"@type":"WebPage","@id":"https:\/\/parcoctopus.com\/\/reglements\/","url":"https:\/\/parcoctopus.com\/\/reglements\/","name":"R\u00e8glements - Parc Octopus","isPartOf":{"@id":"https:\/\/parcoctopus.com\/#website"},"datePublished":"2021-04-14T20:28:18+00:00","dateModified":"2026-01-06T19:18:36+00:00","description":"Tous les r\u00e8glements du camping, pr\u00eat-\u00e0-camper, marina et jeux aquatiques du Parc Octopus sur cette page.","inLanguage":"fr-FR","potentialAction":[{"@type":"ReadAction","target":["https:\/\/parcoctopus.com\/\/reglements\/"]}]},{"@type":"WebSite","@id":"https:\/\/parcoctopus.com\/#website","url":"https:\/\/parcoctopus.com\/","name":"Parc Octopus","description":"H\u00e9bergement, camping, parc aquatique","potentialAction":[{"@type":"SearchAction","target":{"@type":"EntryPoint","urlTemplate":"https:\/\/parcoctopus.com\/?s={search_term_string}"},"query-input":{"@type":"PropertyValueSpecification","valueRequired":true,"valueName":"search_term_string"}}],"inLanguage":"fr-FR"}]}},"_links":{"self":[{"href":"https:\/\/parcoctopus.com\/de\/wp-json\/wp\/v2\/pages\/2221","targetHints":{"allow":["GET"]}}],"collection":[{"href":"https:\/\/parcoctopus.com\/de\/wp-json\/wp\/v2\/pages"}],"about":[{"href":"https:\/\/parcoctopus.com\/de\/wp-json\/wp\/v2\/types\/page"}],"author":[{"embeddable":true,"href":"https:\/\/parcoctopus.com\/de\/wp-json\/wp\/v2\/users\/1"}],"replies":[{"embeddable":true,"href":"https:\/\/parcoctopus.com\/de\/wp-json\/wp\/v2\/comments?post=2221"}],"version-history":[{"count":54,"href":"https:\/\/parcoctopus.com\/de\/wp-json\/wp\/v2\/pages\/2221\/revisions"}],"predecessor-version":[{"id":34566,"href":"https:\/\/parcoctopus.com\/de\/wp-json\/wp\/v2\/pages\/2221\/revisions\/34566"}],"wp:attachment":[{"href":"https:\/\/parcoctopus.com\/de\/wp-json\/wp\/v2\/media?parent=2221"}],"curies":[{"name":"wp","href":"https:\/\/api.w.org\/{rel}","templated":true}]}}