{"id":26400,"date":"2024-10-20T10:39:03","date_gmt":"2024-10-20T14:39:03","guid":{"rendered":"https:\/\/parcoctopus.com\/?page_id=26400"},"modified":"2025-12-17T07:05:09","modified_gmt":"2025-12-17T12:05:09","slug":"location-dequipement-hivernale","status":"publish","type":"page","link":"https:\/\/parcoctopus.com\/de\/location-dequipement-hivernale\/","title":{"rendered":"Sentier et location d&rsquo;hiver"},"content":{"rendered":"\n<section  class=\"block block-columns block--winter block--limit10 block--margin-\"  >\n    <div class=\"block__inner\">\n        <div class=\"grid \">\n\t                    <div class=\"row  row--all-text\">\n                \n                                            <div class=\"col col--xl-6  col--text\">\n                                                        <h2><span style=\"color: #ffb926;\">HORAIRE location \u00e9quipement<\/span><\/h2>\n<ul>\n<li style=\"list-style-type: none;\">\n<ul>\n<li><strong>30 d\u00e9cembre au 15 mars approximativement<\/strong><\/li>\n<li>sujet \u00e0 changement selon la m\u00e9t\u00e9o et l&rsquo;\u00e9paisseur de la glace<\/li>\n<li>9 hrs \u00e0 15 hrs tous les jours<\/li>\n<\/ul>\n<\/li>\n<\/ul>\n<p>*Pr\u00e9sentez- vous \u00e0 l&rsquo;accueil pour la disponibilit\u00e9<\/p>\n                        <\/div>\n\n\n                                    \n                                            <div class=\"col col--xl-6  col--text\">\n                                                        <h2><span style=\"color: #ffb926;\">Tarifs<\/span><\/h2>\n<ul>\n<li><strong>Raquette | 20$ \/ demi journ\u00e9e | 25$ \/ journ\u00e9e<\/strong><\/li>\n<li><strong>Ski raquette (ski hok) | 40$ \/ demi journ\u00e9e | 50$ \/ journ\u00e9e<\/strong><\/li>\n<li><strong>B\u00e2ton de marche | 5$ \/ journ\u00e9e<\/strong><\/li>\n<li><strong>Lunette | 5$ \/ journ\u00e9e<\/strong><\/li>\n<li><strong>Acc\u00e8s au sentier seulement | 10$ \/ journ\u00e9e | 40$ \/ saison<\/strong><\/li>\n<\/ul>\n<p>*Tps\/Tvq non incluses<\/p>\n<p>Paiement visa, mastercard, d\u00e9bit, argent comptant sont accept\u00e9s<\/p>\n                        <\/div>\n\n\n                                                <\/div>\n        <\/div>\n    <\/div>\n<\/section>\n\n\n\n<section id=\"carte-sentiers\" class=\"block block-image-side block--fix block--winter block-image-side--mode-grid block--side-right block--size-9\"  >\n                <div class=\"block__inner\">\n            <div class=\"grid grid--medium-gutters \">\n                    <div class=\"row row--sm-top\">\n                    <div class=\"col col--xl-9 col--xs-12 col--img col--img--image\">\n                        <div class=\"image image--photo image--right image--crop  wow slideInRight\" style=\"background-image:url('https:\/\/parcoctopus.com\/app\/uploads\/2024\/10\/Sentier-projete-1024x791.png')\">\n                                                                                            <\/div>\n                        <\/div>\n                    <div class=\"col col--xl-3 col--xs-12 col--info\">\n                        <div class=\"info\">\n                                                            <h2>Carte des sentiers<\/h2>\n                                                        \n                            <div class=\"lien\">\n                                                        <\/div>\n\n                        <\/div>\n                    <\/div>\n                <\/div>\n            <\/div>\n        <\/div>\n    \n<\/section>\n\n\n\n<section  class=\"block block-slideshow block--fix block--winter block--indented block--limit10\"  >\n    <div class=\"block__inner\">\n        \n        <div class=\"slider--autoplay slick\" data-slidesToShow=\"3\">\n                            <div class=\"block-slider__slide\">\n\n                <div class=\"block-slider__slide__image\" role=\"img\" aria-label=\"\" style=\"background-image: url('https:\/\/parcoctopus.com\/app\/uploads\/2024\/10\/20240127_112513-scaled.jpg')\">\n                                    <\/div>\n\n                \n            <\/div>\n                                <div class=\"block-slider__slide\">\n\n                <div class=\"block-slider__slide__image\" role=\"img\" aria-label=\"\" style=\"background-image: url('https:\/\/parcoctopus.com\/app\/uploads\/2024\/10\/raquette1.jpg')\">\n                                    <\/div>\n\n                \n            <\/div>\n                                <div class=\"block-slider__slide\">\n\n                <div class=\"block-slider__slide__image\" role=\"img\" aria-label=\"\" style=\"background-image: url('https:\/\/parcoctopus.com\/app\/uploads\/2024\/10\/raquette-2.jpg')\">\n                                    <\/div>\n\n                \n            <\/div>\n                                <div class=\"block-slider__slide\">\n\n                <div class=\"block-slider__slide__image\" role=\"img\" aria-label=\"\" style=\"background-image: url('https:\/\/parcoctopus.com\/app\/uploads\/2024\/10\/20240124_104843-scaled.jpg')\">\n                                    <\/div>\n\n                \n            <\/div>\n                            <\/div>\n    <\/div>\n<\/section>\n\n\n","protected":false},"excerpt":{"rendered":"","protected":false},"author":2,"featured_media":0,"parent":0,"menu_order":0,"comment_status":"closed","ping_status":"closed","template":"","meta":{"_acf_changed":false,"footnotes":""},"class_list":["post-26400","page","type-page","status-publish","hentry"],"acf":[],"yoast_head":"<!-- This site is optimized with the Yoast SEO plugin v27.0 - https:\/\/yoast.com\/product\/yoast-seo-wordpress\/ -->\n<title>Sentier et location d&#039;hiver - Parc Octopus<\/title>\n<meta name=\"description\" content=\"Parc Octopus offre une vari\u00e9t\u00e9 de location d&#039;\u00e9quipement hivernale, raquette, ski raquette, fatbike et sentier de raquette\" \/>\n<meta name=\"robots\" content=\"index, follow, max-snippet:-1, max-image-preview:large, max-video-preview:-1\" \/>\n<link rel=\"canonical\" href=\"https:\/\/parcoctopus.com\/\/location-dequipement-hivernale\/\" \/>\n<meta property=\"og:locale\" content=\"fr_FR\" \/>\n<meta property=\"og:type\" content=\"article\" \/>\n<meta property=\"og:title\" content=\"Sentier et location d&#039;hiver - Parc Octopus\" \/>\n<meta property=\"og:description\" content=\"Parc Octopus offre une vari\u00e9t\u00e9 de location d&#039;\u00e9quipement hivernale, raquette, ski raquette, fatbike et sentier de raquette\" \/>\n<meta property=\"og:url\" content=\"https:\/\/parcoctopus.com\/\/location-dequipement-hivernale\/\" \/>\n<meta property=\"og:site_name\" content=\"Parc Octopus\" \/>\n<meta property=\"article:modified_time\" content=\"2025-12-17T12:05:09+00:00\" \/>\n<meta property=\"og:image\" content=\"https:\/\/parcoctopus.com\/app\/uploads\/2021\/05\/opengraphnew.jpg\" \/>\n\t<meta property=\"og:image:width\" content=\"1200\" \/>\n\t<meta property=\"og:image:height\" content=\"630\" \/>\n\t<meta property=\"og:image:type\" content=\"image\/jpeg\" \/>\n<meta name=\"twitter:card\" content=\"summary_large_image\" \/>\n<!-- \/ Yoast SEO plugin. -->","yoast_head_json":{"title":"Sentier et location d'hiver - Parc Octopus","description":"Parc Octopus offre une vari\u00e9t\u00e9 de location d'\u00e9quipement hivernale, raquette, ski raquette, fatbike et sentier de raquette","robots":{"index":"index","follow":"follow","max-snippet":"max-snippet:-1","max-image-preview":"max-image-preview:large","max-video-preview":"max-video-preview:-1"},"canonical":"https:\/\/parcoctopus.com\/\/location-dequipement-hivernale\/","og_locale":"fr_FR","og_type":"article","og_title":"Sentier et location d'hiver - Parc Octopus","og_description":"Parc Octopus offre une vari\u00e9t\u00e9 de location d'\u00e9quipement hivernale, raquette, ski raquette, fatbike et sentier de raquette","og_url":"https:\/\/parcoctopus.com\/\/location-dequipement-hivernale\/","og_site_name":"Parc Octopus","article_modified_time":"2025-12-17T12:05:09+00:00","og_image":[{"width":1200,"height":630,"url":"https:\/\/parcoctopus.com\/app\/uploads\/2021\/05\/opengraphnew.jpg","type":"image\/jpeg"}],"twitter_card":"summary_large_image","schema":{"@context":"https:\/\/schema.org","@graph":[{"@type":"WebPage","@id":"https:\/\/parcoctopus.com\/\/location-dequipement-hivernale\/","url":"https:\/\/parcoctopus.com\/\/location-dequipement-hivernale\/","name":"Sentier et location d'hiver - Parc Octopus","isPartOf":{"@id":"https:\/\/parcoctopus.com\/#website"},"datePublished":"2024-10-20T14:39:03+00:00","dateModified":"2025-12-17T12:05:09+00:00","description":"Parc Octopus offre une vari\u00e9t\u00e9 de location d'\u00e9quipement hivernale, raquette, ski raquette, fatbike et sentier de raquette","inLanguage":"fr-FR","potentialAction":[{"@type":"ReadAction","target":["https:\/\/parcoctopus.com\/\/location-dequipement-hivernale\/"]}]},{"@type":"WebSite","@id":"https:\/\/parcoctopus.com\/#website","url":"https:\/\/parcoctopus.com\/","name":"Parc Octopus","description":"H\u00e9bergement, camping, parc aquatique","potentialAction":[{"@type":"SearchAction","target":{"@type":"EntryPoint","urlTemplate":"https:\/\/parcoctopus.com\/?s={search_term_string}"},"query-input":{"@type":"PropertyValueSpecification","valueRequired":true,"valueName":"search_term_string"}}],"inLanguage":"fr-FR"}]}},"_links":{"self":[{"href":"https:\/\/parcoctopus.com\/de\/wp-json\/wp\/v2\/pages\/26400","targetHints":{"allow":["GET"]}}],"collection":[{"href":"https:\/\/parcoctopus.com\/de\/wp-json\/wp\/v2\/pages"}],"about":[{"href":"https:\/\/parcoctopus.com\/de\/wp-json\/wp\/v2\/types\/page"}],"author":[{"embeddable":true,"href":"https:\/\/parcoctopus.com\/de\/wp-json\/wp\/v2\/users\/2"}],"replies":[{"embeddable":true,"href":"https:\/\/parcoctopus.com\/de\/wp-json\/wp\/v2\/comments?post=26400"}],"version-history":[{"count":28,"href":"https:\/\/parcoctopus.com\/de\/wp-json\/wp\/v2\/pages\/26400\/revisions"}],"predecessor-version":[{"id":34520,"href":"https:\/\/parcoctopus.com\/de\/wp-json\/wp\/v2\/pages\/26400\/revisions\/34520"}],"wp:attachment":[{"href":"https:\/\/parcoctopus.com\/de\/wp-json\/wp\/v2\/media?parent=26400"}],"curies":[{"name":"wp","href":"https:\/\/api.w.org\/{rel}","templated":true}]}}