{"id":26545,"date":"2024-11-28T16:01:53","date_gmt":"2024-11-28T21:01:53","guid":{"rendered":"https:\/\/parcoctopus.com\/?page_id=26545"},"modified":"2025-10-20T11:38:48","modified_gmt":"2025-10-20T15:38:48","slug":"zone-spa-et-sauna","status":"publish","type":"page","link":"https:\/\/parcoctopus.com\/de\/zone-spa-et-sauna\/","title":{"rendered":"Zone spa et sauna"},"content":{"rendered":"\n<section  class=\"block block-columns block--lightgreen block--limit10 block--margin-\"  >\n    <div class=\"block__inner\">\n        <div class=\"grid \">\n\t                    <div class=\"row  row--all-text\">\n                \n                                            <div class=\"col col--xl-12  col--text\">\n                                                        <h2><span style=\"color: #ffb926;\">HORAIRE de la zone spa<\/span><\/h2>\n<ul>\n<li style=\"list-style-type: none;\">\n<ul>\n<li><strong>Ouvert tous les jours<\/strong><\/li>\n<li>En tout temps pour les clients en h\u00e9bergement<\/li>\n<li>16 ans et moins accompagn\u00e9 d&rsquo;un adulte<\/li>\n<\/ul>\n<\/li>\n<\/ul>\n<p>&nbsp;<\/p>\n<p>&nbsp;<\/p>\n                        <\/div>\n\n\n                                                <\/div>\n        <\/div>\n    <\/div>\n<\/section>\n\n\n\n<section id=\"reglements-zone\" class=\"block block-default block--light block--limit12 \"  >\n        <div class=\"block__inner\">\n\t    <div class=\"grid \">\n\t        <div class=\"row\">\n\t            <div class=\"col col--\">\n\t                <div class=\"block-default__text\">\n\t                    \t                        <h2>R\u00e8glements de la zone spa<\/h2>\n\t\t\t\t\t\t\t\t\t\t\t\t<div class=\"default-text-acf\">\n\t\t\t\t\t\t\t<p>Bienvenue dans notre espace de d\u00e9tente! Pour assurer votre s\u00e9curit\u00e9 et le confort de tous, merci de respecter les r\u00e8glements suivants :<\/p>\n<h4><strong>1. Hygi\u00e8ne et Tenue<\/strong><\/h4>\n<ul>\n<li>Douche recommand\u00e9 avant l\u2019acc\u00e8s au spa et au sauna.<\/li>\n<li>Le port d\u2019un maillot de bain propre est requis en tout temps.<\/li>\n<li>L\u2019utilisation d\u2019une serviette est obligatoire dans le sauna (pour s\u2019asseoir).<\/li>\n<\/ul>\n<h4><strong>2. S\u00e9curit\u00e9 et Comportement<\/strong><\/h4>\n<ul>\n<li>Interdit de courir, plonger ou faire des \u00e9claboussures.<\/li>\n<li>Les comportements bruyants ou perturbateurs sont strictement interdits.<\/li>\n<li>Les enfants de moins de 16 ans doivent \u00eatre accompagn\u00e9s d\u2019un adulte.<\/li>\n<\/ul>\n<h4><strong>3. Consommation<\/strong><\/h4>\n<ul>\n<li>Apportez une bouteille d\u2019eau pour rester hydrat\u00e9.<\/li>\n<li>La consommation d&rsquo;alcool n&rsquo;est pas conseill\u00e9 pendant l&rsquo;activit\u00e9.<\/li>\n<\/ul>\n<h4><strong>4. Sant\u00e9<\/strong><\/h4>\n<ul>\n<li>Si vous avez des probl\u00e8mes de sant\u00e9 (maladies cardiaques, hypertension, grossesse, etc.), consultez un m\u00e9decin avant d\u2019utiliser les installations.<\/li>\n<li>\u00c9vitez de prolonger votre s\u00e9jour dans le spa ou le sauna (max. 15 minutes par session).<\/li>\n<li>Informez le personnel en cas de malaise ou d\u2019urgence.<\/li>\n<li>Femme enceinte : rester dans l&rsquo;eau chaud pendant une longue p\u00e9riode peut \u00eatre dangereux, ne restez pas plus de 10 minutes.<\/li>\n<\/ul>\n<h4><strong>5. Respect des lieux<\/strong><\/h4>\n<ul>\n<li>D\u00e9posez vos effets personnels dans les casiers pr\u00e9vus \u00e0 cet effet.<\/li>\n<li>Gardez les installations propres et \u00e9vitez d\u2019apporter des objets en verre.<\/li>\n<li>Respectez le calme et l\u2019intimit\u00e9 des autres utilisateurs.<\/li>\n<\/ul>\n<p>Merci de votre collaboration pour que cette exp\u00e9rience soit agr\u00e9able et s\u00e9curitaire pour tous!<\/p>\n\t\t\t\t\t\t\t\t\t\t\t\t\t<\/div>\n                    <\/div>\n                <\/div>\n            <\/div>\n        <\/div>\n    <\/div>\n<\/section>\n\n\n\n<section  class=\"block block-slideshow block--fix block--light block--indented block--limit10\"  >\n    <div class=\"block__inner\">\n        \n        <div class=\"slider--autoplay slick\" data-slidesToShow=\"3\">\n                            <div class=\"block-slider__slide\">\n\n                <div class=\"block-slider__slide__image\" role=\"img\" aria-label=\"\" style=\"background-image: url('https:\/\/parcoctopus.com\/app\/uploads\/2024\/11\/zone-spa-verticale.jpg')\">\n                                    <\/div>\n\n                \n            <\/div>\n                                <div class=\"block-slider__slide\">\n\n                <div class=\"block-slider__slide__image\" role=\"img\" aria-label=\"\" style=\"background-image: url('https:\/\/parcoctopus.com\/app\/uploads\/2024\/11\/vu-sauna-et-divan1.jpg')\">\n                                    <\/div>\n\n                \n            <\/div>\n                                <div class=\"block-slider__slide\">\n\n                <div class=\"block-slider__slide__image\" role=\"img\" aria-label=\"\" style=\"background-image: url('https:\/\/parcoctopus.com\/app\/uploads\/2024\/11\/20241118_163109.jpg')\">\n                                    <\/div>\n\n                \n            <\/div>\n                                <div class=\"block-slider__slide\">\n\n                <div class=\"block-slider__slide__image\" role=\"img\" aria-label=\"\" style=\"background-image: url('https:\/\/parcoctopus.com\/app\/uploads\/2024\/11\/vu-spa.jpg')\">\n                                    <\/div>\n\n                \n            <\/div>\n                            <\/div>\n    <\/div>\n<\/section>\n\n\n<section  class=\"block block-image block--light\"  >\n                    <div class=\"block__bg\">\n                \n                <div class=\"block__bg__img\" style=\"background-image:url(https:\/\/parcoctopus.com\/app\/uploads\/2021\/04\/30121_Target_001_couleur.jpg);\"><\/div>\n            <\/div>                <div class=\"block__inner\">\n                    <div class=\"grid\">\n                        <div class=\"row\">\n                            <div class=\"col\">\n                            <\/div>\n                        <\/div>\n                    <\/div>\n                <\/div>\n            <\/section>\n\n\n","protected":false},"excerpt":{"rendered":"","protected":false},"author":2,"featured_media":0,"parent":0,"menu_order":0,"comment_status":"closed","ping_status":"closed","template":"","meta":{"_acf_changed":false,"footnotes":""},"class_list":["post-26545","page","type-page","status-publish","hentry"],"acf":[],"yoast_head":"<!-- This site is optimized with the Yoast SEO plugin v27.0 - https:\/\/yoast.com\/product\/yoast-seo-wordpress\/ -->\n<title>Zone spa et sauna - Parc Octopus<\/title>\n<meta name=\"description\" content=\"Parc Octopus offre un espace spa et sauna pour votre d\u00e9tente et un moment de relaxation entre amis et famille\" \/>\n<meta name=\"robots\" content=\"index, follow, max-snippet:-1, max-image-preview:large, max-video-preview:-1\" \/>\n<link rel=\"canonical\" href=\"https:\/\/parcoctopus.com\/zone-spa-et-sauna\/\" \/>\n<meta property=\"og:locale\" content=\"fr_FR\" \/>\n<meta property=\"og:type\" content=\"article\" \/>\n<meta property=\"og:title\" content=\"Zone spa et sauna - Parc Octopus\" \/>\n<meta property=\"og:description\" content=\"Parc Octopus offre un espace spa et sauna pour votre d\u00e9tente et un moment de relaxation entre amis et famille\" \/>\n<meta property=\"og:url\" content=\"https:\/\/parcoctopus.com\/zone-spa-et-sauna\/\" \/>\n<meta property=\"og:site_name\" content=\"Parc Octopus\" \/>\n<meta property=\"article:modified_time\" content=\"2025-10-20T15:38:48+00:00\" \/>\n<meta property=\"og:image\" content=\"https:\/\/parcoctopus.com\/app\/uploads\/2021\/05\/opengraphnew.jpg\" \/>\n\t<meta property=\"og:image:width\" content=\"1200\" \/>\n\t<meta property=\"og:image:height\" content=\"630\" \/>\n\t<meta property=\"og:image:type\" content=\"image\/jpeg\" \/>\n<meta name=\"twitter:card\" content=\"summary_large_image\" \/>\n<!-- \/ Yoast SEO plugin. -->","yoast_head_json":{"title":"Zone spa et sauna - Parc Octopus","description":"Parc Octopus offre un espace spa et sauna pour votre d\u00e9tente et un moment de relaxation entre amis et famille","robots":{"index":"index","follow":"follow","max-snippet":"max-snippet:-1","max-image-preview":"max-image-preview:large","max-video-preview":"max-video-preview:-1"},"canonical":"https:\/\/parcoctopus.com\/zone-spa-et-sauna\/","og_locale":"fr_FR","og_type":"article","og_title":"Zone spa et sauna - Parc Octopus","og_description":"Parc Octopus offre un espace spa et sauna pour votre d\u00e9tente et un moment de relaxation entre amis et famille","og_url":"https:\/\/parcoctopus.com\/zone-spa-et-sauna\/","og_site_name":"Parc Octopus","article_modified_time":"2025-10-20T15:38:48+00:00","og_image":[{"width":1200,"height":630,"url":"https:\/\/parcoctopus.com\/app\/uploads\/2021\/05\/opengraphnew.jpg","type":"image\/jpeg"}],"twitter_card":"summary_large_image","schema":{"@context":"https:\/\/schema.org","@graph":[{"@type":"WebPage","@id":"https:\/\/parcoctopus.com\/zone-spa-et-sauna\/","url":"https:\/\/parcoctopus.com\/zone-spa-et-sauna\/","name":"Zone spa et sauna - Parc Octopus","isPartOf":{"@id":"https:\/\/parcoctopus.com\/#website"},"datePublished":"2024-11-28T21:01:53+00:00","dateModified":"2025-10-20T15:38:48+00:00","description":"Parc Octopus offre un espace spa et sauna pour votre d\u00e9tente et un moment de relaxation entre amis et famille","inLanguage":"fr-FR","potentialAction":[{"@type":"ReadAction","target":["https:\/\/parcoctopus.com\/zone-spa-et-sauna\/"]}]},{"@type":"WebSite","@id":"https:\/\/parcoctopus.com\/#website","url":"https:\/\/parcoctopus.com\/","name":"Parc Octopus","description":"H\u00e9bergement, camping, parc aquatique","potentialAction":[{"@type":"SearchAction","target":{"@type":"EntryPoint","urlTemplate":"https:\/\/parcoctopus.com\/?s={search_term_string}"},"query-input":{"@type":"PropertyValueSpecification","valueRequired":true,"valueName":"search_term_string"}}],"inLanguage":"fr-FR"}]}},"_links":{"self":[{"href":"https:\/\/parcoctopus.com\/de\/wp-json\/wp\/v2\/pages\/26545","targetHints":{"allow":["GET"]}}],"collection":[{"href":"https:\/\/parcoctopus.com\/de\/wp-json\/wp\/v2\/pages"}],"about":[{"href":"https:\/\/parcoctopus.com\/de\/wp-json\/wp\/v2\/types\/page"}],"author":[{"embeddable":true,"href":"https:\/\/parcoctopus.com\/de\/wp-json\/wp\/v2\/users\/2"}],"replies":[{"embeddable":true,"href":"https:\/\/parcoctopus.com\/de\/wp-json\/wp\/v2\/comments?post=26545"}],"version-history":[{"count":18,"href":"https:\/\/parcoctopus.com\/de\/wp-json\/wp\/v2\/pages\/26545\/revisions"}],"predecessor-version":[{"id":34428,"href":"https:\/\/parcoctopus.com\/de\/wp-json\/wp\/v2\/pages\/26545\/revisions\/34428"}],"wp:attachment":[{"href":"https:\/\/parcoctopus.com\/de\/wp-json\/wp\/v2\/media?parent=26545"}],"curies":[{"name":"wp","href":"https:\/\/api.w.org\/{rel}","templated":true}]}}