{"id":3992,"date":"2022-01-20T14:34:38","date_gmt":"2022-01-20T14:34:38","guid":{"rendered":"https:\/\/parcoctopus.com\/?post_type=product&#038;p=3992"},"modified":"2026-01-30T13:05:46","modified_gmt":"2026-01-30T18:05:46","slug":"parc-octopus-billet-journalier","status":"publish","type":"product","link":"https:\/\/parcoctopus.com\/de\/produit\/parc-octopus-billet-journalier\/","title":{"rendered":"Parc Octopus &#8211; Billet journalier 1030 -17 00hrs"},"content":{"rendered":"<p>Parc Octopus &#8211; Billet journalier 10:30 -17 00hrs<\/p>\n","protected":false},"excerpt":{"rendered":"<p>Parc Octopus &#8211; Billet journalier 10:30 -17 00hrs<\/p>\n","protected":false},"featured_media":18223,"template":"","meta":{"_acf_changed":false},"product_brand":[],"product_cat":[27],"product_tag":[],"class_list":{"0":"post-3992","1":"product","2":"type-product","3":"status-publish","4":"has-post-thumbnail","6":"product_cat-non-classe","7":"wcpa_has_options","9":"first","10":"instock","11":"sold-individually","12":"taxable","13":"shipping-taxable","14":"purchasable","15":"product-type-booking"},"booking_location":"","booking_location_type":"","booking_duration":1,"booking_duration_unit":"day","booking_buffer":0,"booking_cost":36,"booking_resources":[],"acf":[],"yoast_head":"<!-- This site is optimized with the Yoast SEO plugin v27.0 - https:\/\/yoast.com\/product\/yoast-seo-wordpress\/ -->\n<title>Parc Octopus - Billet journalier 1030 -17 00hrs - Parc Octopus<\/title>\n<meta name=\"robots\" content=\"index, follow, max-snippet:-1, max-image-preview:large, max-video-preview:-1\" \/>\n<link rel=\"canonical\" href=\"https:\/\/parcoctopus.com\/\/produit\/parc-octopus-billet-journalier\/\" \/>\n<meta property=\"og:locale\" content=\"fr_FR\" \/>\n<meta property=\"og:type\" content=\"article\" \/>\n<meta property=\"og:title\" content=\"Parc Octopus - Billet journalier 1030 -17 00hrs - Parc Octopus\" \/>\n<meta property=\"og:description\" content=\"Parc Octopus &#8211; Billet journalier 10:30 -17 00hrs\" \/>\n<meta property=\"og:url\" content=\"https:\/\/parcoctopus.com\/\/produit\/parc-octopus-billet-journalier\/\" \/>\n<meta property=\"og:site_name\" content=\"Parc Octopus\" \/>\n<meta property=\"article:modified_time\" content=\"2026-01-30T18:05:46+00:00\" \/>\n<meta property=\"og:image\" content=\"https:\/\/parcoctopus.com\/app\/uploads\/2024\/01\/parc-aqua-111.jpg\" \/>\n\t<meta property=\"og:image:width\" content=\"1000\" \/>\n\t<meta property=\"og:image:height\" content=\"750\" \/>\n\t<meta property=\"og:image:type\" content=\"image\/jpeg\" \/>\n<meta name=\"twitter:card\" content=\"summary_large_image\" \/>\n<meta name=\"twitter:label1\" content=\"Dur\u00e9e de lecture estim\u00e9e\" \/>\n\t<meta name=\"twitter:data1\" content=\"1 minute\" \/>\n<!-- \/ Yoast SEO plugin. -->","yoast_head_json":{"title":"Parc Octopus - Billet journalier 1030 -17 00hrs - Parc Octopus","robots":{"index":"index","follow":"follow","max-snippet":"max-snippet:-1","max-image-preview":"max-image-preview:large","max-video-preview":"max-video-preview:-1"},"canonical":"https:\/\/parcoctopus.com\/\/produit\/parc-octopus-billet-journalier\/","og_locale":"fr_FR","og_type":"article","og_title":"Parc Octopus - Billet journalier 1030 -17 00hrs - Parc Octopus","og_description":"Parc Octopus &#8211; Billet journalier 10:30 -17 00hrs","og_url":"https:\/\/parcoctopus.com\/\/produit\/parc-octopus-billet-journalier\/","og_site_name":"Parc Octopus","article_modified_time":"2026-01-30T18:05:46+00:00","og_image":[{"width":1000,"height":750,"url":"https:\/\/parcoctopus.com\/app\/uploads\/2024\/01\/parc-aqua-111.jpg","type":"image\/jpeg"}],"twitter_card":"summary_large_image","twitter_misc":{"Dur\u00e9e de lecture estim\u00e9e":"1 minute"},"schema":{"@context":"https:\/\/schema.org","@graph":[{"@type":"WebPage","@id":"https:\/\/parcoctopus.com\/\/produit\/parc-octopus-billet-journalier\/","url":"https:\/\/parcoctopus.com\/\/produit\/parc-octopus-billet-journalier\/","name":"Parc Octopus - Billet journalier 1030 -17 00hrs - Parc Octopus","isPartOf":{"@id":"https:\/\/parcoctopus.com\/#website"},"primaryImageOfPage":{"@id":"https:\/\/parcoctopus.com\/\/produit\/parc-octopus-billet-journalier\/#primaryimage"},"image":{"@id":"https:\/\/parcoctopus.com\/\/produit\/parc-octopus-billet-journalier\/#primaryimage"},"thumbnailUrl":"https:\/\/parcoctopus.com\/app\/uploads\/2024\/01\/parc-aqua-111.jpg","datePublished":"2022-01-20T14:34:38+00:00","dateModified":"2026-01-30T18:05:46+00:00","inLanguage":"fr-FR","potentialAction":[{"@type":"ReadAction","target":["https:\/\/parcoctopus.com\/\/produit\/parc-octopus-billet-journalier\/"]}]},{"@type":"ImageObject","inLanguage":"fr-FR","@id":"https:\/\/parcoctopus.com\/\/produit\/parc-octopus-billet-journalier\/#primaryimage","url":"https:\/\/parcoctopus.com\/app\/uploads\/2024\/01\/parc-aqua-111.jpg","contentUrl":"https:\/\/parcoctopus.com\/app\/uploads\/2024\/01\/parc-aqua-111.jpg","width":1000,"height":750,"caption":"parc aquatique"},{"@type":"WebSite","@id":"https:\/\/parcoctopus.com\/#website","url":"https:\/\/parcoctopus.com\/","name":"Parc Octopus","description":"H\u00e9bergement, camping, parc aquatique","potentialAction":[{"@type":"SearchAction","target":{"@type":"EntryPoint","urlTemplate":"https:\/\/parcoctopus.com\/?s={search_term_string}"},"query-input":{"@type":"PropertyValueSpecification","valueRequired":true,"valueName":"search_term_string"}}],"inLanguage":"fr-FR"}]}},"wcpa_form_fields":{"wcpaData":{"product":{"product_price":36,"price_html":"De\u00a0: <span class=\"woocommerce-Price-amount amount\"><bdi><span class=\"woocommerce-Price-currencySymbol\">&#36;<\/span>36.00<\/bdi><\/span>","original_product_price":36,"price_including_tax":41.3900000000000005684341886080801486968994140625,"price_excluding_tax":36,"product_id":{"parent":3992,"variation":false},"is_variable":false,"stock_status":"instock","stock_quantity":null,"parent_sku":"","product_attributes":{"type":{"is_variation":true,"values":[]}},"custom_fields":[],"is_taxable":true,"product_name":"Parc Octopus - Billet journalier 1030 -17 00hrs","hasImage":false},"fields":{"sec_6658b0eb43d268":{"extra":{"key":"sec_6658b0eb43d268","section_id":"sec_6658b0eb43d268","name":"Default","status":1,"toggle":true,"form_id":18180,"form_rules":{"exclude_from_discount":false,"fee_label":"Fee","disp_hide_options_price":false,"disp_show_section_price":false,"disp_show_field_price":true,"layout_option":"standard","pric_use_as_fee":false,"process_fee_as":"woo_fee"},"layout_option":"standard"},"fields":[[{"active":true,"col":6,"relations":false,"cl_rule":"show","enableCl":false,"price":"","enablePrice":false,"className":"","type":"header","required":false,"elementId":"header_3459917664","label":"Extra Aquaplus 6$\/personne","subtype":"h1","error":false,"gt_translate_keys":["label"],"price_dependency":false,"cl_dependency":false,"value":""}],[{"active":true,"col":6,"relations":false,"cl_rule":"show","enableCl":false,"price":"6.00","enablePrice":true,"className":"","type":"number","required":true,"elementId":"number_1278567968","label":"Acc\u00e8s illimit\u00e9 au kayak et planche \u00e0 pagaie pour la journ\u00e9e lors de votre visite","name":"number_1278567968","value":"0","error":false,"min":"0","max":"24","pricingType":"multiply","enable_quantity":false,"quantity_label":"Quantity","description":"Quantit\u00e9","tooltip":"","placeholder":"","mapToCheckout":false,"mapToCheckoutFieldParent":"order","gt_translate_keys":["label","placeholder","description","value","tooltip","quantity_label"],"price_dependency":false,"cl_dependency":false}]]}},"config":{"price_override":"","enable_recaptcha":false,"bind_quantity":false,"quantity_bind_formula":false,"disp_summ_show_option_price":true,"disp_summ_show_product_price":false,"disp_summ_show_total_price":false,"disp_summ_show_fee":false,"disp_summ_show_discount":false,"summary_title":"","options_total_label":"Options Price","total_label":"Total","options_product_label":"Product Price","fee_label":"Fee","discount_label":"Discount","has_price":true,"has_quantity_formula":false},"mc_unit":1,"tax_rate":1,"tax_rate_real":0.149749999999999994226840271949185989797115325927734375,"discount":{"percentage":0,"fixed":0},"design":{"conf":{"LabelPosition":"above","DescPosition":"above","UploadField":"custom_1","QuantityFieldStyle":"default"},"css":{"LeftLabelWidth":"120px"}},"formulas":[],"lookuptables":[],"clones":false,"cartKey":false}},"_links":{"self":[{"href":"https:\/\/parcoctopus.com\/de\/wp-json\/wp\/v2\/product\/3992","targetHints":{"allow":["GET"]}}],"collection":[{"href":"https:\/\/parcoctopus.com\/de\/wp-json\/wp\/v2\/product"}],"about":[{"href":"https:\/\/parcoctopus.com\/de\/wp-json\/wp\/v2\/types\/product"}],"wp:featuredmedia":[{"embeddable":true,"href":"https:\/\/parcoctopus.com\/de\/wp-json\/wp\/v2\/media\/18223"}],"wp:attachment":[{"href":"https:\/\/parcoctopus.com\/de\/wp-json\/wp\/v2\/media?parent=3992"}],"wp:term":[{"taxonomy":"product_brand","embeddable":true,"href":"https:\/\/parcoctopus.com\/de\/wp-json\/wp\/v2\/product_brand?post=3992"},{"taxonomy":"product_cat","embeddable":true,"href":"https:\/\/parcoctopus.com\/de\/wp-json\/wp\/v2\/product_cat?post=3992"},{"taxonomy":"product_tag","embeddable":true,"href":"https:\/\/parcoctopus.com\/de\/wp-json\/wp\/v2\/product_tag?post=3992"}],"curies":[{"name":"wp","href":"https:\/\/api.w.org\/{rel}","templated":true}]}}