{"id":34411,"date":"2025-09-25T14:21:41","date_gmt":"2025-09-25T18:21:41","guid":{"rendered":"https:\/\/parcoctopus.com\/?page_id=34411"},"modified":"2026-03-11T11:34:10","modified_gmt":"2026-03-11T15:34:10","slug":"restauration","status":"publish","type":"page","link":"https:\/\/parcoctopus.com\/en\/restauration\/","title":{"rendered":"Restauration\/salle"},"content":{"rendered":"\n\n\n<section id=\"menu-salle\" class=\"block block-image-side block--light block-image-side--mode-grid block--side-left block--size-3\"  >\n                <div class=\"block__inner\">\n            <div class=\"grid grid--medium-gutters \">\n                    <div class=\"row row--sm-top\">\n                    <div class=\"col col--xl-3 col--xs-12 col--img col--img--image\">\n                        <div class=\"image image--photo image--left image--full  wow slideInLeft\" >\n                                                                <img loading=\"lazy\" decoding=\"async\" width=\"301\" height=\"200\" src=\"https:\/\/parcoctopus.com\/app\/uploads\/2024\/05\/express.jpg\" class=\"attachment-610 size-610\" alt=\"\" \/>                                                                                            <\/div>\n                        <\/div>\n                    <div class=\"col col--xl-9 col--xs-12 col--info\">\n                        <div class=\"info\">\n                                                            <h2>Menu en salle<\/h2>\n                                                        \t\t\t\t\t\t\t\t<p data-start=\"160\" data-end=\"350\">Offre pour la saison estivale 2026 \u00e0 venir sous peu<\/p>\n<ul data-start=\"352\" data-end=\"722\">\n<li data-start=\"352\" data-end=\"461\">\n<p data-start=\"354\" data-end=\"461\">bar \u00e0 poutine<\/p>\n<\/li>\n<li data-start=\"352\" data-end=\"461\">pizza<\/li>\n<li data-start=\"352\" data-end=\"461\">nachos<\/li>\n<li data-start=\"352\" data-end=\"461\">sandwich<\/li>\n<li data-start=\"352\" data-end=\"461\">oignon francais<\/li>\n<li data-start=\"352\" data-end=\"461\">bi\u00e8re locale<\/li>\n<li data-start=\"352\" data-end=\"461\">collations<\/li>\n<\/ul>\n                            \n                            <div class=\"lien\">\n                                                        <\/div>\n\n                        <\/div>\n                    <\/div>\n                <\/div>\n            <\/div>\n        <\/div>\n    \n<\/section>\n\n\n\n<section id=\"boite-repas-hamburger\" class=\"block block-image-side block--fix block--light block-image-side--mode-grid block--side-left block--size-3\"  >\n                <div class=\"block__inner\">\n            <div class=\"grid grid--medium-gutters \">\n                    <div class=\"row row--sm-top\">\n                    <div class=\"col col--xl-3 col--xs-12 col--img col--img--image\">\n                        <div class=\"image image--photo image--left image--full  wow slideInLeft\" >\n                                                                <img loading=\"lazy\" decoding=\"async\" width=\"868\" height=\"576\" src=\"https:\/\/parcoctopus.com\/app\/uploads\/2025\/12\/porceffi.png\" class=\"attachment-610 size-610\" alt=\"porc efficloche\" srcset=\"https:\/\/parcoctopus.com\/app\/uploads\/2025\/12\/porceffi.png 868w, https:\/\/parcoctopus.com\/app\/uploads\/2025\/12\/porceffi-600x398.png 600w, https:\/\/parcoctopus.com\/app\/uploads\/2025\/12\/porceffi-300x199.png 300w, https:\/\/parcoctopus.com\/app\/uploads\/2025\/12\/porceffi-768x510.png 768w\" sizes=\"auto, (max-width: 868px) 100vw, 868px\" \/>                                                                                            <\/div>\n                        <\/div>\n                    <div class=\"col col--xl-9 col--xs-12 col--info\">\n                        <div class=\"info\">\n                                                            <h2>Boite repas Hamburger<\/h2>\n                                                        \t\t\t\t\t\t\t\t<p data-start=\"160\" data-end=\"350\">Pour 2 personnes, boite repas \u00e0 pr\u00e9parer \u00e0 la chambre<\/p>\n<ul data-start=\"352\" data-end=\"722\">\n<li data-start=\"352\" data-end=\"461\">\n<p data-start=\"354\" data-end=\"461\">2x Entr\u00e9e de fondue parmesan<\/p>\n<\/li>\n<li data-start=\"352\" data-end=\"461\">2x Hamburger au porc effiloch\u00e9 biologique Ferme Villoise<\/li>\n<li data-start=\"352\" data-end=\"461\">1x verrine dessert de la chocolaterie Rose \u00c9lisabeth<\/li>\n<li data-start=\"352\" data-end=\"461\">2x bi\u00e8re locale<\/li>\n<\/ul>\n<p><strong>Ajouter l&rsquo;option lors de votre r\u00e9servation de chambre<\/strong><\/p>\n                            \n                            <div class=\"lien\">\n                                                        <\/div>\n\n                        <\/div>\n                    <\/div>\n                <\/div>\n            <\/div>\n        <\/div>\n    \n<\/section>\n\n\n\n\n\n\n\n<section id=\"boite-repas-dejeuner\" class=\"block block-image-side block--fix block--light block-image-side--mode-grid block--side-left block--size-3\"  >\n                <div class=\"block__inner\">\n            <div class=\"grid grid--medium-gutters \">\n                    <div class=\"row row--sm-top\">\n                    <div class=\"col col--xl-3 col--xs-12 col--img col--img--image\">\n                        <div class=\"image image--photo image--left image--full  wow slideInLeft\" >\n                                                                <img loading=\"lazy\" decoding=\"async\" width=\"875\" height=\"582\" src=\"https:\/\/parcoctopus.com\/app\/uploads\/2025\/12\/dejeuner.png\" class=\"attachment-610 size-610\" alt=\"d\u00e9jeuner\" srcset=\"https:\/\/parcoctopus.com\/app\/uploads\/2025\/12\/dejeuner.png 875w, https:\/\/parcoctopus.com\/app\/uploads\/2025\/12\/dejeuner-600x399.png 600w, https:\/\/parcoctopus.com\/app\/uploads\/2025\/12\/dejeuner-300x200.png 300w, https:\/\/parcoctopus.com\/app\/uploads\/2025\/12\/dejeuner-768x511.png 768w\" sizes=\"auto, (max-width: 875px) 100vw, 875px\" \/>                                                                                            <\/div>\n                        <\/div>\n                    <div class=\"col col--xl-9 col--xs-12 col--info\">\n                        <div class=\"info\">\n                                                            <h2>Boite repas d\u00e9jeuner<\/h2>\n                                                        \t\t\t\t\t\t\t\t<p data-start=\"160\" data-end=\"350\">Pour 2 personnes, apporter \u00e0 votre chambre,<\/p>\n<ul data-start=\"352\" data-end=\"722\">\n<li data-start=\"352\" data-end=\"461\">\n<p data-start=\"354\" data-end=\"461\">Croissant<\/p>\n<\/li>\n<li data-start=\"352\" data-end=\"461\">Chocolatine<\/li>\n<li data-start=\"352\" data-end=\"461\">Bagel<\/li>\n<li data-start=\"352\" data-end=\"461\">Saucisse d\u00e9jeuner<\/li>\n<li data-start=\"352\" data-end=\"461\">creton\/confiture<\/li>\n<li data-start=\"352\" data-end=\"461\">jus d&rsquo;orange<\/li>\n<\/ul>\n<p><strong>Ajouter l&rsquo;option lors de votre r\u00e9servation de chambre<\/strong><\/p>\n                            \n                            <div class=\"lien\">\n                                                        <\/div>\n\n                        <\/div>\n                    <\/div>\n                <\/div>\n            <\/div>\n        <\/div>\n    \n<\/section>\n","protected":false},"excerpt":{"rendered":"","protected":false},"author":2,"featured_media":0,"parent":0,"menu_order":0,"comment_status":"closed","ping_status":"closed","template":"","meta":{"_acf_changed":false,"footnotes":""},"class_list":["post-34411","page","type-page","status-publish","hentry"],"acf":[],"yoast_head":"<!-- This site is optimized with the Yoast SEO plugin v27.0 - https:\/\/yoast.com\/product\/yoast-seo-wordpress\/ -->\n<title>Restauration\/salle - Parc Octopus<\/title>\n<meta name=\"description\" content=\"menu du restaurant du Parc Octopus, h\u00e9bergement sur place en chambre et chalet, location de salle pour r\u00e9union affaire et groupe\" \/>\n<meta name=\"robots\" content=\"index, follow, max-snippet:-1, max-image-preview:large, max-video-preview:-1\" \/>\n<link rel=\"canonical\" href=\"https:\/\/parcoctopus.com\/\/restauration\/\" \/>\n<meta property=\"og:locale\" content=\"en_US\" \/>\n<meta property=\"og:type\" content=\"article\" \/>\n<meta property=\"og:title\" content=\"Restauration\/salle - Parc Octopus\" \/>\n<meta property=\"og:description\" content=\"menu du restaurant du Parc Octopus, h\u00e9bergement sur place en chambre et chalet, location de salle pour r\u00e9union affaire et groupe\" \/>\n<meta property=\"og:url\" content=\"https:\/\/parcoctopus.com\/\/restauration\/\" \/>\n<meta property=\"og:site_name\" content=\"Parc Octopus\" \/>\n<meta property=\"article:modified_time\" content=\"2026-03-11T15:34:10+00:00\" \/>\n<meta property=\"og:image\" content=\"https:\/\/parcoctopus.com\/app\/uploads\/2021\/05\/opengraphnew.jpg\" \/>\n\t<meta property=\"og:image:width\" content=\"1200\" \/>\n\t<meta property=\"og:image:height\" content=\"630\" \/>\n\t<meta property=\"og:image:type\" content=\"image\/jpeg\" \/>\n<meta name=\"twitter:card\" content=\"summary_large_image\" \/>\n<!-- \/ Yoast SEO plugin. -->","yoast_head_json":{"title":"Restauration\/salle - Parc Octopus","description":"menu du restaurant du Parc Octopus, h\u00e9bergement sur place en chambre et chalet, location de salle pour r\u00e9union affaire et groupe","robots":{"index":"index","follow":"follow","max-snippet":"max-snippet:-1","max-image-preview":"max-image-preview:large","max-video-preview":"max-video-preview:-1"},"canonical":"https:\/\/parcoctopus.com\/\/restauration\/","og_locale":"en_US","og_type":"article","og_title":"Restauration\/salle - Parc Octopus","og_description":"menu du restaurant du Parc Octopus, h\u00e9bergement sur place en chambre et chalet, location de salle pour r\u00e9union affaire et groupe","og_url":"https:\/\/parcoctopus.com\/\/restauration\/","og_site_name":"Parc Octopus","article_modified_time":"2026-03-11T15:34:10+00:00","og_image":[{"width":1200,"height":630,"url":"https:\/\/parcoctopus.com\/app\/uploads\/2021\/05\/opengraphnew.jpg","type":"image\/jpeg"}],"twitter_card":"summary_large_image","schema":{"@context":"https:\/\/schema.org","@graph":[{"@type":"WebPage","@id":"https:\/\/parcoctopus.com\/\/restauration\/","url":"https:\/\/parcoctopus.com\/\/restauration\/","name":"Restauration\/salle - Parc Octopus","isPartOf":{"@id":"https:\/\/parcoctopus.com\/#website"},"datePublished":"2025-09-25T18:21:41+00:00","dateModified":"2026-03-11T15:34:10+00:00","description":"menu du restaurant du Parc Octopus, h\u00e9bergement sur place en chambre et chalet, location de salle pour r\u00e9union affaire et groupe","inLanguage":"en-US","potentialAction":[{"@type":"ReadAction","target":["https:\/\/parcoctopus.com\/\/restauration\/"]}]},{"@type":"WebSite","@id":"https:\/\/parcoctopus.com\/#website","url":"https:\/\/parcoctopus.com\/","name":"Parc Octopus","description":"H\u00e9bergement, camping, parc aquatique","potentialAction":[{"@type":"SearchAction","target":{"@type":"EntryPoint","urlTemplate":"https:\/\/parcoctopus.com\/?s={search_term_string}"},"query-input":{"@type":"PropertyValueSpecification","valueRequired":true,"valueName":"search_term_string"}}],"inLanguage":"en-US"}]}},"_links":{"self":[{"href":"https:\/\/parcoctopus.com\/en\/wp-json\/wp\/v2\/pages\/34411","targetHints":{"allow":["GET"]}}],"collection":[{"href":"https:\/\/parcoctopus.com\/en\/wp-json\/wp\/v2\/pages"}],"about":[{"href":"https:\/\/parcoctopus.com\/en\/wp-json\/wp\/v2\/types\/page"}],"author":[{"embeddable":true,"href":"https:\/\/parcoctopus.com\/en\/wp-json\/wp\/v2\/users\/2"}],"replies":[{"embeddable":true,"href":"https:\/\/parcoctopus.com\/en\/wp-json\/wp\/v2\/comments?post=34411"}],"version-history":[{"count":36,"href":"https:\/\/parcoctopus.com\/en\/wp-json\/wp\/v2\/pages\/34411\/revisions"}],"predecessor-version":[{"id":34703,"href":"https:\/\/parcoctopus.com\/en\/wp-json\/wp\/v2\/pages\/34411\/revisions\/34703"}],"wp:attachment":[{"href":"https:\/\/parcoctopus.com\/en\/wp-json\/wp\/v2\/media?parent=34411"}],"curies":[{"name":"wp","href":"https:\/\/api.w.org\/{rel}","templated":true}]}}