{"id":1414,"date":"2021-03-10T21:17:34","date_gmt":"2021-03-10T21:17:34","guid":{"rendered":"https:\/\/parcoctopus.com\/?page_id=1414"},"modified":"2025-12-17T14:49:16","modified_gmt":"2025-12-17T19:49:16","slug":"a-propos-de-nous","status":"publish","type":"page","link":"https:\/\/parcoctopus.com\/es\/a-propos-de-nous\/","title":{"rendered":"\u00c0 propos de nous"},"content":{"rendered":"<section  class=\"block block-image block--light\"  >\n                    <div class=\"block__bg\">\n                \n                <div class=\"block__bg__img\" style=\"background-image:url(https:\/\/parcoctopus.com\/app\/uploads\/2023\/12\/parc-aqua9.jpg);\"><\/div>\n            <\/div>                <div class=\"block__inner\">\n                    <div class=\"grid\">\n                        <div class=\"row\">\n                            <div class=\"col\">\n                            <\/div>\n                        <\/div>\n                    <\/div>\n                <\/div>\n            <\/section>\n\n\n\n<section id=\"parc-octopus\" class=\"block block-default block--lightgreen block--limit6 \"  >\n        <div class=\"block__inner\">\n\t    <div class=\"grid \">\n\t        <div class=\"row\">\n\t            <div class=\"col col--\">\n\t                <div class=\"block-default__text\">\n\t                    \t                        <h2>Parc Octopus<\/h2>\n\t\t\t\t\t\t\t\t\t\t\t\t<div class=\"default-text-acf\">\n\t\t\t\t\t\t\t<p>Bienvenue au Parc Octopus! C\u2019est avec grand plaisir que nous vous accueillons dans notre magnifique complexe r\u00e9cr\u00e9otouristique o\u00f9 vous d\u00e9couvrirez un concept unique en son genre vous donnant notamment acc\u00e8s au majestueux lac Saint-Jean, d\u2019une superficie de plus de 1 000 km<sup>2 <\/sup>pour vous amuser.<\/p>\n<p>En \u00e9t\u00e9, venez vivre une exp\u00e9rience des plus divertissantes avec vos enfants et passer une journ\u00e9e inoubliable sur l\u2019eau! Nous vous proposons de nombreux services et activit\u00e9s facilement accessibles, dont une marina, h\u00e9bergement en chambre et chalet et un service de location d&#8217;embarcations nautiques (\u00e0 rame et \u00e0 pagaie ), une zone jeu et plusieurs activit\u00e9s organis\u00e9es directement sur place.\u00a0 Venez tester vos limites sur notre parc aquatique gonflable g\u00e9ant, \u00e0 l\u2019image d\u2019une \u00eele flottante o\u00f9 vous devrez escalader des obstacles, grimper, glisser et sauter dans l\u2019eau. Notre installation compte parmi les plus grandes de sa cat\u00e9gorie au Canada.\u00a0 Notre \u00e9quipe saura r\u00e9pondre \u00e0 tous vos besoins et vous repartirez avec le sourire et des souvenirs m\u00e9morables.<\/p>\n<p>En hiver, venez d\u00e9couvrir l\u2019enchantement hivernal du Saguenay-Lac-Saint-Jean, une aventure pittoresque \u00e0 travers la splendeur gel\u00e9e du paysage qu\u00e9b\u00e9cois. Observez les traces de la faune locale, respirez l\u2019air pur et glac\u00e9, et laissez-vous \u00e9merveiller par la vue imprenable sur les \u00e9tendues enneig\u00e9es. Que vous cherchiez une escapade romantique, une aventure familiale ou un voyage en motoneige, c&rsquo;est l\u2019occasion id\u00e9ale de cr\u00e9er des souvenirs m\u00e9morables dans un d\u00e9cor hivernal f\u00e9\u00e9rique.<\/p>\n<p>&nbsp;<\/p>\n\t\t\t\t\t\t\t\t\t\t\t\t\t<\/div>\n                    <\/div>\n                <\/div>\n            <\/div>\n        <\/div>\n    <\/div>\n<\/section>\n\n\n\n<section  class=\"block block-columns block--light block--limit12 block--margin-\"  >\n    <div class=\"block__inner\">\n        <div class=\"grid grid--medium-gutters\">\n\t                    <div class=\"row  \">\n                \n                                            <div class=\"col col--xl-4 col--md-6 col--image\">\n                                                            <div class=\"col--image__img image image--crop\" style=\"background-image:url('https:\/\/parcoctopus.com\/app\/uploads\/2023\/12\/parc-aqua6-768x1024.jpg')\">\n                                                                    <\/div>\n                                                                                    <div class=\"col--image__text\"><h2>jeux aquatiques<\/h2>\n<p>L\u2019un des trois plus grands parcs aquatiques flottant au Canada. En tout temps, nous avons une \u00e9quipe de sauveteurs qualifi\u00e9s sur place afin d\u2019assurer la s\u00e9curit\u00e9 de tous. Un trajet sur lequel vous devrez marcher, grimper, courir, escalader et plonger pour terminer le parcours! Votre agilit\u00e9 sera mise \u00e0 l\u2019\u00e9preuve, et une gamme d\u2019\u00e9motions seront au rendez-vous. Plaisir assur\u00e9, autant pour les jeunes que les adultes! Location d&rsquo;\u00e9quipements nautique et plusieurs activit\u00e9s sur place \u00e9galement.<\/p>\n<p><a class=\"btn\" href=\"https:\/\/parcoctopus.com\/jeux-aquatiques\/\" target=\"\"><span class=\"btn__inner\">\u00c0 propos des jeux<\/span><\/a><\/p>\n<\/div>\n                                                    <\/div>\n\n\n                                    \n                                            <div class=\"col col--xl-4 col--md-6 col--image\">\n                                                            <div class=\"col--image__img image image--crop\" style=\"background-image:url('https:\/\/parcoctopus.com\/app\/uploads\/2024\/10\/exterieur1-1024x768.jpg')\">\n                                                                    <\/div>\n                                                                                    <div class=\"col--image__text\"><h2>h\u00e9bergement<\/h2>\n<p>H\u00e9bergement en chambre et chalet disponible, balcon, entr\u00e9e ind\u00e9pendante et chambre communicante si d\u00e9sir\u00e9. Nos h\u00e9bergements sont \u00e9galement munis d\u2019une table \u00e0 pique-nique, ainsi qu\u2019un espace pour feu afin que vous puissiez passer de bon moments en famille!<\/p>\n<p>&nbsp;<\/p>\n<p><a class=\"btn\" href=\"https:\/\/parcoctopus.com\/hebergement-estivale\/\" target=\"\"><span class=\"btn__inner\">\u00c0 propos de l&rsquo;h\u00e9bergement<\/span><\/a><\/p>\n<\/div>\n                                                    <\/div>\n\n\n                                    \n                                            <div class=\"col col--xl-4 col--md-6 col--image\">\n                                                            <div class=\"col--image__img image image--crop\" style=\"background-image:url('https:\/\/parcoctopus.com\/app\/uploads\/2023\/12\/marina1-1024x768.jpg')\">\n                                                                    <\/div>\n                                                                                    <div class=\"col--image__text\"><h2>marina<\/h2>\n<p>Donnant acc\u00e8s \u00e0 notre majestueux Lac-Saint-Jean, une quarantaine de quais sont install\u00e9s \u00e0 votre disposition. Que ce soit pour l\u2019\u00e9t\u00e9 ou seulement comme passant, votre embarcation sera en toute s\u00e9curit\u00e9 \u00e0 l&rsquo;abri des vagues dans la baie et avec notre syst\u00e8me de surveillance. De plus, afin d\u2019agr\u00e9menter votre s\u00e9jour, nous offrons un service de bloc sanitaire, de buanderie ainsi qu\u2019un d\u00e9panneur directement sur place.<\/p>\n<p>&nbsp;<\/p>\n<p><a class=\"btn\" href=\"https:\/\/parcoctopus.com\/marina\/\" target=\"\"><span class=\"btn__inner\">\u00c0 propos de la marina<\/span><\/a><\/p>\n<\/div>\n                                                    <\/div>\n\n\n                                                <\/div>\n        <\/div>\n    <\/div>\n<\/section>\n\n\n\n<section id=\"location-dequipement-nautique\" class=\"block block-image-side block--fix block--light block-image-side--mode-grid block--side-left block--size-6 m-0-txt-1\"  >\n                <div class=\"block__inner\">\n            <div class=\"grid grid--xlarge-gutters \">\n                    <div class=\"row row--sm-center\">\n                    <div class=\"col col--xl-6 col--xs-12 col--img col--img--image\">\n                        <div class=\"image image--photo image--left image--crop  wow slideInLeft\" style=\"background-image:url('https:\/\/parcoctopus.com\/app\/uploads\/2023\/12\/paddleboard4-1024x768.jpg')\">\n                                                                                            <\/div>\n                        <\/div>\n                    <div class=\"col col--xl-6 col--xs-12 col--info\">\n                        <div class=\"info\">\n                                                            <h2>Location d&rsquo;\u00e9quipement nautique<\/h2>\n                                                        \t\t\t\t\t\t\t\t<p>Venez profiter de notre offre vari\u00e9e de location d&rsquo;\u00e9quipement directement sur le site, et vous pourrez admirer ou pagayer sur le splendide Lac Saint-Jean, kayak, planche \u00e0 pagaie et v\u00e9lo vous sont tous offerts \u00e0 un prix tr\u00e8s abordable afin d&rsquo;agr\u00e9menter votre s\u00e9jour et vous faire d\u00e9couvrir une autre exp\u00e9rience.<\/p>\n<p>&nbsp;<\/p>\n<p><a class=\"btn\" href=\"https:\/\/parcoctopus.com\/location-dequipement-nautique\/\" target=\"\"><span class=\"btn__inner\">\u00c0 propos des \u00e9quipements<\/span><\/a><\/p>\n                            \n                            <div class=\"lien\">\n                                                        <\/div>\n\n                        <\/div>\n                    <\/div>\n                <\/div>\n            <\/div>\n        <\/div>\n    \n<\/section>\n\n\n\n<section  class=\"block block-columns block--fix block--light block--limit10 block--margin-\"  >\n    <div class=\"block__inner\">\n        <div class=\"grid \">\n\t                    <div class=\"row  row--all-text\">\n                \n                                            <div class=\"col col--xl-6  col--text\">\n                                                                                <\/div>\n\n\n                                    \n                                            <div class=\"col col--xl-6  col--text\">\n                                                                                <\/div>\n\n\n                                                <\/div>\n        <\/div>\n    <\/div>\n<\/section>\n\n\n\n<section id=\"reservation-ligne\" class=\"block block-default block--yellow block--limit6 \"  >\n    <div class=\"block__bg\">\n                \n                <div class=\"block__bg__img\" style=\"background-image:url(https:\/\/parcoctopus.com\/app\/uploads\/2021\/04\/30121_Target_001_jaune-scaled.jpg);\"><\/div>\n            <\/div>    <div class=\"block__inner\">\n\t    <div class=\"grid \">\n\t        <div class=\"row\">\n\t            <div class=\"col col--\">\n\t                <div class=\"block-default__text\">\n\t                    \t                        <h2>R\u00e9servation en ligne<\/h2>\n\t\t\t\t\t\t\t\t\t\t\t\t<div class=\"default-text-acf\">\n\t\t\t\t\t\t\t<p>Vous \u00eates impatients de venir nous visiter?\u00a0 V\u00e9rifiez nos disponibilit\u00e9s et faites votre r\u00e9servation directement en ligne!\u00a0 Si vous avez des questions, il nous fera plaisir d&rsquo;y r\u00e9pondre \u00e9galement, communiquer avec nous via courriel et un pr\u00e9pos\u00e9 vous r\u00e9pondra!<\/p>\n<p><strong>*IMPORTANT* L&rsquo;achat du billet en ligne est obligatoire pour nous visiter, <\/strong>\u00e0 l&rsquo;exception des clients qui sont h\u00e9berg\u00e9s sur le site qui doivent se pr\u00e9senter \u00e0 l&rsquo;accueil.<\/p>\n<p><a class=\"btn\" href=\"https:\/\/parcoctopus.com\/reservation\/\" target=\"\"><span class=\"btn__inner\">R\u00e9servation\/Billetterie<\/span><\/a><\/p>\n<p><span class=\"btn__inner\"> <a class=\"btn\" href=\"https:\/\/parcoctopus.com\/nous-joindre\/\" target=\"\"><span class=\"btn__inner\">Contactez-nous<\/span><\/a><\/span><\/p>\n\t\t\t\t\t\t\t\t\t\t\t\t\t<\/div>\n                    <\/div>\n                <\/div>\n            <\/div>\n        <\/div>\n    <\/div>\n<\/section>\n\n\n\n\n<section  class=\"block block-image block--light\"  >\n                    <div class=\"block__bg\">\n                \n                <div class=\"block__bg__img\" style=\"background-image:url(https:\/\/parcoctopus.com\/app\/uploads\/2021\/04\/30121_Target_001_couleur.jpg);\"><\/div>\n            <\/div>                <div class=\"block__inner\">\n                    <div class=\"grid\">\n                        <div class=\"row\">\n                            <div class=\"col\">\n                            <\/div>\n                        <\/div>\n                    <\/div>\n                <\/div>\n            <\/section>\n","protected":false},"excerpt":{"rendered":"","protected":false},"author":1,"featured_media":0,"parent":0,"menu_order":0,"comment_status":"closed","ping_status":"closed","template":"","meta":{"_acf_changed":false,"footnotes":""},"class_list":["post-1414","page","type-page","status-publish","hentry"],"acf":[],"yoast_head":"<!-- This site is optimized with the Yoast SEO plugin v27.0 - https:\/\/yoast.com\/product\/yoast-seo-wordpress\/ -->\n<title>\u00c0 propos de nous - Parc Octopus<\/title>\n<meta name=\"description\" content=\"\u00c0 propos du Parc Octopus, information pratique, localisation, activit\u00e9s sur place, r\u00e8glements, comment s&#039;y rendre.\" \/>\n<meta name=\"robots\" content=\"index, follow, max-snippet:-1, max-image-preview:large, max-video-preview:-1\" \/>\n<link rel=\"canonical\" href=\"https:\/\/parcoctopus.com\/\/a-propos-de-nous\/\" \/>\n<meta property=\"og:locale\" content=\"fr_FR\" \/>\n<meta property=\"og:type\" content=\"article\" \/>\n<meta property=\"og:title\" content=\"\u00c0 propos de nous - Parc Octopus\" \/>\n<meta property=\"og:description\" content=\"\u00c0 propos du Parc Octopus, information pratique, localisation, activit\u00e9s sur place, r\u00e8glements, comment s&#039;y rendre.\" \/>\n<meta property=\"og:url\" content=\"https:\/\/parcoctopus.com\/\/a-propos-de-nous\/\" \/>\n<meta property=\"og:site_name\" content=\"Parc Octopus\" \/>\n<meta property=\"article:modified_time\" content=\"2025-12-17T19:49:16+00:00\" \/>\n<meta property=\"og:image\" content=\"https:\/\/parcoctopus.com\/app\/uploads\/2021\/05\/opengraphnew.jpg\" \/>\n\t<meta property=\"og:image:width\" content=\"1200\" \/>\n\t<meta property=\"og:image:height\" content=\"630\" \/>\n\t<meta property=\"og:image:type\" content=\"image\/jpeg\" \/>\n<meta name=\"twitter:card\" content=\"summary_large_image\" \/>\n<!-- \/ Yoast SEO plugin. -->","yoast_head_json":{"title":"\u00c0 propos de nous - Parc Octopus","description":"\u00c0 propos du Parc Octopus, information pratique, localisation, activit\u00e9s sur place, r\u00e8glements, comment s'y rendre.","robots":{"index":"index","follow":"follow","max-snippet":"max-snippet:-1","max-image-preview":"max-image-preview:large","max-video-preview":"max-video-preview:-1"},"canonical":"https:\/\/parcoctopus.com\/\/a-propos-de-nous\/","og_locale":"fr_FR","og_type":"article","og_title":"\u00c0 propos de nous - Parc Octopus","og_description":"\u00c0 propos du Parc Octopus, information pratique, localisation, activit\u00e9s sur place, r\u00e8glements, comment s'y rendre.","og_url":"https:\/\/parcoctopus.com\/\/a-propos-de-nous\/","og_site_name":"Parc Octopus","article_modified_time":"2025-12-17T19:49:16+00:00","og_image":[{"width":1200,"height":630,"url":"https:\/\/parcoctopus.com\/app\/uploads\/2021\/05\/opengraphnew.jpg","type":"image\/jpeg"}],"twitter_card":"summary_large_image","schema":{"@context":"https:\/\/schema.org","@graph":[{"@type":"WebPage","@id":"https:\/\/parcoctopus.com\/\/a-propos-de-nous\/","url":"https:\/\/parcoctopus.com\/\/a-propos-de-nous\/","name":"\u00c0 propos de nous - Parc Octopus","isPartOf":{"@id":"https:\/\/parcoctopus.com\/#website"},"datePublished":"2021-03-10T21:17:34+00:00","dateModified":"2025-12-17T19:49:16+00:00","description":"\u00c0 propos du Parc Octopus, information pratique, localisation, activit\u00e9s sur place, r\u00e8glements, comment s'y rendre.","inLanguage":"fr-FR","potentialAction":[{"@type":"ReadAction","target":["https:\/\/parcoctopus.com\/\/a-propos-de-nous\/"]}]},{"@type":"WebSite","@id":"https:\/\/parcoctopus.com\/#website","url":"https:\/\/parcoctopus.com\/","name":"Parc Octopus","description":"H\u00e9bergement, camping, parc aquatique","potentialAction":[{"@type":"SearchAction","target":{"@type":"EntryPoint","urlTemplate":"https:\/\/parcoctopus.com\/?s={search_term_string}"},"query-input":{"@type":"PropertyValueSpecification","valueRequired":true,"valueName":"search_term_string"}}],"inLanguage":"fr-FR"}]}},"_links":{"self":[{"href":"https:\/\/parcoctopus.com\/es\/wp-json\/wp\/v2\/pages\/1414","targetHints":{"allow":["GET"]}}],"collection":[{"href":"https:\/\/parcoctopus.com\/es\/wp-json\/wp\/v2\/pages"}],"about":[{"href":"https:\/\/parcoctopus.com\/es\/wp-json\/wp\/v2\/types\/page"}],"author":[{"embeddable":true,"href":"https:\/\/parcoctopus.com\/es\/wp-json\/wp\/v2\/users\/1"}],"replies":[{"embeddable":true,"href":"https:\/\/parcoctopus.com\/es\/wp-json\/wp\/v2\/comments?post=1414"}],"version-history":[{"count":288,"href":"https:\/\/parcoctopus.com\/es\/wp-json\/wp\/v2\/pages\/1414\/revisions"}],"predecessor-version":[{"id":34559,"href":"https:\/\/parcoctopus.com\/es\/wp-json\/wp\/v2\/pages\/1414\/revisions\/34559"}],"wp:attachment":[{"href":"https:\/\/parcoctopus.com\/es\/wp-json\/wp\/v2\/media?parent=1414"}],"curies":[{"name":"wp","href":"https:\/\/api.w.org\/{rel}","templated":true}]}}