{"id":1416,"date":"2021-03-10T21:20:15","date_gmt":"2021-03-10T21:20:15","guid":{"rendered":"https:\/\/parcoctopus.com\/?page_id=1416"},"modified":"2026-03-11T15:55:40","modified_gmt":"2026-03-11T19:55:40","slug":"jeux-aquatiques","status":"publish","type":"page","link":"https:\/\/parcoctopus.com\/es\/jeux-aquatiques\/","title":{"rendered":"Jeux aquatiques"},"content":{"rendered":"\n<section id=\"parc-aquatique-flottant\" class=\"block block-image-side block--light block-image-side--mode-grid block--side-right block--size-6\"  >\n                <div class=\"block__inner\">\n            <div class=\"grid grid--medium-gutters \">\n                    <div class=\"row row--sm-top\">\n                    <div class=\"col col--xl-6 col--xs-12 col--img col--img--image\">\n                        <div class=\"image image--photo image--right image--full  wow slideInRight\" >\n                                                                    <iframe loading=\"lazy\" width=\"1320\" height=\"742\" src=\"https:\/\/www.youtube.com\/embed\/oIduNoXwI0E?rel=0&amp;showinfo=0\" frameborder=\"0\" allow=\"autoplay; encrypted-media\" allowfullscreen><\/iframe>\n                                                                                        <\/div>\n                        <\/div>\n                    <div class=\"col col--xl-6 col--xs-12 col--info\">\n                        <div class=\"info\">\n                                                            <h2>parc aquatique flottant<\/h2>\n                                                        \t\t\t\t\t\t\t\t<p>Amusez-vous en toute s\u00e9curit\u00e9 sur l&rsquo;un des plus grands parc aquatique flottant au Canada.\u00a0 La meilleure activit\u00e9 familiale au Saguenay-lac-Saint-Jean pour avoir du plaisir, des rires et des souvenirs m\u00e9morables!\u00a0 Adultes et enfants, chacun trouveront leur d\u00e9fi sur la structure flottante g\u00e9ante, surveillez par notre \u00e9quipe de sauveteurs certifi\u00e9s et form\u00e9s pour votre s\u00e9curit\u00e9.<\/p>\n                            \n                            <div class=\"lien\">\n                                                        <\/div>\n\n                        <\/div>\n                    <\/div>\n                <\/div>\n            <\/div>\n        <\/div>\n    \n<\/section>\n\n\n\n<section  class=\"block block-columns block--fix block--light block--limit10 block--margin-\"  >\n    <div class=\"block__inner\">\n        <div class=\"grid \">\n\t                    <div class=\"row  row--all-text\">\n                \n                                            <div class=\"col col--xl-6  col--text\">\n                                                        <h2><span style=\"color: #ffb926;\">Horaire des jeux<\/span><\/h2>\n<ul>\n<li style=\"list-style-type: none;\">\n<ul>\n<li><strong>Horaire : 20 juin 2026 au 30 ao\u00fbt 2026<\/strong><\/li>\n<\/ul>\n<\/li>\n<\/ul>\n<p>*Contactez nous pour une r\u00e9servation de groupe, disponible du 12 au 19 juin 2026<\/p>\n<p>*Horaire sujet \u00e0 changement en fin de saison, consultez notre page facebook.<\/p>\n<p>* Parc Octopus se r\u00e9serve le droit de fermer le parc si les conditions m\u00e9t\u00e9o ne permettent pas l&rsquo;op\u00e9ration s\u00e9curitaire,\u00a0 un avis sera \u00e9mis sur nos r\u00e9seaux sociaux le matin m\u00eame dans ce cas.<\/p>\n<p>&nbsp;<\/p>\n<p><a class=\"btn\" href=\"https:\/\/parcoctopus.com\/reservation-billet\/\" target=\"\"><span class=\"btn__inner\">Achetez vos billets<\/span><\/a><\/p>\n<p><a class=\"btn\" href=\"https:\/\/parcoctopus.com\/hebergement-estivale\/\" target=\"\"><span class=\"btn__inner\">Besoin d&rsquo;h\u00e9bergement?<\/span><\/a><\/p>\n<p><a class=\"btn\" href=\"https:\/\/parcoctopus.com\/infos-pratiques\/\" target=\"\"><span class=\"btn__inner\">Planifiez votre visite<\/span><\/a><\/p>\n                        <\/div>\n\n\n                                    \n                                            <div class=\"col col--xl-6  col--text\">\n                                                        <h2><span style=\"color: #ffb926;\">Tarifs<\/span><\/h2>\n<ul>\n<li style=\"list-style-type: none;\">\n<ul>\n<li style=\"list-style-type: none;\">\n<ul>\n<li style=\"list-style-type: none;\">\n<ul>\n<li style=\"list-style-type: none;\">\n<ul>\n<li><strong>Adulte et enfants <\/strong>(43 pouces min.)<strong> | 36$ \/ personne<\/strong><\/li>\n<li><strong>Fin de journ\u00e9e<\/strong> (\u00e0 partir de 15:30 hr)<strong> | 24$ \/ personne<\/strong><\/li>\n<li><strong>Forfait famille <\/strong>(4 pers. et plus de la m\u00eame adresse)<strong> | 33$ \/ personne<\/strong><\/li>\n<li><strong>Extra aqua plus<\/strong> planche \u00e0 pagaie et kayak \u00e0 volont\u00e9 avec votre acc\u00e8s au parc aquatique | +<strong>6$ sur votre acc\u00e8s<\/strong><\/li>\n<li><strong>Carte de saison<\/strong> | inclus acc\u00e8s parc aquatique, kayak et planche \u00e0 pagaie, zone spa | <strong>115$<\/strong><\/li>\n<li><strong>Casier | inclus avec votre acc\u00e8s<\/strong><\/li>\n<li><strong>Combinaison en n\u00e9opr\u00e8ne | inclus avec votre acc\u00e8s<\/strong><\/li>\n<li><strong>Acc\u00e8s quai et site (visiteur) | 10$<\/strong><\/li>\n<\/ul>\n<\/li>\n<\/ul>\n<\/li>\n<li style=\"list-style-type: none;\"><strong><span style=\"color: #ffcc00;\">R\u00e9serv\u00e9 aux clients en h\u00e9bergement (achat sur place seulement)<\/span><\/strong>\n<ul>\n<li><strong>Billet Multi-jour<\/strong> \u00a0<strong>| 44$ \/ personne <\/strong>acc\u00e8s \u00e0 tous les jours pendant votre s\u00e9jour<\/li>\n<li><strong>Billet Multi-jour fin de journ\u00e9e<\/strong>\u00a0<strong>| 30$ \/ personne <\/strong>acc\u00e8s \u00e0 toutes les fins de journ\u00e9e pendant votre s\u00e9jour<\/li>\n<li><strong>Extra aqua plus <\/strong>planche \u00e0 pagaie et kayak \u00e0 volont\u00e9 pendant votre s\u00e9jour | +<strong>6$ sur votre acc\u00e8s<\/strong><\/li>\n<\/ul>\n<\/li>\n<\/ul>\n<p><strong>Achat du billet en ligne obligatoire except\u00e9 les clients en h\u00e9bergement<\/strong>, validez bien vos dates, <strong>non remboursable et non d\u00e9pla\u00e7able<\/strong>. En cas de fermeture pour toute la journ\u00e9e vous pourrez d\u00e9placer votre r\u00e9servation.\u00a0 Le billet d&rsquo;admission est valide pour la journ\u00e9e enti\u00e8re et donne un acc\u00e8s illimit\u00e9 au parc aquatique. Les clients du camping doivent se pr\u00e9senter \u00e0 l&rsquo;accueil afin d&rsquo;obtenir le tarif pr\u00e9f\u00e9rentiel (pas besoin de r\u00e9servation en ligne).<\/li>\n<\/ul>\n<\/li>\n<\/ul>\n<p>*TPS\/TVQ non incluses*<\/p>\n<p>Paiement visa, mastercard, d\u00e9bit, argent comptant sont accept\u00e9s<\/p>\n                        <\/div>\n\n\n                                                <\/div>\n        <\/div>\n    <\/div>\n<\/section>\n\n\n\n<section id=\"location-surf-electrique\" class=\"block block-image-side block--fix block--light block-image-side--mode-grid block--side-right block--size-6\"  >\n                <div class=\"block__inner\">\n            <div class=\"grid grid--medium-gutters \">\n                    <div class=\"row row--sm-top\">\n                    <div class=\"col col--xl-6 col--xs-12 col--img col--img--image\">\n                        <div class=\"image image--photo image--right image--full  wow slideInRight\" >\n                                                                    <iframe loading=\"lazy\" width=\"1320\" height=\"742\" src=\"https:\/\/www.youtube.com\/embed\/CrO74a53Yoo?rel=0&amp;showinfo=0\" frameborder=\"0\" allow=\"autoplay; encrypted-media\" allowfullscreen><\/iframe>\n                                                                                        <\/div>\n                        <\/div>\n                    <div class=\"col col--xl-6 col--xs-12 col--info\">\n                        <div class=\"info\">\n                                                            <h2>Location surf \u00e9lectrique<\/h2>\n                                                        \t\t\t\t\t\t\t\t<p>Con\u00e7ue pour la famille, elle offre une exp\u00e9rience stable et intuitive, accessible \u00e0 tous. Que ce soit pour s\u2019amuser entre amis ou initier les plus jeunes, elle garantit des moments inoubliables sur l\u2019eau.<\/p>\n                            \n                            <div class=\"lien\">\n                                                        <\/div>\n\n                        <\/div>\n                    <\/div>\n                <\/div>\n            <\/div>\n        <\/div>\n    \n<\/section>\n\n\n\n<section  class=\"block block-columns block--fix block--light block--limit10 block--margin-\"  >\n    <div class=\"block__inner\">\n        <div class=\"grid \">\n\t                    <div class=\"row  row--all-text\">\n                \n                                            <div class=\"col col--xl-6  col--text\">\n                                                        <h2><span style=\"color: #ffb926;\">Location \u00c9quipements<\/span><\/h2>\n<ul>\n<li style=\"list-style-type: none;\">\n<ul>\n<li><strong>20 juin au 15 septembre 2026<\/strong><br \/>\n10:30 hrs \u00e0 16 hrs tous les jours<\/li>\n<\/ul>\n<\/li>\n<\/ul>\n<p>*Pr\u00e9sentez- vous \u00e0 l&rsquo;accueil pour la disponibilit\u00e9, bloc de 2 heures<\/p>\n                        <\/div>\n\n\n                                    \n                                            <div class=\"col col--xl-6  col--text\">\n                                                        <h2><span style=\"color: #ffb926;\">Tarifs<\/span><\/h2>\n<ul>\n<li>Planche \u00e0 pagaie et Kayak <strong> | 25$ \/ bloc de 2 heures<\/strong><\/li>\n<li>Planche \u00e0 pagaie g\u00e9ante (8 personnes)<strong> | 50$ \/ bloc de 2 heures<\/strong><\/li>\n<li>Surf \u00e9lectrique <strong>40$ \/ bloc de 30 minutes<\/strong><strong>\u00a0| 90$ \/ bloc de 1.5 heure<\/strong><\/li>\n<li>V\u00e9lo (casque inclus) <strong>| 25$\/ demi-journ\u00e9e<\/strong><\/li>\n<li>Casier\u00a0<strong>| 8$\/ journ\u00e9e<\/strong><\/li>\n<li>Combinaison en n\u00e9opr\u00e8ne <strong>| 10$\/ journ\u00e9e<\/strong><\/li>\n<\/ul>\n<p>*TPS\/TVQ non incluses<\/p>\n                        <\/div>\n\n\n                                                <\/div>\n        <\/div>\n    <\/div>\n<\/section>\n\n\n\n<section  class=\"block block-slideshow block--fix block--light block--indented block--limit10\"  >\n    <div class=\"block__inner\">\n        \n        <div class=\"slider--autoplay slick\" data-slidesToShow=\"3\">\n                            <div class=\"block-slider__slide\">\n\n                <div class=\"block-slider__slide__image\" role=\"img\" aria-label=\"\" style=\"background-image: url('https:\/\/parcoctopus.com\/app\/uploads\/2026\/03\/parcaquatique_ete6.png')\">\n                                    <\/div>\n\n                \n            <\/div>\n                                <div class=\"block-slider__slide\">\n\n                <div class=\"block-slider__slide__image\" role=\"img\" aria-label=\"\" style=\"background-image: url('https:\/\/parcoctopus.com\/app\/uploads\/2026\/03\/parcaquatique_ete2.png')\">\n                                    <\/div>\n\n                \n            <\/div>\n                                <div class=\"block-slider__slide\">\n\n                <div class=\"block-slider__slide__image\" role=\"img\" aria-label=\"\" style=\"background-image: url('https:\/\/parcoctopus.com\/app\/uploads\/2026\/03\/parcaquatique_ete4.png')\">\n                                    <\/div>\n\n                \n            <\/div>\n                                <div class=\"block-slider__slide\">\n\n                <div class=\"block-slider__slide__image\" role=\"img\" aria-label=\"\" style=\"background-image: url('https:\/\/parcoctopus.com\/app\/uploads\/2023\/12\/parc-aqua5.jpg')\">\n                                    <\/div>\n\n                \n            <\/div>\n                                <div class=\"block-slider__slide\">\n\n                <div class=\"block-slider__slide__image\" role=\"img\" aria-label=\"\" style=\"background-image: url('https:\/\/parcoctopus.com\/app\/uploads\/2023\/12\/parc-aqua6.jpg')\">\n                                    <\/div>\n\n                \n            <\/div>\n                                <div class=\"block-slider__slide\">\n\n                <div class=\"block-slider__slide__image\" role=\"img\" aria-label=\"\" style=\"background-image: url('https:\/\/parcoctopus.com\/app\/uploads\/2023\/12\/paddleboard4.jpg')\">\n                                    <\/div>\n\n                \n            <\/div>\n                                <div class=\"block-slider__slide\">\n\n                <div class=\"block-slider__slide__image\" role=\"img\" aria-label=\"\" style=\"background-image: url('https:\/\/parcoctopus.com\/app\/uploads\/2023\/12\/equipe-sauveteur.jpg')\">\n                                    <\/div>\n\n                \n            <\/div>\n                            <\/div>\n    <\/div>\n<\/section>\n\n\n\n<section id=\"reglements-jeux\" class=\"block block-default block--yellow block--limit6 \"  >\n    <div class=\"block__bg\">\n                \n                <div class=\"block__bg__img\" style=\"background-image:url(https:\/\/parcoctopus.com\/app\/uploads\/2021\/04\/30121_Target_001_jaune-scaled.jpg);\"><\/div>\n            <\/div>    <div class=\"block__inner\">\n\t    <div class=\"grid \">\n\t        <div class=\"row\">\n\t            <div class=\"col col--\">\n\t                <div class=\"block-default__text\">\n\t                    \t                        <h2>R\u00e8glements des jeux<\/h2>\n\t\t\t\t\t\t\t\t\t\t\t\t<div class=\"default-text-acf\">\n\t\t\t\t\t\t\t<p>Tous nos clients devront signer une d\u00e9charge en responsabilit\u00e9 et s&rsquo;engager \u00e0 respecter les r\u00e8glements, un \u00e9l\u00e9ment de risque est inh\u00e9rent \u00e0 l\u2019activit\u00e9 et ind\u00e9pendant de la volont\u00e9 humaine, et les utilisateurs doivent \u00eatre conscients du risque de noyade ou de blessures lors de toutes les activit\u00e9s. Tous les clients qui utilisent les installations de notre parc le font \u00e0 leurs propres risques.<\/p>\n<p>La veste de flottaison est obligatoire et incluse dans le prix d&rsquo;entr\u00e9e, elle vous sera remise \u00e0 votre entr\u00e9e sur le jeu et vous devrez la remettre en sortant du jeu, m\u00eame si vous pr\u00e9voyez y retourner plusieurs fois.<\/p>\n\t\t\t\t\t\t\t\t\t\t\t\t\t<\/div>\n                    <\/div>\n                <\/div>\n            <\/div>\n        <\/div>\n    <\/div>\n<\/section>\n\n\n\n<section  class=\"block block-default block--yellow block--limit8 \"  >\n        <div class=\"block__inner\">\n\t    <div class=\"grid \">\n\t        <div class=\"row\">\n\t            <div class=\"col col--\">\n\t                <div class=\"block-default__text\">\n\t                    \t\t\t\t\t\t<div class=\"default-text-acf\">\n\t\t\t\t\t\t\t<p>&nbsp;<\/p>\n<p style=\"font-style: normal; font-variant-ligatures: normal; font-variant-caps: normal; font-weight: 400; line-height: 25.6px;\"><span style=\"font-style: normal; font-variant-ligatures: normal; font-variant-caps: normal; font-weight: 400; font-size: 16px; font-family: Roboto, sans-serif; letter-spacing: 0.02em;\">Les personnes ne sachant pas nager ne seront pas admises sur le jeu<\/span><\/p>\n<hr \/>\n<p><span style=\"font-family: Roboto, sans-serif; font-size: 16px; font-style: normal; font-variant-ligatures: normal; font-variant-caps: normal; font-weight: 400; letter-spacing: 0.02em;\">Les admissions journali\u00e8res sont valides pour une journ\u00e9e compl\u00e8te et peuvent \u00eatre sujettes \u00e0 un temps d\u2019attente<\/span><\/p>\n<hr \/>\n<p>La taille minimale exig\u00e9e est de 110 cm (43 po)<\/p>\n<hr \/>\n<p>Des vestes de flottaison sont fournies et obligatoires pour tous<\/p>\n<hr \/>\n<p>Un accompagnateur (\u00e2g\u00e9 de 16 ans ou plus) doit rester en tout temps avec les enfants de 8 ans et moins sur les structures gonflables<\/p>\n<hr \/>\n<p>L\u2019activit\u00e9 demeure enti\u00e8rement s\u00e9curitaire sous la pluie. Cependant, en cas d\u2019orage (tonnerre, forts vents, \u00e9clairs) l\u2019acc\u00e8s au jeu sera interdit et les moniteurs veilleront \u00e0 ce que tous quittent le jeu s\u00e9curitairement. Le jeu sera r\u00e9ouvert d\u00e8s que la m\u00e9t\u00e9o le permettra.<\/p>\n<hr \/>\n<p>Aucun animal n\u2019est admis sur le jeu<\/p>\n<hr \/>\n<p>Au<span style=\"font-family: Roboto, sans-serif; font-size: 16px; letter-spacing: 0.02em;\">cun alcool n\u2019est permis sur le jeu<\/span><\/p>\n<hr \/>\n<p style=\"font-style: normal; font-variant-ligatures: normal; font-variant-caps: normal; font-weight: 400; line-height: 25.6px;\"><span style=\"font-family: Roboto, sans-serif; font-size: 16px; letter-spacing: 0.02em;\">L\u2019acc\u00e8s au jeu <\/span><span style=\"font-family: Roboto, sans-serif; font-size: 16px; letter-spacing: 0.02em;\">est strictement interdit en dehors des heures d\u2019ouverture<\/span><\/p>\n<hr \/>\n<p><a class=\"btn btn--pdf\" href=\"https:\/\/parcoctopus.com\/app\/uploads\/2021\/05\/FR_OCTOPUS_AQUAM_Safety_rules.pdf\" target=\"\"><span class=\"btn__inner\">T\u00e9l\u00e9charger les r\u00e8glements<\/span><\/a><\/p>\n\t\t\t\t\t\t\t\t\t\t\t\t\t<\/div>\n                    <\/div>\n                <\/div>\n            <\/div>\n        <\/div>\n    <\/div>\n<\/section>\n\n\n\n\n<section  class=\"block block-image block--light\"  >\n                    <div class=\"block__bg\">\n                \n                <div class=\"block__bg__img\" style=\"background-image:url(https:\/\/parcoctopus.com\/app\/uploads\/2021\/04\/30121_Target_001_couleur.jpg);\"><\/div>\n            <\/div>                <div class=\"block__inner\">\n                    <div class=\"grid\">\n                        <div class=\"row\">\n                            <div class=\"col\">\n                            <\/div>\n                        <\/div>\n                    <\/div>\n                <\/div>\n            <\/section>\n\n\n","protected":false},"excerpt":{"rendered":"","protected":false},"author":1,"featured_media":0,"parent":0,"menu_order":0,"comment_status":"closed","ping_status":"closed","template":"","meta":{"_acf_changed":false,"footnotes":""},"class_list":["post-1416","page","type-page","status-publish","hentry"],"acf":[],"yoast_head":"<!-- This site is optimized with the Yoast SEO plugin v27.0 - https:\/\/yoast.com\/product\/yoast-seo-wordpress\/ -->\n<title>Jeux aquatiques - Parc Octopus<\/title>\n<meta name=\"description\" content=\"Parc aquatique du Parc Octopus, tarifs, frais entr\u00e9e, horaire du parc aquatique flottant, r\u00e8glements et activit\u00e9s sur place.\" \/>\n<meta name=\"robots\" content=\"index, follow, max-snippet:-1, max-image-preview:large, max-video-preview:-1\" \/>\n<link rel=\"canonical\" href=\"https:\/\/parcoctopus.com\/\/jeux-aquatiques\/\" \/>\n<meta property=\"og:locale\" content=\"fr_FR\" \/>\n<meta property=\"og:type\" content=\"article\" \/>\n<meta property=\"og:title\" content=\"Jeux aquatiques - Parc Octopus\" \/>\n<meta property=\"og:description\" content=\"Parc aquatique du Parc Octopus, tarifs, frais entr\u00e9e, horaire du parc aquatique flottant, r\u00e8glements et activit\u00e9s sur place.\" \/>\n<meta property=\"og:url\" content=\"https:\/\/parcoctopus.com\/\/jeux-aquatiques\/\" \/>\n<meta property=\"og:site_name\" content=\"Parc Octopus\" \/>\n<meta property=\"article:modified_time\" content=\"2026-03-11T19:55:40+00:00\" \/>\n<meta property=\"og:image\" content=\"https:\/\/parcoctopus.com\/app\/uploads\/2021\/05\/opengraphnew.jpg\" \/>\n\t<meta property=\"og:image:width\" content=\"1200\" \/>\n\t<meta property=\"og:image:height\" content=\"630\" \/>\n\t<meta property=\"og:image:type\" content=\"image\/jpeg\" \/>\n<meta name=\"twitter:card\" content=\"summary_large_image\" \/>\n<!-- \/ Yoast SEO plugin. -->","yoast_head_json":{"title":"Jeux aquatiques - Parc Octopus","description":"Parc aquatique du Parc Octopus, tarifs, frais entr\u00e9e, horaire du parc aquatique flottant, r\u00e8glements et activit\u00e9s sur place.","robots":{"index":"index","follow":"follow","max-snippet":"max-snippet:-1","max-image-preview":"max-image-preview:large","max-video-preview":"max-video-preview:-1"},"canonical":"https:\/\/parcoctopus.com\/\/jeux-aquatiques\/","og_locale":"fr_FR","og_type":"article","og_title":"Jeux aquatiques - Parc Octopus","og_description":"Parc aquatique du Parc Octopus, tarifs, frais entr\u00e9e, horaire du parc aquatique flottant, r\u00e8glements et activit\u00e9s sur place.","og_url":"https:\/\/parcoctopus.com\/\/jeux-aquatiques\/","og_site_name":"Parc Octopus","article_modified_time":"2026-03-11T19:55:40+00:00","og_image":[{"width":1200,"height":630,"url":"https:\/\/parcoctopus.com\/app\/uploads\/2021\/05\/opengraphnew.jpg","type":"image\/jpeg"}],"twitter_card":"summary_large_image","schema":{"@context":"https:\/\/schema.org","@graph":[{"@type":"WebPage","@id":"https:\/\/parcoctopus.com\/\/jeux-aquatiques\/","url":"https:\/\/parcoctopus.com\/\/jeux-aquatiques\/","name":"Jeux aquatiques - Parc Octopus","isPartOf":{"@id":"https:\/\/parcoctopus.com\/#website"},"datePublished":"2021-03-10T21:20:15+00:00","dateModified":"2026-03-11T19:55:40+00:00","description":"Parc aquatique du Parc Octopus, tarifs, frais entr\u00e9e, horaire du parc aquatique flottant, r\u00e8glements et activit\u00e9s sur place.","inLanguage":"fr-FR","potentialAction":[{"@type":"ReadAction","target":["https:\/\/parcoctopus.com\/\/jeux-aquatiques\/"]}]},{"@type":"WebSite","@id":"https:\/\/parcoctopus.com\/#website","url":"https:\/\/parcoctopus.com\/","name":"Parc Octopus","description":"H\u00e9bergement, camping, parc aquatique","potentialAction":[{"@type":"SearchAction","target":{"@type":"EntryPoint","urlTemplate":"https:\/\/parcoctopus.com\/?s={search_term_string}"},"query-input":{"@type":"PropertyValueSpecification","valueRequired":true,"valueName":"search_term_string"}}],"inLanguage":"fr-FR"}]}},"_links":{"self":[{"href":"https:\/\/parcoctopus.com\/es\/wp-json\/wp\/v2\/pages\/1416","targetHints":{"allow":["GET"]}}],"collection":[{"href":"https:\/\/parcoctopus.com\/es\/wp-json\/wp\/v2\/pages"}],"about":[{"href":"https:\/\/parcoctopus.com\/es\/wp-json\/wp\/v2\/types\/page"}],"author":[{"embeddable":true,"href":"https:\/\/parcoctopus.com\/es\/wp-json\/wp\/v2\/users\/1"}],"replies":[{"embeddable":true,"href":"https:\/\/parcoctopus.com\/es\/wp-json\/wp\/v2\/comments?post=1416"}],"version-history":[{"count":256,"href":"https:\/\/parcoctopus.com\/es\/wp-json\/wp\/v2\/pages\/1416\/revisions"}],"predecessor-version":[{"id":34720,"href":"https:\/\/parcoctopus.com\/es\/wp-json\/wp\/v2\/pages\/1416\/revisions\/34720"}],"wp:attachment":[{"href":"https:\/\/parcoctopus.com\/es\/wp-json\/wp\/v2\/media?parent=1416"}],"curies":[{"name":"wp","href":"https:\/\/api.w.org\/{rel}","templated":true}]}}