{"id":1978,"date":"2021-04-06T17:47:31","date_gmt":"2021-04-06T17:47:31","guid":{"rendered":"https:\/\/parcoctopus.com\/?page_id=1978"},"modified":"2026-03-11T11:13:46","modified_gmt":"2026-03-11T15:13:46","slug":"foire-aux-questions","status":"publish","type":"page","link":"https:\/\/parcoctopus.com\/es\/foire-aux-questions\/","title":{"rendered":"Foire aux questions"},"content":{"rendered":"\n<section  class=\"block block-accordion block--light block--limit10\"  >\n\t\t<div class=\"block__inner\">\n        <div class=\"grid\">\n            <div class=\"row\">\n                <div class=\"col\">\n                                        \t\t\t\t\t                        <div class=\"block-accordion__items\">\n                                                            <div class=\"block-accordion__item  block--limit6\">\n                                    <div class=\"block-accordion__item__title \">Est ce que les chambres poss\u00e8dent une salle de bain?<\/div>\n                                    <div class=\"block-accordion__item__text\" >\n                                        <p>Oui, toutes les chambres ont une salle de bain ind\u00e9pendante, bain et douche.<\/p>\n                                                                            <\/div>\n                                <\/div>\n                                                            <div class=\"block-accordion__item  block--limit6\">\n                                    <div class=\"block-accordion__item__title \">Est ce que la literie est incluse?<\/div>\n                                    <div class=\"block-accordion__item__text\" >\n                                        <p>Oui la literie est incluse dans tous nos h\u00e9bergements, de m\u00eame que vaisselle, ustensile et po\u00eale.<\/p>\n                                                                            <\/div>\n                                <\/div>\n                                                            <div class=\"block-accordion__item  block--limit6\">\n                                    <div class=\"block-accordion__item__title \">Dois-je surveiller mes enfants sur le parc aquatique?<\/div>\n                                    <div class=\"block-accordion__item__text\" >\n                                        <p>Si votre enfant \u00e0 plus de 8 ans, il sera en mesure de faire le parcours sans votre aide et notre \u00e9quipe de sauveteurs s&rsquo;occupent de la s\u00e9curit\u00e9 de tous.\u00a0 Ils re\u00e7oivent des formations sp\u00e9cifiques pour ce genre d&rsquo;activit\u00e9 en d\u00e9but de saison et ont tous une certification reconnu par la soci\u00e9t\u00e9 de sauvetage du Qu\u00e9bec.<\/p>\n                                                                            <\/div>\n                                <\/div>\n                                                            <div class=\"block-accordion__item  block--limit6\">\n                                    <div class=\"block-accordion__item__title \">L&rsquo;achat du billet en ligne est-il obligatoire?<\/div>\n                                    <div class=\"block-accordion__item__text\" >\n                                        <p>Oui vous devez acheter votre billet ici\u00a0<a href=\"https:\/\/parcoctopus.com\/reservation-billet\/\">https:\/\/parcoctopus.com\/reservation-billet\/<\/a>\u00a0 avant votre visite.\u00a0 Les clients h\u00e9berg\u00e9s sur le site n&rsquo;ont pas besoin de faire l&rsquo;achat en ligne, car ils ont acc\u00e8s \u00e0 des forfaits avantageux sur place directement.<\/p>\n                                                                            <\/div>\n                                <\/div>\n                                                            <div class=\"block-accordion__item  block--limit6\">\n                                    <div class=\"block-accordion__item__title \">Les animaux sont t\u2019ils accept\u00e9s sur le site?<\/div>\n                                    <div class=\"block-accordion__item__text\" >\n                                        <p>Les animaux ne sont pas admis dans les h\u00e9bergements en chambre et chalet.<\/p>\n                                                                            <\/div>\n                                <\/div>\n                                                            <div class=\"block-accordion__item  block--limit6\">\n                                    <div class=\"block-accordion__item__title \">\u00c0 partir de quelle \u00e2ge les enfants peuvent aller sur le parc aquatique flottant?<\/div>\n                                    <div class=\"block-accordion__item__text\" >\n                                        <p>Selon les normes de s\u00e9curit\u00e9, nous demandons un minimum de 43 pouces, et ce, m\u00eame accompagn\u00e9 d\u2019un parent.\u00a0 Tous les enfants de 8 ans et moins doivent \u00eatre accompagn\u00e9s.<\/p>\n                                                                            <\/div>\n                                <\/div>\n                                                            <div class=\"block-accordion__item  block--limit6\">\n                                    <div class=\"block-accordion__item__title \">Pouvons nous apporter nos propres vestes de sauvetage?<\/div>\n                                    <div class=\"block-accordion__item__text\" >\n                                        <p>Non, nous fournissons les vestes de sauvetages et seulement celle ci sont accept\u00e9.<\/p>\n                                                                            <\/div>\n                                <\/div>\n                                                            <div class=\"block-accordion__item  block--limit6\">\n                                    <div class=\"block-accordion__item__title \">Est-ce que le parc sera ouvert en cas de mauvaise temp\u00e9rature?<\/div>\n                                    <div class=\"block-accordion__item__text\" >\n                                        <p>Lors d\u2019un orage ou \u00e9clair, nous ferons la fermeture temporaire du jeu pour 30 minutes.\u00a0 \u00a0La pluie n&#8217;emp\u00eache pas l&rsquo;op\u00e9ration du jeu, nous avons d&rsquo;ailleurs des combinaisons en n\u00e9opr\u00e8ne disponible en location afin d&rsquo;am\u00e9liorer votre confort.\u00a0 Si la temp\u00e9rature ne permet pas d&rsquo;op\u00e9rer le jeu s\u00e9curitairement (vent ou pluie forte) nous en ferons l&rsquo;annonce t\u00f4t en d\u00e9but de journ\u00e9e et devrons fermer jusqu&rsquo;\u00e0 ce que les conditions s&rsquo;am\u00e9liorent.<\/p>\n                                                                            <\/div>\n                                <\/div>\n                                                            <div class=\"block-accordion__item  block--limit6\">\n                                    <div class=\"block-accordion__item__title \">Serons-nous rembours\u00e9s en cas de mauvais temps?<\/div>\n                                    <div class=\"block-accordion__item__text\" >\n                                        <p>Si plus d&rsquo;une heure s&rsquo;est \u00e9coul\u00e9e depuis l&rsquo;achat de votre billet, il n&rsquo;y aura pas de remboursement possible,\u00a0 si moins d&rsquo;une heure pr\u00e9sentez-vous \u00e0 la r\u00e9ception pour un remboursement.\u00a0 Il est donc important de conserver votre coupon de caisse lors des journ\u00e9es orageuses.<\/p>\n                                                                            <\/div>\n                                <\/div>\n                                                            <div class=\"block-accordion__item  block--limit6\">\n                                    <div class=\"block-accordion__item__title \">Avez-vous une plage sur le site?<\/div>\n                                    <div class=\"block-accordion__item__text\" >\n                                        <p>Nous n\u2019avons aucune espace plage sur le site, mais il y en a plusieurs \u00e0 proximit\u00e9,\u00a0 vous pouvez \u00e9galement profiter de nos espaces d\u00e9tentes sur les quais tout pr\u00eat du jeu aquatique et notre zone jeu.<\/p>\n                                                                            <\/div>\n                                <\/div>\n                                                            <div class=\"block-accordion__item  block--limit6\">\n                                    <div class=\"block-accordion__item__title \">Est-ce possible de regarder nos enfants sans \u00eatre sur le parc aquatique?<\/div>\n                                    <div class=\"block-accordion__item__text\" >\n                                        <p>Oui, acheter dans ce cas un billet visiteur sur notre billetterie en ligne,\u00a0 un espace sur les quais pr\u00e8s du parc aquatique vous permet de vous installer confortablement.\u00a0 Par contre vos enfants doivent \u00eatre \u00e2g\u00e9s de plus de 8 ans pour \u00eatre seuls sur le jeu.<\/p>\n                                                                            <\/div>\n                                <\/div>\n                                                    <\/div>\n                    \t\t\t\t<\/div>\n            <\/div>\n        <\/div>\n\t<\/div>\n<\/section>\n\n\n<section  class=\"block block-image block--light\"  >\n                    <div class=\"block__bg\">\n                \n                <div class=\"block__bg__img\" style=\"background-image:url(https:\/\/parcoctopus.com\/app\/uploads\/2021\/04\/ER-09095-TWIST_bleu.jpg);\"><\/div>\n            <\/div>                <div class=\"block__inner\">\n                    <div class=\"grid\">\n                        <div class=\"row\">\n                            <div class=\"col\">\n                            <\/div>\n                        <\/div>\n                    <\/div>\n                <\/div>\n            <\/section>\n","protected":false},"excerpt":{"rendered":"","protected":false},"author":1,"featured_media":0,"parent":0,"menu_order":0,"comment_status":"closed","ping_status":"closed","template":"","meta":{"_acf_changed":false,"footnotes":""},"class_list":["post-1978","page","type-page","status-publish","hentry"],"acf":[],"yoast_head":"<!-- This site is optimized with the Yoast SEO plugin v27.0 - https:\/\/yoast.com\/product\/yoast-seo-wordpress\/ -->\n<title>Foire aux questions - Parc Octopus<\/title>\n<meta name=\"description\" content=\"Foire au questions Parc Octopus, vous trouverez ici les questions et r\u00e9ponses les plus souvent demand\u00e9 par nos clients.\" \/>\n<meta name=\"robots\" content=\"index, follow, max-snippet:-1, max-image-preview:large, max-video-preview:-1\" \/>\n<link rel=\"canonical\" href=\"https:\/\/parcoctopus.com\/\/foire-aux-questions\/\" \/>\n<meta property=\"og:locale\" content=\"fr_FR\" \/>\n<meta property=\"og:type\" content=\"article\" \/>\n<meta property=\"og:title\" content=\"Foire aux questions - Parc Octopus\" \/>\n<meta property=\"og:description\" content=\"Foire au questions Parc Octopus, vous trouverez ici les questions et r\u00e9ponses les plus souvent demand\u00e9 par nos clients.\" \/>\n<meta property=\"og:url\" content=\"https:\/\/parcoctopus.com\/\/foire-aux-questions\/\" \/>\n<meta property=\"og:site_name\" content=\"Parc Octopus\" \/>\n<meta property=\"article:modified_time\" content=\"2026-03-11T15:13:46+00:00\" \/>\n<meta property=\"og:image\" content=\"https:\/\/parcoctopus.com\/app\/uploads\/2021\/05\/opengraphnew.jpg\" \/>\n\t<meta property=\"og:image:width\" content=\"1200\" \/>\n\t<meta property=\"og:image:height\" content=\"630\" \/>\n\t<meta property=\"og:image:type\" content=\"image\/jpeg\" \/>\n<meta name=\"twitter:card\" content=\"summary_large_image\" \/>\n<!-- \/ Yoast SEO plugin. -->","yoast_head_json":{"title":"Foire aux questions - Parc Octopus","description":"Foire au questions Parc Octopus, vous trouverez ici les questions et r\u00e9ponses les plus souvent demand\u00e9 par nos clients.","robots":{"index":"index","follow":"follow","max-snippet":"max-snippet:-1","max-image-preview":"max-image-preview:large","max-video-preview":"max-video-preview:-1"},"canonical":"https:\/\/parcoctopus.com\/\/foire-aux-questions\/","og_locale":"fr_FR","og_type":"article","og_title":"Foire aux questions - Parc Octopus","og_description":"Foire au questions Parc Octopus, vous trouverez ici les questions et r\u00e9ponses les plus souvent demand\u00e9 par nos clients.","og_url":"https:\/\/parcoctopus.com\/\/foire-aux-questions\/","og_site_name":"Parc Octopus","article_modified_time":"2026-03-11T15:13:46+00:00","og_image":[{"width":1200,"height":630,"url":"https:\/\/parcoctopus.com\/app\/uploads\/2021\/05\/opengraphnew.jpg","type":"image\/jpeg"}],"twitter_card":"summary_large_image","schema":{"@context":"https:\/\/schema.org","@graph":[{"@type":"WebPage","@id":"https:\/\/parcoctopus.com\/\/foire-aux-questions\/","url":"https:\/\/parcoctopus.com\/\/foire-aux-questions\/","name":"Foire aux questions - Parc Octopus","isPartOf":{"@id":"https:\/\/parcoctopus.com\/#website"},"datePublished":"2021-04-06T17:47:31+00:00","dateModified":"2026-03-11T15:13:46+00:00","description":"Foire au questions Parc Octopus, vous trouverez ici les questions et r\u00e9ponses les plus souvent demand\u00e9 par nos clients.","inLanguage":"fr-FR","potentialAction":[{"@type":"ReadAction","target":["https:\/\/parcoctopus.com\/\/foire-aux-questions\/"]}]},{"@type":"WebSite","@id":"https:\/\/parcoctopus.com\/#website","url":"https:\/\/parcoctopus.com\/","name":"Parc Octopus","description":"H\u00e9bergement, camping, parc aquatique","potentialAction":[{"@type":"SearchAction","target":{"@type":"EntryPoint","urlTemplate":"https:\/\/parcoctopus.com\/?s={search_term_string}"},"query-input":{"@type":"PropertyValueSpecification","valueRequired":true,"valueName":"search_term_string"}}],"inLanguage":"fr-FR"}]}},"_links":{"self":[{"href":"https:\/\/parcoctopus.com\/es\/wp-json\/wp\/v2\/pages\/1978","targetHints":{"allow":["GET"]}}],"collection":[{"href":"https:\/\/parcoctopus.com\/es\/wp-json\/wp\/v2\/pages"}],"about":[{"href":"https:\/\/parcoctopus.com\/es\/wp-json\/wp\/v2\/types\/page"}],"author":[{"embeddable":true,"href":"https:\/\/parcoctopus.com\/es\/wp-json\/wp\/v2\/users\/1"}],"replies":[{"embeddable":true,"href":"https:\/\/parcoctopus.com\/es\/wp-json\/wp\/v2\/comments?post=1978"}],"version-history":[{"count":47,"href":"https:\/\/parcoctopus.com\/es\/wp-json\/wp\/v2\/pages\/1978\/revisions"}],"predecessor-version":[{"id":34695,"href":"https:\/\/parcoctopus.com\/es\/wp-json\/wp\/v2\/pages\/1978\/revisions\/34695"}],"wp:attachment":[{"href":"https:\/\/parcoctopus.com\/es\/wp-json\/wp\/v2\/media?parent=1978"}],"curies":[{"name":"wp","href":"https:\/\/api.w.org\/{rel}","templated":true}]}}