{"id":26671,"date":"2024-12-12T13:52:25","date_gmt":"2024-12-12T18:52:25","guid":{"rendered":"https:\/\/parcoctopus.com\/?page_id=26671"},"modified":"2025-12-17T14:39:18","modified_gmt":"2025-12-17T19:39:18","slug":"forfait-motoneige","status":"publish","type":"page","link":"https:\/\/parcoctopus.com\/es\/forfait-motoneige\/","title":{"rendered":"Forfait motoneige au Lac-Saint-Jean"},"content":{"rendered":"\n<section id=\"profitez-dun-hebergement\" class=\"block block-image-side block--winter block-image-side--mode-grid block--side-right block--size-6\"  >\n                <div class=\"block__inner\">\n            <div class=\"grid grid--medium-gutters \">\n                    <div class=\"row row--sm-top\">\n                    <div class=\"col col--xl-6 col--xs-12 col--img col--img--image\">\n                        <div class=\"image image--photo image--right image--full  wow slideInRight\" >\n                                                                <img loading=\"lazy\" decoding=\"async\" width=\"900\" height=\"1200\" src=\"https:\/\/parcoctopus.com\/app\/uploads\/2025\/09\/chalet-verticale.jpg\" class=\"attachment-610 size-610\" alt=\"chalet\" srcset=\"https:\/\/parcoctopus.com\/app\/uploads\/2025\/09\/chalet-verticale.jpg 900w, https:\/\/parcoctopus.com\/app\/uploads\/2025\/09\/chalet-verticale-600x800.jpg 600w, https:\/\/parcoctopus.com\/app\/uploads\/2025\/09\/chalet-verticale-225x300.jpg 225w, https:\/\/parcoctopus.com\/app\/uploads\/2025\/09\/chalet-verticale-768x1024.jpg 768w\" sizes=\"auto, (max-width: 900px) 100vw, 900px\" \/>                                                                                            <\/div>\n                        <\/div>\n                    <div class=\"col col--xl-6 col--xs-12 col--info\">\n                        <div class=\"info\">\n                                                            <h2>Profitez d\u2019un h\u00e9bergement con\u00e7u pour les motoneigistes<\/h2>\n                                                        \t\t\t\t\t\t\t\t<p>Nos chalets adapt\u00e9s aux motoneigistes au Saguenay\u2013Lac-Saint-Jean offrent tout le n\u00e9cessaire pour un s\u00e9jour confortable et pratique. Vous b\u00e9n\u00e9ficierez d\u2019un stationnement s\u00e9curis\u00e9 pour vos motoneiges, d\u2019un acc\u00e8s direct aux sentiers, ainsi que d\u2019espaces chauff\u00e9s pour s\u00e9cher votre \u00e9quipement apr\u00e8s une journ\u00e9e sur la neige.<\/p>\n<p>Apr\u00e8s une aventure sur les sentiers, venez vous d\u00e9tendre dans nos chalets tout \u00e9quip\u00e9s, o\u00f9 vous pourrez profiter d&rsquo;une ambiance chaleureuse et de lits confortables pour une nuit reposante. Pour parfaire votre s\u00e9jour, notre zone spa et sauna vous attend pour un moment de relaxation bien m\u00e9rit\u00e9.<\/p>\n<p>Que vous soyez \u00e0 la recherche d\u2019un forfait tout inclus pour motoneige ou d\u2019un simple s\u00e9jour hivernal, notre offre est con\u00e7ue pour r\u00e9pondre aux besoins des motoneigistes, tout en vous permettant de d\u00e9couvrir la beaut\u00e9 de la r\u00e9gion dans un cadre paisible et adapt\u00e9.<\/p>\n                            \n                            <div class=\"lien\">\n                                                        <\/div>\n\n                        <\/div>\n                    <\/div>\n                <\/div>\n            <\/div>\n        <\/div>\n    \n<\/section>\n\n\n\n<section id=\"activites-sentiers-motoneige\" class=\"block block-default block--light block--limit8 \"  >\n        <div class=\"block__inner\">\n\t    <div class=\"grid \">\n\t        <div class=\"row\">\n\t            <div class=\"col col--\">\n\t                <div class=\"block-default__text\">\n\t                    \t                        <h2>Activit\u00e9s et sentiers de motoneige \u00e0 proximit\u00e9<\/h2>\n\t\t\t\t\t\t\t\t\t\t\t\t<div class=\"default-text-acf\">\n\t\t\t\t\t\t\t<p>Explorez les centaines de kilom\u00e8tres de sentiers entretenus avec soin, r\u00e9put\u00e9s pour leur qualit\u00e9 et leur s\u00e9curit\u00e9, qui vous offriront des moments inoubliables au c\u0153ur de l\u2019hiver. Ces sentiers sont accessibles directement depuis nos chalets, vous permettant de partir \u00e0 l\u2019aventure sans avoir \u00e0 transporter vos motoneiges.<\/p>\n<p>Parcourez des paysages \u00e0 couper le souffle, en traversant des for\u00eats enneig\u00e9es et des rivi\u00e8res gel\u00e9es, tout en profitant de vues imprenables sur le Lac Saint-Jean. Que vous soyez un motoneigiste exp\u00e9riment\u00e9 ou amateur, ces sentiers vous offriront une exp\u00e9rience unique et pleine de d\u00e9couvertes.<\/p>\n<p>L&rsquo;acc\u00e8s aux sentiers est directement accessible depuis notre site, ce qui vous permet de partir en toute simplicit\u00e9, sans tracas, pour explorer les paysages magnifiques de la r\u00e9gion.<\/p>\n\t\t\t\t\t\t\t\t\t\t\t\t\t<\/div>\n                    <\/div>\n                <\/div>\n            <\/div>\n        <\/div>\n    <\/div>\n<\/section>\n\n\n\n<section  class=\"block block-columns block--winter block--limit10 block--margin-\"  >\n    <div class=\"block__inner\">\n        <div class=\"grid \">\n\t                    <div class=\"row  row--all-text\">\n                \n                                            <div class=\"col col--xl-6  col--text\">\n                                                        <h2><span style=\"color: #ffb926;\">H\u00e9bergement en chambre et mini chalet<\/span><\/h2>\n<ul>\n<li style=\"list-style-type: none;\">\n<ul>\n<li>Chambre r\u00e9guli\u00e8re, quadruple ou familiale disponible en bloc de 4 chambres communicantes<\/li>\n<li>Mini chalet avec 2 chambres ferm\u00e9es et cuisine compl\u00e8te<\/li>\n<li>S\u00e9curis\u00e9 votre motoneige pour la nuit, cadenas et cha\u00eene sont fournit et disponible \u00e0 votre emplacement<\/li>\n<li>Accessible directement via le sentier Transqu\u00e9bec 83<\/li>\n<li>Garage pour pi\u00e8ce ou r\u00e9paration \u00e0 proximit\u00e9<\/li>\n<\/ul>\n<\/li>\n<\/ul>\n<p><a class=\"btn\" href=\"https:\/\/parcoctopus.com\/hebergement-hivernale\/\" target=\"\"><span class=\"btn__inner\">D\u00e9couvrir l&rsquo;h\u00e9bergement<\/span><\/a><\/p>\n<p>&nbsp;<\/p>\n                        <\/div>\n\n\n                                    \n                                            <div class=\"col col--xl-6  col--text\">\n                                                        <h2><span style=\"color: #ffb926;\">Forfait motoneige<\/span><\/h2>\n<ul>\n<li>\u00c0 partir de 175$\/nuit\u00e9e<\/li>\n<li>Nuit\u00e9e en chambre ou en mini chalet disponible<\/li>\n<li>Acc\u00e8s aux spas et sauna<\/li>\n<li>Boite-repas pour 2 ou 4 personnes \u00e0 pr\u00e9parer \u00e0 la chambre, incluant bi\u00e8res locales<\/li>\n<li>Option fondue chinois pour 4 personnes disponible en chalet<\/li>\n<li>Petit d\u00e9jeuner continental<\/li>\n<li>Caf\u00e9 \u00e0 la chambre<\/li>\n<li>Cadenas et chaine pour s\u00e9curiser votre motoneige<\/li>\n<\/ul>\n<p>Pour toute assistance, contactez-nous sur <a href=\"info@parcoctopus.com\">info@parcoctopus.com<\/a> ou au 581-221-2487<\/p>\n<p><a class=\"btn\" href=\"https:\/\/secure.reservit.com\/engine\/booking\/58\/471066\/dates?specialMode=default&amp;langcode=FR&amp;m=booking\" target=\"\"><span class=\"btn__inner\">R\u00e9server maintenant<\/span><\/a><\/p>\n                        <\/div>\n\n\n                                                <\/div>\n        <\/div>\n    <\/div>\n<\/section>\n\n\n\n<section id=\"carte-sentiers\" class=\"block block-image-side block--fix block--winter block-image-side--mode-grid block--side-right block--size-4\"  >\n                <div class=\"block__inner\">\n            <div class=\"grid grid--medium-gutters \">\n                    <div class=\"row row--sm-top\">\n                    <div class=\"col col--xl-4 col--xs-12 col--img col--img--image\">\n                        <div class=\"image image--photo image--right image--full  wow slideInRight\" >\n                                                                <img loading=\"lazy\" decoding=\"async\" width=\"300\" height=\"300\" src=\"https:\/\/parcoctopus.com\/app\/uploads\/2024\/10\/motoneigesite-web.jpg\" class=\"attachment-610 size-610\" alt=\"\" srcset=\"https:\/\/parcoctopus.com\/app\/uploads\/2024\/10\/motoneigesite-web.jpg 300w, https:\/\/parcoctopus.com\/app\/uploads\/2024\/10\/motoneigesite-web-100x100.jpg 100w, https:\/\/parcoctopus.com\/app\/uploads\/2024\/10\/motoneigesite-web-150x150.jpg 150w\" sizes=\"auto, (max-width: 300px) 100vw, 300px\" \/>                                                                                            <\/div>\n                        <\/div>\n                    <div class=\"col col--xl-8 col--xs-12 col--info\">\n                        <div class=\"info\">\n                                                            <h2>Carte des sentiers<\/h2>\n                                                        \t\t\t\t\t\t\t\t<p>D\u00e9couvrez ici tous les sentiers de motoneige ainsi que les conditions de sentier<\/p>\n<p><a class=\"btn\" href=\"https:\/\/www.fcmq.qc.ca\/motoneigistes\/planifier-sortie-motoneige-quebec\/carte-interactive-sentiers-motoneige\" target=\"\"><span class=\"btn__inner\">Carte interactive FCMQ<\/span><\/a><\/p>\n                            \n                            <div class=\"lien\">\n                                                        <\/div>\n\n                        <\/div>\n                    <\/div>\n                <\/div>\n            <\/div>\n        <\/div>\n    \n<\/section>\n\n\n\n<section  class=\"block block-slideshow block--light block--indented block--limit10\"  >\n    <div class=\"block__inner\">\n        \n        <div class=\"slider--autoplay slick\" data-slidesToShow=\"3\">\n                            <div class=\"block-slider__slide\">\n\n                <div class=\"block-slider__slide__image\" role=\"img\" aria-label=\"\" style=\"background-image: url('https:\/\/parcoctopus.com\/app\/uploads\/2025\/09\/chalet-verticale.jpg')\">\n                                    <\/div>\n\n                \n            <\/div>\n                                <div class=\"block-slider__slide\">\n\n                <div class=\"block-slider__slide__image\" role=\"img\" aria-label=\"\" style=\"background-image: url('https:\/\/parcoctopus.com\/app\/uploads\/2024\/10\/chalet-int1.jpg')\">\n                                    <\/div>\n\n                \n            <\/div>\n                                <div class=\"block-slider__slide\">\n\n                <div class=\"block-slider__slide__image\" role=\"img\" aria-label=\"\" style=\"background-image: url('https:\/\/parcoctopus.com\/app\/uploads\/2025\/09\/cuisine-chalet.jpg')\">\n                                    <\/div>\n\n                \n            <\/div>\n                                <div class=\"block-slider__slide\">\n\n                <div class=\"block-slider__slide__image\" role=\"img\" aria-label=\"\" style=\"background-image: url('https:\/\/parcoctopus.com\/app\/uploads\/2024\/03\/chambre-exttiny.jpg')\">\n                                    <\/div>\n\n                \n            <\/div>\n                                <div class=\"block-slider__slide\">\n\n                <div class=\"block-slider__slide__image\" role=\"img\" aria-label=\"\" style=\"background-image: url('https:\/\/parcoctopus.com\/app\/uploads\/2024\/11\/rue-centrale-tiny.jpg')\">\n                                    <\/div>\n\n                \n            <\/div>\n                                <div class=\"block-slider__slide\">\n\n                <div class=\"block-slider__slide__image\" role=\"img\" aria-label=\"\" style=\"background-image: url('https:\/\/parcoctopus.com\/app\/uploads\/2024\/10\/chambre-quad1.jpg')\">\n                                    <\/div>\n\n                \n            <\/div>\n                                <div class=\"block-slider__slide\">\n\n                <div class=\"block-slider__slide__image\" role=\"img\" aria-label=\"\" style=\"background-image: url('https:\/\/parcoctopus.com\/app\/uploads\/2023\/12\/chambre-lit.jpg')\">\n                                    <\/div>\n\n                \n            <\/div>\n                                <div class=\"block-slider__slide\">\n\n                <div class=\"block-slider__slide__image\" role=\"img\" aria-label=\"\" style=\"background-image: url('https:\/\/parcoctopus.com\/app\/uploads\/2024\/11\/20241118_163109.jpg')\">\n                                    <\/div>\n\n                \n            <\/div>\n                            <\/div>\n    <\/div>\n<\/section>\n\n\n\n\n\n<section id=\"reservez-votre-sejour\" class=\"block block-default block--blue block--limit8 \"  >\n        <div class=\"block__inner\">\n\t    <div class=\"grid \">\n\t        <div class=\"row\">\n\t            <div class=\"col col--\">\n\t                <div class=\"block-default__text\">\n\t                    \t                        <h2> R\u00e9servez votre s\u00e9jour d\u00e8s maintenant!<\/h2>\n\t\t\t\t\t\t\t\t\t\t\t\t<div class=\"default-text-acf\">\n\t\t\t\t\t\t\t<p>Ne manquez pas l&rsquo;opportunit\u00e9 de vivre une exp\u00e9rience inoubliable en motoneige au Saguenay\u2013Lac-Saint-Jean. Profitez de nos h\u00e9bergements adapt\u00e9s aux motoneigistes, de l&rsquo;acc\u00e8s direct aux sentiers et de la beaut\u00e9 des paysages hivernaux. R\u00e9servez d\u00e8s maintenant votre forfait motoneige et pr\u00e9parez-vous pour une aventure exceptionnelle.<\/p>\n<p><a class=\"btn\" href=\"https:\/\/secure.reservit.com\/engine\/booking\/58\/471066\/dates?specialMode=default&amp;langcode=FR&amp;m=booking\" target=\"_blank\" rel=\"noopener\"><span class=\"btn__inner\">R\u00e9servez votre forfait motoneige au Lac Saint-Jean<\/span><\/a><\/p>\n\t\t\t\t\t\t\t\t\t\t\t\t\t<\/div>\n                    <\/div>\n                <\/div>\n            <\/div>\n        <\/div>\n    <\/div>\n<\/section>\n","protected":false},"excerpt":{"rendered":"","protected":false},"author":445,"featured_media":0,"parent":0,"menu_order":0,"comment_status":"closed","ping_status":"closed","template":"","meta":{"_acf_changed":false,"footnotes":""},"class_list":["post-26671","page","type-page","status-publish","hentry"],"acf":[],"yoast_head":"<!-- This site is optimized with the Yoast SEO plugin v27.0 - https:\/\/yoast.com\/product\/yoast-seo-wordpress\/ -->\n<title>Forfait motoneige au Lac-Saint-Jean - Parc Octopus<\/title>\n<meta name=\"description\" content=\"R\u00e9servez votre forfait motoneige au Lac Saint-Jean : h\u00e9bergement confortable, acc\u00e8s direct aux sentiers et d\u00e9tente apr\u00e8s vos aventures. Id\u00e9al pour un s\u00e9jour d\u2019hiver inoubliable.\" \/>\n<meta name=\"robots\" content=\"noindex, nofollow\" \/>\n<meta property=\"og:locale\" content=\"fr_FR\" \/>\n<meta property=\"og:type\" content=\"article\" \/>\n<meta property=\"og:title\" content=\"Forfait motoneige au Lac-Saint-Jean - Parc Octopus\" \/>\n<meta property=\"og:description\" content=\"R\u00e9servez votre forfait motoneige au Lac Saint-Jean : h\u00e9bergement confortable, acc\u00e8s direct aux sentiers et d\u00e9tente apr\u00e8s vos aventures. Id\u00e9al pour un s\u00e9jour d\u2019hiver inoubliable.\" \/>\n<meta property=\"og:url\" content=\"https:\/\/parcoctopus.com\/\/forfait-motoneige\/\" \/>\n<meta property=\"og:site_name\" content=\"Parc Octopus\" \/>\n<meta property=\"article:modified_time\" content=\"2025-12-17T19:39:18+00:00\" \/>\n<meta property=\"og:image\" content=\"https:\/\/parcoctopus.com\/app\/uploads\/2021\/05\/opengraphnew.jpg\" \/>\n\t<meta property=\"og:image:width\" content=\"1200\" \/>\n\t<meta property=\"og:image:height\" content=\"630\" \/>\n\t<meta property=\"og:image:type\" content=\"image\/jpeg\" \/>\n<meta name=\"twitter:card\" content=\"summary_large_image\" \/>\n<!-- \/ Yoast SEO plugin. -->","yoast_head_json":{"title":"Forfait motoneige au Lac-Saint-Jean - Parc Octopus","description":"R\u00e9servez votre forfait motoneige au Lac Saint-Jean : h\u00e9bergement confortable, acc\u00e8s direct aux sentiers et d\u00e9tente apr\u00e8s vos aventures. Id\u00e9al pour un s\u00e9jour d\u2019hiver inoubliable.","robots":{"index":"noindex","follow":"nofollow"},"og_locale":"fr_FR","og_type":"article","og_title":"Forfait motoneige au Lac-Saint-Jean - Parc Octopus","og_description":"R\u00e9servez votre forfait motoneige au Lac Saint-Jean : h\u00e9bergement confortable, acc\u00e8s direct aux sentiers et d\u00e9tente apr\u00e8s vos aventures. Id\u00e9al pour un s\u00e9jour d\u2019hiver inoubliable.","og_url":"https:\/\/parcoctopus.com\/\/forfait-motoneige\/","og_site_name":"Parc Octopus","article_modified_time":"2025-12-17T19:39:18+00:00","og_image":[{"width":1200,"height":630,"url":"https:\/\/parcoctopus.com\/app\/uploads\/2021\/05\/opengraphnew.jpg","type":"image\/jpeg"}],"twitter_card":"summary_large_image","schema":{"@context":"https:\/\/schema.org","@graph":[{"@type":"WebPage","@id":"https:\/\/parcoctopus.com\/\/forfait-motoneige\/","url":"https:\/\/parcoctopus.com\/\/forfait-motoneige\/","name":"Forfait motoneige au Lac-Saint-Jean - Parc Octopus","isPartOf":{"@id":"https:\/\/parcoctopus.com\/#website"},"datePublished":"2024-12-12T18:52:25+00:00","dateModified":"2025-12-17T19:39:18+00:00","description":"R\u00e9servez votre forfait motoneige au Lac Saint-Jean : h\u00e9bergement confortable, acc\u00e8s direct aux sentiers et d\u00e9tente apr\u00e8s vos aventures. Id\u00e9al pour un s\u00e9jour d\u2019hiver inoubliable.","inLanguage":"fr-FR","potentialAction":[{"@type":"ReadAction","target":["https:\/\/parcoctopus.com\/\/forfait-motoneige\/"]}]},{"@type":"WebSite","@id":"https:\/\/parcoctopus.com\/#website","url":"https:\/\/parcoctopus.com\/","name":"Parc Octopus","description":"H\u00e9bergement, camping, parc aquatique","potentialAction":[{"@type":"SearchAction","target":{"@type":"EntryPoint","urlTemplate":"https:\/\/parcoctopus.com\/?s={search_term_string}"},"query-input":{"@type":"PropertyValueSpecification","valueRequired":true,"valueName":"search_term_string"}}],"inLanguage":"fr-FR"}]}},"_links":{"self":[{"href":"https:\/\/parcoctopus.com\/es\/wp-json\/wp\/v2\/pages\/26671","targetHints":{"allow":["GET"]}}],"collection":[{"href":"https:\/\/parcoctopus.com\/es\/wp-json\/wp\/v2\/pages"}],"about":[{"href":"https:\/\/parcoctopus.com\/es\/wp-json\/wp\/v2\/types\/page"}],"author":[{"embeddable":true,"href":"https:\/\/parcoctopus.com\/es\/wp-json\/wp\/v2\/users\/445"}],"replies":[{"embeddable":true,"href":"https:\/\/parcoctopus.com\/es\/wp-json\/wp\/v2\/comments?post=26671"}],"version-history":[{"count":39,"href":"https:\/\/parcoctopus.com\/es\/wp-json\/wp\/v2\/pages\/26671\/revisions"}],"predecessor-version":[{"id":34554,"href":"https:\/\/parcoctopus.com\/es\/wp-json\/wp\/v2\/pages\/26671\/revisions\/34554"}],"wp:attachment":[{"href":"https:\/\/parcoctopus.com\/es\/wp-json\/wp\/v2\/media?parent=26671"}],"curies":[{"name":"wp","href":"https:\/\/api.w.org\/{rel}","templated":true}]}}