{"id":4302,"date":"2022-03-09T17:04:11","date_gmt":"2022-03-09T17:04:11","guid":{"rendered":"https:\/\/parcoctopus.com\/?page_id=4302"},"modified":"2026-01-28T11:43:53","modified_gmt":"2026-01-28T16:43:53","slug":"reservation","status":"publish","type":"page","link":"https:\/\/parcoctopus.com\/es\/reservation\/","title":{"rendered":"R\u00e9servation"},"content":{"rendered":"\n<section  class=\"block block-default block--light block--limit12 \"  >\n        <div class=\"block__inner\">\n\t    <div class=\"grid \">\n\t        <div class=\"row\">\n\t            <div class=\"col col--\">\n\t                <div class=\"block-default__text\">\n\t                    \t\t\t\t\t\t<div class=\"default-text-acf\">\n\t\t\t\t\t\t\t<h2 class=\"h2--mb0\" style=\"text-align: center;\">R\u00e9server un h\u00e9bergement<\/h2>\n<p style=\"text-align: center;\"><span class=\"btn__inner\"><a class=\"btn\" href=\"https:\/\/secure.reservit.com\/engine\/booking\/58\/471066\/dates?specialMode=default&amp;langcode=FR&amp;m=booking\" target=\"\"><span class=\"btn__inner\">R\u00e9servation h\u00e9bergement<\/span><\/a><\/span><\/p>\n\t\t\t\t\t\t\t\t\t\t\t\t\t<\/div>\n                    <\/div>\n                <\/div>\n            <\/div>\n        <\/div>\n    <\/div>\n<\/section>\n\n\n\n<section  class=\"block block-default block--dark block--limit12 \"  >\n        <div class=\"block__inner\">\n\t    <div class=\"grid \">\n\t        <div class=\"row\">\n\t            <div class=\"col col--\">\n\t                <div class=\"block-default__text\">\n\t                    \t\t\t\t\t\t<div class=\"default-text-acf\">\n\t\t\t\t\t\t\t<h2 class=\"h2--mb0\" style=\"text-align: center;\">Billetterie pour le parc aquatique<\/h2>\n<p style=\"text-align: center;\"><strong>* NOTE IMPORTANTE *<\/strong><\/p>\n<p style=\"text-align: center;\"><strong>*Achat du billet en ligne obligatoire*<\/strong><\/p>\n<p style=\"text-align: center;\">\u00a0Non remboursable et non d\u00e9pla\u00e7able, sauf si le parc est ferm\u00e9 pour la journ\u00e9e compl\u00e8te, vous serez rembourser automatiquement. Tous les participants doivent mesurer <strong>43 pouces minimum,\u00a0<\/strong>les enfants de moins de 7 ans doivent \u00eatre mesurer \u00e0 l&rsquo;accueil.<\/p>\n<p style=\"text-align: center;\"><span class=\"btn__inner\"><a class=\"btn\" href=\"https:\/\/parcoctopus.com\/reservation-billet\/\" target=\"\"><span class=\"btn__inner\">Billetterie<\/span><\/a><\/span><\/p>\n\t\t\t\t\t\t\t\t\t\t\t\t\t<\/div>\n                    <\/div>\n                <\/div>\n            <\/div>\n        <\/div>\n    <\/div>\n<\/section>\n","protected":false},"excerpt":{"rendered":"","protected":false},"author":1,"featured_media":0,"parent":0,"menu_order":0,"comment_status":"closed","ping_status":"closed","template":"","meta":{"_acf_changed":false,"footnotes":""},"class_list":["post-4302","page","type-page","status-publish","hentry"],"acf":[],"yoast_head":"<!-- This site is optimized with the Yoast SEO plugin v27.0 - https:\/\/yoast.com\/product\/yoast-seo-wordpress\/ -->\n<title>R\u00e9servation - Parc Octopus<\/title>\n<meta name=\"description\" content=\"R\u00e9servation de terrain de camping, r\u00e9servation de quais \u00e0 la marina, achat de billet pour les jeux aquatiques.\" \/>\n<meta name=\"robots\" content=\"index, follow, max-snippet:-1, max-image-preview:large, max-video-preview:-1\" \/>\n<link rel=\"canonical\" href=\"https:\/\/parcoctopus.com\/\/reservation\/\" \/>\n<meta property=\"og:locale\" content=\"fr_FR\" \/>\n<meta property=\"og:type\" content=\"article\" \/>\n<meta property=\"og:title\" content=\"R\u00e9servation - Parc Octopus\" \/>\n<meta property=\"og:description\" content=\"R\u00e9servation de terrain de camping, r\u00e9servation de quais \u00e0 la marina, achat de billet pour les jeux aquatiques.\" \/>\n<meta property=\"og:url\" content=\"https:\/\/parcoctopus.com\/\/reservation\/\" \/>\n<meta property=\"og:site_name\" content=\"Parc Octopus\" \/>\n<meta property=\"article:modified_time\" content=\"2026-01-28T16:43:53+00:00\" \/>\n<meta property=\"og:image\" content=\"https:\/\/parcoctopus.com\/app\/uploads\/2021\/05\/opengraphnew.jpg\" \/>\n\t<meta property=\"og:image:width\" content=\"1200\" \/>\n\t<meta property=\"og:image:height\" content=\"630\" \/>\n\t<meta property=\"og:image:type\" content=\"image\/jpeg\" \/>\n<meta name=\"twitter:card\" content=\"summary_large_image\" \/>\n<!-- \/ Yoast SEO plugin. -->","yoast_head_json":{"title":"R\u00e9servation - Parc Octopus","description":"R\u00e9servation de terrain de camping, r\u00e9servation de quais \u00e0 la marina, achat de billet pour les jeux aquatiques.","robots":{"index":"index","follow":"follow","max-snippet":"max-snippet:-1","max-image-preview":"max-image-preview:large","max-video-preview":"max-video-preview:-1"},"canonical":"https:\/\/parcoctopus.com\/\/reservation\/","og_locale":"fr_FR","og_type":"article","og_title":"R\u00e9servation - Parc Octopus","og_description":"R\u00e9servation de terrain de camping, r\u00e9servation de quais \u00e0 la marina, achat de billet pour les jeux aquatiques.","og_url":"https:\/\/parcoctopus.com\/\/reservation\/","og_site_name":"Parc Octopus","article_modified_time":"2026-01-28T16:43:53+00:00","og_image":[{"width":1200,"height":630,"url":"https:\/\/parcoctopus.com\/app\/uploads\/2021\/05\/opengraphnew.jpg","type":"image\/jpeg"}],"twitter_card":"summary_large_image","schema":{"@context":"https:\/\/schema.org","@graph":[{"@type":"WebPage","@id":"https:\/\/parcoctopus.com\/\/reservation\/","url":"https:\/\/parcoctopus.com\/\/reservation\/","name":"R\u00e9servation - Parc Octopus","isPartOf":{"@id":"https:\/\/parcoctopus.com\/#website"},"datePublished":"2022-03-09T17:04:11+00:00","dateModified":"2026-01-28T16:43:53+00:00","description":"R\u00e9servation de terrain de camping, r\u00e9servation de quais \u00e0 la marina, achat de billet pour les jeux aquatiques.","inLanguage":"fr-FR","potentialAction":[{"@type":"ReadAction","target":["https:\/\/parcoctopus.com\/\/reservation\/"]}]},{"@type":"WebSite","@id":"https:\/\/parcoctopus.com\/#website","url":"https:\/\/parcoctopus.com\/","name":"Parc Octopus","description":"H\u00e9bergement, camping, parc aquatique","potentialAction":[{"@type":"SearchAction","target":{"@type":"EntryPoint","urlTemplate":"https:\/\/parcoctopus.com\/?s={search_term_string}"},"query-input":{"@type":"PropertyValueSpecification","valueRequired":true,"valueName":"search_term_string"}}],"inLanguage":"fr-FR"}]}},"_links":{"self":[{"href":"https:\/\/parcoctopus.com\/es\/wp-json\/wp\/v2\/pages\/4302","targetHints":{"allow":["GET"]}}],"collection":[{"href":"https:\/\/parcoctopus.com\/es\/wp-json\/wp\/v2\/pages"}],"about":[{"href":"https:\/\/parcoctopus.com\/es\/wp-json\/wp\/v2\/types\/page"}],"author":[{"embeddable":true,"href":"https:\/\/parcoctopus.com\/es\/wp-json\/wp\/v2\/users\/1"}],"replies":[{"embeddable":true,"href":"https:\/\/parcoctopus.com\/es\/wp-json\/wp\/v2\/comments?post=4302"}],"version-history":[{"count":64,"href":"https:\/\/parcoctopus.com\/es\/wp-json\/wp\/v2\/pages\/4302\/revisions"}],"predecessor-version":[{"id":34596,"href":"https:\/\/parcoctopus.com\/es\/wp-json\/wp\/v2\/pages\/4302\/revisions\/34596"}],"wp:attachment":[{"href":"https:\/\/parcoctopus.com\/es\/wp-json\/wp\/v2\/media?parent=4302"}],"curies":[{"name":"wp","href":"https:\/\/api.w.org\/{rel}","templated":true}]}}